{"id":17765,"date":"2023-09-21T14:31:29","date_gmt":"2023-09-21T14:31:29","guid":{"rendered":"https:\/\/store.evolve-fitness.eu\/product\/bande-passante-evolve\/"},"modified":"2026-04-10T12:00:33","modified_gmt":"2026-04-10T12:00:33","slug":"bande-passante-evolve","status":"publish","type":"product","link":"https:\/\/store.evolve-fitness.eu\/fr\/produit\/bande-passante-evolve\/","title":{"rendered":"Bande passante Evolve"},"content":{"rendered":"\n<section class=\"wp-block-group alignfull has-lightgray-background-color has-background is-layout-constrained wp-block-group-is-layout-constrained\">\n<div class=\"wp-block-columns alignwide is-layout-flex wp-container-core-columns-is-layout-2edb0647 wp-block-columns-is-layout-flex\" style=\"margin-top:0;margin-bottom:0\">\n<div class=\"wp-block-column is-layout-flow wp-block-column-is-layout-flow\" style=\"flex-basis:33.33%\"><\/div>\n\n\n\n<div class=\"wp-block-column is-layout-flow wp-block-column-is-layout-flow\" style=\"flex-basis:66.66%\"><\/div>\n<\/div>\n<\/section>\n\n<section class=\"wp-block-group alignfull black-content has-white-color has-darkgray-background-color has-text-color has-background is-layout-constrained wp-block-group-is-layout-constrained\" style=\"padding-top:var(--wp--preset--spacing--section-bottom);padding-bottom:var(--wp--preset--spacing--section-bottom)\">\n<section class=\"wp-block-group alignfull black-content has-white-color has-darkgray-background-color has-text-color has-background is-layout-constrained wp-block-group-is-layout-constrained\" style=\"margin-bottom:0;padding-top:var(--wp--preset--spacing--tb-padding);padding-bottom:var(--wp--preset--spacing--tb-padding)\">\n<div class=\"wp-block-columns alignwide mobile-reverse is-layout-flex wp-container-core-columns-is-layout-7a02faa9 wp-block-columns-is-layout-flex\" style=\"margin-bottom:var(--wp--preset--spacing--tb-section-padding)\">\n<div class=\"wp-block-column is-vertically-aligned-center is-layout-flow wp-block-column-is-layout-flow\">\n<h3 class=\"wp-block-heading\" style=\"margin-bottom:var(--wp--preset--spacing--h-3-bottom)\"><strong><strong><strong><strong><strong><strong><strong>Maximisez votre entra\u00eenement avec les Powerbands Evolve<\/strong><\/strong><\/strong><\/strong><\/strong><\/strong><\/strong><\/h3>\n\n\n\n<p><strong><em><strong><strong><strong><strong><strong>Polyvalence et durabilit\u00e9 pour tous les niveaux de forme physique<\/strong><\/strong><\/strong><\/strong><\/strong><\/em><\/strong><\/p>\n\n\n\n<p>Am\u00e9liorez votre routine d&rsquo;entra\u00eenement avec nos Powerbands Evolve polyvalents. Ces bandes multifonctionnelles offrent six niveaux de r\u00e9sistance diff\u00e9rents, allant de X-Light \u00e0 XX-Heavy, pour r\u00e9pondre aux diff\u00e9rents besoins en mati\u00e8re de fitness. Fabriqu\u00e9s en latex de haute qualit\u00e9, ils offrent une \u00e9lasticit\u00e9 et une durabilit\u00e9 exceptionnelles, conservant leur forme m\u00eame apr\u00e8s une utilisation intensive. Que vous souhaitiez ajouter de la r\u00e9sistance \u00e0 vos exercices, faire des tractions ou am\u00e9liorer votre souplesse, ces powerbands de 208 cm de long sont le compagnon id\u00e9al pour le fitness.<\/p>\n<\/div>\n\n\n\n<div class=\"wp-block-column is-vertically-aligned-center is-layout-flow wp-block-column-is-layout-flow\">\n<figure class=\"wp-block-video\"><video autoplay=\"\" controls=\"\" loop=\"\" muted=\"\" src=\"https:\/\/evolve-fitness.eu\/wp-content\/uploads\/2024\/07\/EV-BD-PB-220-4.mp4\"><\/video><\/figure>\n<\/div>\n<\/div>\n\n\n\n<div class=\"wp-block-columns alignwide mobile-reverse is-layout-flex wp-container-core-columns-is-layout-035fa626 wp-block-columns-is-layout-flex\" style=\"margin-bottom:var(--wp--preset--spacing--side-padding);padding-top:var(--wp--preset--spacing--tb-padding);padding-bottom:var(--wp--preset--spacing--tb-padding)\">\n<div class=\"wp-block-column is-vertically-aligned-center is-layout-flow wp-block-column-is-layout-flow\">\n<figure class=\"wp-block-video\"><video autoplay=\"\" controls=\"\" loop=\"\" muted=\"\" src=\"https:\/\/evolve-fitness.eu\/wp-content\/uploads\/2023\/09\/EV-BD-PB-220-2.mp4\"><\/video><\/figure>\n<\/div>\n\n\n\n<div class=\"wp-block-column is-vertically-aligned-center is-layout-flow wp-block-column-is-layout-flow\">\n<h3 class=\"wp-block-heading\" style=\"margin-bottom:var(--wp--preset--spacing--h-3-bottom)\"><strong><strong><strong><strong><strong><strong><strong><strong><strong>Bandeaux d&rsquo;alimentation Evolve<\/strong><\/strong><\/strong><\/strong><\/strong><\/strong><\/strong><\/strong><\/strong><\/h3>\n\n\n\n<p><strong><em><strong><strong><strong><strong><strong><strong>Un entra\u00eenement \u00e0 la r\u00e9sistance de qualit\u00e9 sup\u00e9rieure au bout des doigts<\/strong><\/strong><\/strong><\/strong><\/strong><\/strong><\/em><\/strong><\/p>\n\n\n\n<p>D\u00e9couvrez l&rsquo;ultime compagnon de fitness avec les Powerbands Evolve, con\u00e7us pour am\u00e9liorer votre programme d&rsquo;exercice. Ces bandes sont disponibles en six niveaux de r\u00e9sistance diff\u00e9rents, de X-Light \u00e0 XX-Heavy, pour r\u00e9pondre \u00e0 tous les objectifs de remise en forme. Fabriqu\u00e9s en latex de premi\u00e8re qualit\u00e9, ils garantissent une excellente \u00e9lasticit\u00e9 et des performances durables, conservant leur forme en cas d&rsquo;utilisation rigoureuse. Id\u00e9ales pour ajouter de la r\u00e9sistance aux s\u00e9ances d&rsquo;entra\u00eenement, pour aider \u00e0 faire des tractions ou pour am\u00e9liorer la flexibilit\u00e9, ces bandes de 208 cm offrent une polyvalence in\u00e9gal\u00e9e. Transformez votre parcours de remise en forme avec les Powerbands Evolve, durables et adaptables, d\u00e8s aujourd&rsquo;hui !<\/p>\n<\/div>\n<\/div>\n<\/section>\n<\/section>\n","protected":false},"excerpt":{"rendered":"<p>Am\u00e9liorez votre routine d&rsquo;entra\u00eenement avec nos Powerbands Evolve polyvalents, une alternative fantastique aux poids traditionnels. Ces bandes multifonctionnelles offrent six niveaux de r\u00e9sistance diff\u00e9rents, allant de X-Light \u00e0 XX-Heavy, pour r\u00e9pondre aux diff\u00e9rents besoins en mati\u00e8re de fitness. Fabriqu\u00e9s en latex de haute qualit\u00e9, ils offrent une \u00e9lasticit\u00e9 et une durabilit\u00e9 exceptionnelles, conservant leur forme m\u00eame apr\u00e8s une utilisation intensive. Que vous souhaitiez ajouter de la r\u00e9sistance \u00e0 vos exercices, faire des tractions ou am\u00e9liorer votre souplesse, ces powerbands de 208 cm de long sont le compagnon id\u00e9al pour le fitness. Am\u00e9liorez votre forme physique avec les bracelets Evolve Powerbands d\u00e8s aujourd&rsquo;hui !<\/p>\n","protected":false},"featured_media":89604,"template":"","meta":{"_acf_changed":false,"inline_featured_image":false},"product_cat":[413,591,592,476],"product_tag":[],"class_list":{"0":"post-17765","1":"product","2":"type-product","3":"status-publish","4":"has-post-thumbnail","6":"product_cat-page-daccueil","7":"product_cat-transversal-et-fonctionnel","8":"product_cat-equipement-fonctionnel","9":"product_cat-studio-fr","11":"first","12":"instock","13":"shipping-taxable","14":"purchasable","15":"product-type-variable"},"acf":[],"_links":{"self":[{"href":"https:\/\/store.evolve-fitness.eu\/fr\/wp-json\/wp\/v2\/product\/17765","targetHints":{"allow":["GET"]}}],"collection":[{"href":"https:\/\/store.evolve-fitness.eu\/fr\/wp-json\/wp\/v2\/product"}],"about":[{"href":"https:\/\/store.evolve-fitness.eu\/fr\/wp-json\/wp\/v2\/types\/product"}],"wp:featuredmedia":[{"embeddable":true,"href":"https:\/\/store.evolve-fitness.eu\/fr\/wp-json\/wp\/v2\/media\/89604"}],"wp:attachment":[{"href":"https:\/\/store.evolve-fitness.eu\/fr\/wp-json\/wp\/v2\/media?parent=17765"}],"wp:term":[{"taxonomy":"product_cat","embeddable":true,"href":"https:\/\/store.evolve-fitness.eu\/fr\/wp-json\/wp\/v2\/product_cat?post=17765"},{"taxonomy":"product_tag","embeddable":true,"href":"https:\/\/store.evolve-fitness.eu\/fr\/wp-json\/wp\/v2\/product_tag?post=17765"}],"curies":[{"name":"wp","href":"https:\/\/api.w.org\/{rel}","templated":true}]}}