{"id":17728,"date":"2023-09-21T14:10:38","date_gmt":"2023-09-21T14:10:38","guid":{"rendered":"https:\/\/store.evolve-fitness.eu\/product\/jeu-de-coussinets-souples-evolve\/"},"modified":"2026-02-10T12:00:54","modified_gmt":"2026-02-10T12:00:54","slug":"jeu-de-coussinets-souples-evolve","status":"publish","type":"product","link":"https:\/\/store.evolve-fitness.eu\/fr\/produit\/jeu-de-coussinets-souples-evolve\/","title":{"rendered":"Jeu de coussinets souples Evolve"},"content":{"rendered":"\n<section class=\"wp-block-group alignfull black-content has-white-color has-darkgray-background-color has-text-color has-background is-layout-constrained wp-block-group-is-layout-constrained\" style=\"padding-top:var(--wp--preset--spacing--section-bottom);padding-bottom:var(--wp--preset--spacing--section-bottom)\">\n<div class=\"wp-block-columns alignwide mobile-reverse is-layout-flex wp-container-core-columns-is-layout-ca64bf2d wp-block-columns-is-layout-flex\" style=\"margin-bottom:var(--wp--preset--spacing--side-padding)\">\n<div class=\"wp-block-column is-vertically-aligned-center is-layout-flow wp-block-column-is-layout-flow\">\n<h3 class=\"wp-block-heading\" style=\"margin-bottom:var(--wp--preset--spacing--h-3-bottom)\"><strong><strong>Optimisez votre entra\u00eenement gr\u00e2ce \u00e0 la mobilit\u00e9<\/strong><\/strong><\/h3>\n\n\n\n<p><strong><em><em>Protection portable<\/em><\/em><\/strong><\/p>\n\n\n\n<p style=\"margin-bottom:var(--wp--preset--spacing--tb-section-padding)\">L&rsquo;ensemble Evolve Soft Drop Pad offre une solution mobile et efficace pour les athl\u00e8tes qui cherchent \u00e0 r\u00e9duire le bruit et l&rsquo;impact pendant les s\u00e9ances de levage de charges lourdes. Ces coussins portables assurent la protection du sol et de l&rsquo;\u00e9quipement, ce qui en fait un choix id\u00e9al pour les salles de sport domestiques et commerciales o\u00f9 l&rsquo;optimisation de l&rsquo;espace et le contr\u00f4le du bruit sont essentiels. <\/p>\n<\/div>\n\n\n\n<div class=\"wp-block-column is-vertically-aligned-center is-layout-flow wp-block-column-is-layout-flow\">\n<figure class=\"wp-block-video\"><video autoplay=\"\" controls=\"\" loop=\"\" muted=\"\" src=\"https:\/\/evolve-fitness.eu\/wp-content\/uploads\/2023\/09\/Evolve-Soft-Drop-Pad-Set-Video.mp4\"><\/video><\/figure>\n<\/div>\n<\/div>\n\n\n\n<div class=\"wp-block-columns alignwide is-layout-flex wp-container-core-columns-is-layout-c45ee707 wp-block-columns-is-layout-flex\" style=\"margin-bottom:var(--wp--preset--spacing--side-padding);padding-top:var(--wp--preset--spacing--side-padding)\">\n<div class=\"wp-block-column is-vertically-aligned-center is-layout-flow wp-block-column-is-layout-flow\">\n<figure class=\"wp-block-image size-large\"><img decoding=\"async\" src=\"https:\/\/evolve-fitness.eu\/wp-content\/uploads\/2023\/09\/Evolve-Soft-Drop-Pad-Set-EV-PF-DP-100-1024x683.jpg\" alt=\"EV-PF-DP-100\" class=\"wp-image-10846\"\/><\/figure>\n<\/div>\n\n\n\n<div class=\"wp-block-column is-vertically-aligned-center is-layout-flow wp-block-column-is-layout-flow\">\n<h3 class=\"wp-block-heading\" style=\"margin-bottom:var(--wp--preset--spacing--h-3-bottom)\"><strong><strong><strong>Mat\u00e9riaux innovants : Solidit\u00e9 et style<\/strong><\/strong><\/strong><\/h3>\n\n\n\n<p><strong><em><em><em>Conception en carbone pour une qualit\u00e9 sup\u00e9rieure<\/em><\/em><\/em><\/strong><\/p>\n\n\n\n<p>L&rsquo;ensemble Evolve Soft Drop Pad est fabriqu\u00e9 \u00e0 partir de mat\u00e9riaux innovants, avec un design \u00e9l\u00e9gant en carbone qui non seulement am\u00e9liore la durabilit\u00e9 mais ajoute \u00e9galement une esth\u00e9tique moderne \u00e0 votre espace d&rsquo;entra\u00eenement. Ces mat\u00e9riaux sont choisis pour leur capacit\u00e9 \u00e0 absorber efficacement les chocs, ce qui garantit la long\u00e9vit\u00e9 des coussinets et la s\u00e9curit\u00e9 de votre \u00e9quipement. <\/p>\n<\/div>\n<\/div>\n\n\n\n<div class=\"wp-block-columns alignwide is-layout-flex wp-container-core-columns-is-layout-c45ee707 wp-block-columns-is-layout-flex\" style=\"margin-bottom:var(--wp--preset--spacing--side-padding);padding-top:var(--wp--preset--spacing--side-padding)\">\n<div class=\"wp-block-column is-vertically-aligned-center is-layout-flow wp-block-column-is-layout-flow\">\n<h3 class=\"wp-block-heading\" style=\"margin-bottom:var(--wp--preset--spacing--h-3-bottom)\"><strong><strong>Construit pour durer : la durabilit\u00e9 au service du design<\/strong><\/strong><\/h3>\n\n\n\n<p><strong><em><em>Con\u00e7u pour l&rsquo;endurance<\/em><\/em><\/strong><\/p>\n\n\n\n<p>L&rsquo;ensemble Evolve Soft Drop Pad se distingue par sa durabilit\u00e9 exceptionnelle, con\u00e7ue pour r\u00e9sister aux rigueurs d&rsquo;une utilisation intensive dans n&rsquo;importe quel environnement de remise en forme. Fabriqu\u00e9s avec des mat\u00e9riaux de haute qualit\u00e9, ces coussinets sont con\u00e7us pour supporter l&rsquo;impact d&rsquo;entra\u00eenements intenses, garantissant une performance et une fiabilit\u00e9 durables. Id\u00e9al pour ceux qui recherchent une solution durable pour prot\u00e9ger leurs sols et leurs \u00e9quipements.  <\/p>\n<\/div>\n\n\n\n<div class=\"wp-block-column is-vertically-aligned-center is-layout-flow wp-block-column-is-layout-flow\">\n<figure class=\"wp-block-video\"><video height=\"1200\" style=\"aspect-ratio: 1600 \/ 1200;\" width=\"1600\" autoplay=\"\" controls=\"\" loop=\"\" muted=\"\" src=\"https:\/\/evolve-fitness.eu\/wp-content\/uploads\/2024\/01\/Evolve-Soft-Drop-Pad-Set-2.mp4\"><\/video><\/figure>\n<\/div>\n<\/div>\n\n\n\n<div class=\"wp-block-columns alignwide is-layout-flex wp-container-core-columns-is-layout-c45ee707 wp-block-columns-is-layout-flex\" style=\"margin-bottom:var(--wp--preset--spacing--side-padding);padding-top:var(--wp--preset--spacing--side-padding)\">\n<div class=\"wp-block-column is-vertically-aligned-center is-layout-flow wp-block-column-is-layout-flow\">\n<figure class=\"wp-block-image size-large\"><img decoding=\"async\" src=\"https:\/\/evolve-fitness.eu\/wp-content\/uploads\/2023\/09\/Evolve-Soft-Drop-Pad-Set-Plate-EV-PF-DP-100-1024x683.jpg\" alt=\"EV-PF-DP-100\" class=\"wp-image-10850\"\/><\/figure>\n<\/div>\n\n\n\n<div class=\"wp-block-column is-vertically-aligned-center is-layout-flow wp-block-column-is-layout-flow\">\n<h3 class=\"wp-block-heading\" style=\"margin-bottom:var(--wp--preset--spacing--h-3-bottom)\"><strong><strong><strong><strong><strong>Int\u00e9gration transparente<\/strong><\/strong><\/strong><\/strong><\/strong><\/h3>\n\n\n\n<p><strong><em><strong><strong><strong><strong><strong><strong>Esth\u00e9tique et fonctionnalit\u00e9<\/strong><\/strong><\/strong><\/strong><\/strong><\/strong>s<em>&lsquo;harmonisent avec la s\u00e9rie Carbon d&rsquo;Evolve<\/em>.<\/em><\/strong><\/p>\n\n\n\n<p>Pour une int\u00e9gration parfaite dans votre installation de fitness, l&rsquo;ensemble Evolve Soft Drop Pad est con\u00e7u pour compl\u00e9ter les autres \u00e9quipements Evolve, y compris les barres, les poids libres et les articles de la s\u00e9rie carbone. La conception coh\u00e9sive assure un aspect et une sensation unifi\u00e9s dans votre espace d&rsquo;entra\u00eenement, am\u00e9liorant \u00e0 la fois la fonctionnalit\u00e9 et l&rsquo;attrait esth\u00e9tique. <\/p>\n<\/div>\n<\/div>\n<\/section>\n","protected":false},"excerpt":{"rendered":"<p>Pr\u00e9sentation de l&rsquo;ensemble de coussinets souples Evolve &#8211; Votre solution ultime pour la protection contre le bruit et le sol.<\/p>\n<p>Vous en avez assez des bruits incessants et des dommages caus\u00e9s au sol par la chute des poids et des halt\u00e8res dans votre salle de sport ? Ne cherchez pas plus loin que l&rsquo;ensemble de coussinets souples Evolve. Con\u00e7us pour r\u00e9volutionner votre espace d&rsquo;entra\u00eenement, ces coussins sont con\u00e7us pour r\u00e9duire le bruit, prot\u00e9ger votre rev\u00eatement de sol et apporter une touche de style moderne \u00e0 votre salle de sport.<\/p>\n","protected":false},"featured_media":17758,"template":"","meta":{"_acf_changed":false,"inline_featured_image":false},"product_cat":[591,592],"product_tag":[],"class_list":{"0":"post-17728","1":"product","2":"type-product","3":"status-publish","4":"has-post-thumbnail","6":"product_cat-transversal-et-fonctionnel","7":"product_cat-equipement-fonctionnel","9":"first","10":"instock","11":"shipping-taxable","12":"purchasable","13":"product-type-simple"},"acf":[],"_links":{"self":[{"href":"https:\/\/store.evolve-fitness.eu\/fr\/wp-json\/wp\/v2\/product\/17728","targetHints":{"allow":["GET"]}}],"collection":[{"href":"https:\/\/store.evolve-fitness.eu\/fr\/wp-json\/wp\/v2\/product"}],"about":[{"href":"https:\/\/store.evolve-fitness.eu\/fr\/wp-json\/wp\/v2\/types\/product"}],"wp:featuredmedia":[{"embeddable":true,"href":"https:\/\/store.evolve-fitness.eu\/fr\/wp-json\/wp\/v2\/media\/17758"}],"wp:attachment":[{"href":"https:\/\/store.evolve-fitness.eu\/fr\/wp-json\/wp\/v2\/media?parent=17728"}],"wp:term":[{"taxonomy":"product_cat","embeddable":true,"href":"https:\/\/store.evolve-fitness.eu\/fr\/wp-json\/wp\/v2\/product_cat?post=17728"},{"taxonomy":"product_tag","embeddable":true,"href":"https:\/\/store.evolve-fitness.eu\/fr\/wp-json\/wp\/v2\/product_tag?post=17728"}],"curies":[{"name":"wp","href":"https:\/\/api.w.org\/{rel}","templated":true}]}}