{"id":17525,"date":"2023-09-21T14:21:13","date_gmt":"2023-09-21T14:21:13","guid":{"rendered":"https:\/\/store.evolve-fitness.eu\/product\/evolve-soft-plyo-box-3-en-1\/"},"modified":"2026-04-04T12:00:12","modified_gmt":"2026-04-04T12:00:12","slug":"evolve-soft-plyo-box-3-en-1","status":"publish","type":"product","link":"https:\/\/store.evolve-fitness.eu\/fr\/produit\/evolve-soft-plyo-box-3-en-1\/","title":{"rendered":"Evolve Soft Plyo Box 3 en 1"},"content":{"rendered":"\n<section class=\"wp-block-group alignfull black-content has-white-color has-darkgray-background-color has-text-color has-background is-layout-constrained wp-block-group-is-layout-constrained\" style=\"padding-top:var(--wp--preset--spacing--section-bottom);padding-bottom:var(--wp--preset--spacing--section-bottom)\">\n<div class=\"wp-block-columns alignwide is-layout-flex wp-container-core-columns-is-layout-c45ee707 wp-block-columns-is-layout-flex\" style=\"margin-bottom:var(--wp--preset--spacing--side-padding);padding-top:var(--wp--preset--spacing--side-padding)\">\n<div class=\"wp-block-column is-vertically-aligned-center is-layout-flow wp-block-column-is-layout-flow\">\n<figure class=\"wp-block-video\"><video height=\"864\" style=\"aspect-ratio: 1154 \/ 864;\" width=\"1154\" autoplay=\"\" controls=\"\" loop=\"\" muted=\"\" src=\"https:\/\/evolve-fitness.eu\/wp-content\/uploads\/2023\/09\/EV-PF-SP-300.mp4\"><\/video><\/figure>\n<\/div>\n\n\n\n<div class=\"wp-block-column is-vertically-aligned-center is-layout-constrained wp-block-column-is-layout-constrained\">\n<h3 class=\"wp-block-heading\" style=\"margin-bottom:var(--wp--preset--spacing--h-3-bottom)\">Bo\u00eete de pliage souple 3 en 1  <\/h3>\n\n\n\n<p><strong><em><strong><em>Des \u00e9quipements de fitness polyvalents<\/em><\/strong><\/em><\/strong><\/p>\n\n\n\n<p style=\"margin-bottom:var(--wp--preset--spacing--tb-section-padding)\">Trois hauteurs r\u00e9glables (51 cm, 61 cm, 76 cm) dans une seule bo\u00eete ! Il est con\u00e7u pour une vari\u00e9t\u00e9 d&rsquo;exercices comme les box jumps, les pompes et les fentes. Le produit est compos\u00e9 d&rsquo;un noyau en mousse de haute densit\u00e9 et d&rsquo;une couverture en PVC tr\u00e8s r\u00e9sistante \u00e0 la d\u00e9chirure, avec un aspect carbone \u00e9l\u00e9gant. Cette bo\u00eete de pliage est id\u00e9ale pour une utilisation commerciale ou domestique. Elle garantit des s\u00e9ances d&rsquo;entra\u00eenement respectueuses des articulations et prot\u00e8ge vos hanches, vos genoux et vos chevilles gr\u00e2ce \u00e0 sa surface antid\u00e9rapante.<\/p>\n\n\n\n<h3 class=\"wp-block-heading\" style=\"margin-bottom:var(--wp--preset--spacing--h-3-bottom)\">aspect carbone distinctif<\/h3>\n\n\n\n<p><em><strong>L&rsquo;esth\u00e9tique s&rsquo;ajoute \u00e0 la fonctionnalit\u00e9<\/strong><\/em><\/p>\n\n\n\n<p>Ce design \u00e9l\u00e9gant, obtenu gr\u00e2ce \u00e0 un rev\u00eatement en PVC tr\u00e8s r\u00e9sistant \u00e0 la d\u00e9chirure, am\u00e9liore non seulement l&rsquo;aspect visuel de l&rsquo;\u00e9quipement, mais contribue \u00e9galement \u00e0 sa durabilit\u00e9. L&rsquo;aspect carbone lui conf\u00e8re un aspect moderne et professionnel, ce qui le rend adapt\u00e9 aussi bien aux salles de sport priv\u00e9es qu&rsquo;aux centres de fitness commerciaux, et sa surface antid\u00e9rapante garantit la s\u00e9curit\u00e9 m\u00eame pendant les s\u00e9ances d&rsquo;entra\u00eenement intenses.<\/p>\n<\/div>\n<\/div>\n\n\n\n<div class=\"wp-block-columns alignwide is-layout-flex wp-container-core-columns-is-layout-c45ee707 wp-block-columns-is-layout-flex\" style=\"margin-bottom:var(--wp--preset--spacing--side-padding);padding-top:var(--wp--preset--spacing--side-padding)\">\n<div class=\"wp-block-column is-vertically-aligned-center is-layout-flow wp-block-column-is-layout-flow\">\n<h3 class=\"wp-block-heading\" style=\"margin-bottom:var(--wp--preset--spacing--h-3-bottom)\">votre corps est tout ce dont vous avez besoin<\/h3>\n\n\n\n<p>Id\u00e9al pour les exercices au poids du corps<\/p>\n\n\n\n<p>L&rsquo;ensemble Evolve Soft Drop Pad est id\u00e9al pour am\u00e9liorer vos exercices au poids du corps en offrant un confort et en r\u00e9duisant l&rsquo;impact. Voici quelques-uns des meilleurs exercices \u00e0 effectuer avec ces coussins :<\/p>\n\n\n\n<ol class=\"wp-block-list\">\n<li><strong>Pompes<\/strong>: R\u00e9duit la tension du poignet gr\u00e2ce \u00e0 un rembourrage suppl\u00e9mentaire.<\/li>\n\n\n\n<li><strong>Burpees<\/strong>: L&rsquo;atterrissage est plus doux, ce qui minimise le bruit et l&rsquo;impact.<\/li>\n\n\n\n<li><strong>Planches et variations<\/strong>: Cette m\u00e9thode offre une surface stable et confortable pour les avant-bras.<\/li>\n\n\n\n<li><strong>Grimpeurs de montagne<\/strong>: Les impacts sur les articulations sont att\u00e9nu\u00e9s, ce qui permet des mouvements plus fluides.<\/li>\n\n\n\n<li><strong>Fentes<\/strong>: Amortit les genoux pendant les fentes profondes pour un meilleur confort et une meilleure forme.<\/li>\n<\/ol>\n\n\n\n<p>Ces coussinets garantissent une exp\u00e9rience d&rsquo;entra\u00eenement plus s\u00fbre et plus confortable.<\/p>\n<\/div>\n\n\n\n<div class=\"wp-block-column is-vertically-aligned-center is-layout-flow wp-block-column-is-layout-flow\">\n<div class=\"wp-block-columns is-layout-flex wp-container-core-columns-is-layout-9d6595d7 wp-block-columns-is-layout-flex\">\n<div class=\"wp-block-column is-layout-flow wp-block-column-is-layout-flow\">\n<figure class=\"wp-block-video\"><video height=\"788\" style=\"aspect-ratio: 940 \/ 788;\" width=\"940\" autoplay=\"\" controls=\"\" loop=\"\" muted=\"\" src=\"https:\/\/evolve-fitness.eu\/wp-content\/uploads\/2024\/07\/5.mp4\"><\/video><\/figure>\n<\/div>\n<\/div>\n<\/div>\n<\/div>\n\n\n\n<div class=\"wp-block-columns alignwide is-layout-flex wp-container-core-columns-is-layout-c45ee707 wp-block-columns-is-layout-flex\" style=\"margin-bottom:var(--wp--preset--spacing--side-padding);padding-top:var(--wp--preset--spacing--side-padding)\">\n<div class=\"wp-block-column is-vertically-aligned-center is-layout-flow wp-block-column-is-layout-flow\">\n<figure class=\"wp-block-image size-large\"><img decoding=\"async\" src=\"https:\/\/evolve-fitness.eu\/wp-content\/uploads\/2024\/01\/EV-PF-SP-300-51-76-1024x683.webp\" alt=\"EV-PF-SP-300\" class=\"wp-image-9784\"\/><\/figure>\n<\/div>\n\n\n\n<div class=\"wp-block-column is-vertically-aligned-center is-layout-flow wp-block-column-is-layout-flow\">\n<h3 class=\"wp-block-heading\" style=\"margin-bottom:var(--wp--preset--spacing--h-3-bottom)\"><strong>avantage de trois hauteurs diff\u00e9rentes dans une seule bo\u00eete<\/strong><\/h3>\n\n\n\n<p><strong><em><strong>Am\u00e9liorer son utilit\u00e9 pour une s\u00e9rie d&rsquo;exercices<\/strong><\/em><\/strong><\/p>\n\n\n\n<p>Cette polyvalence permet aux utilisateurs d&rsquo;augmenter progressivement la difficult\u00e9 de leurs s\u00e9ances d&rsquo;entra\u00eenement, en fonction de leur niveau de forme. Il est particuli\u00e8rement b\u00e9n\u00e9fique pour l&rsquo;entra\u00eenement plyom\u00e9trique, car il contribue \u00e0 am\u00e9liorer la puissance, la vitesse et le saut vertical. Les diff\u00e9rentes options de hauteur permettent de r\u00e9pondre aux besoins d&rsquo;un large public, des d\u00e9butants aux athl\u00e8tes confirm\u00e9s.<\/p>\n<\/div>\n<\/div>\n<\/section>\n","protected":false},"excerpt":{"rendered":"<p>Voici la bo\u00eete de pliage souple Evolve 3 en 1 : votre compagnon de remise en forme ultime !<\/p>\n<p>Trois hauteurs, une seule bo\u00eete : Avec des hauteurs r\u00e9glables de 51 cm (20&Prime;), 61 cm (24&Prime;) et 76 cm (30&Prime;), cette bo\u00eete plyo polyvalente est parfaite pour les box jumps, les pompes, les fentes, les dips et bien d&rsquo;autres choses encore.<\/p>\n<p>Con\u00e7u pour durer : Con\u00e7u pour un usage commercial, il est id\u00e9al pour les salles de sport \u00e0 domicile, les centres de remise en forme professionnels, les bases militaires, les h\u00f4tels, les auberges et les centres de r\u00e9\u00e9ducation.<\/p>\n<p>Design \u00e9l\u00e9gant en carbone : L&rsquo;aspect carbone moderne ajoute du style \u00e0 toute salle de sport, et sa surface antid\u00e9rapante garantit la s\u00e9curit\u00e9 m\u00eame pendant les s\u00e9ances d&rsquo;entra\u00eenement intenses.<\/p>\n<p>Respect des articulations : Le noyau en mousse haute densit\u00e9 r\u00e9duit l&rsquo;impact sur les articulations, prot\u00e9geant ainsi les hanches, les genoux et les chevilles.<\/p>\n<p>Am\u00e9liorez votre programme de remise en forme avec l&rsquo;Evolve Soft Plyo Box 3-in-1 et faites \u00e9voluer vos s\u00e9ances d&rsquo;entra\u00eenement d\u00e8s aujourd&rsquo;hui !<\/p>\n","protected":false},"featured_media":17549,"template":"","meta":{"_acf_changed":false,"inline_featured_image":false},"product_cat":[413,591,592],"product_tag":[],"class_list":{"0":"post-17525","1":"product","2":"type-product","3":"status-publish","4":"has-post-thumbnail","6":"product_cat-page-daccueil","7":"product_cat-transversal-et-fonctionnel","8":"product_cat-equipement-fonctionnel","10":"first","11":"instock","12":"sale","13":"shipping-taxable","14":"purchasable","15":"product-type-simple"},"acf":[],"_links":{"self":[{"href":"https:\/\/store.evolve-fitness.eu\/fr\/wp-json\/wp\/v2\/product\/17525","targetHints":{"allow":["GET"]}}],"collection":[{"href":"https:\/\/store.evolve-fitness.eu\/fr\/wp-json\/wp\/v2\/product"}],"about":[{"href":"https:\/\/store.evolve-fitness.eu\/fr\/wp-json\/wp\/v2\/types\/product"}],"wp:featuredmedia":[{"embeddable":true,"href":"https:\/\/store.evolve-fitness.eu\/fr\/wp-json\/wp\/v2\/media\/17549"}],"wp:attachment":[{"href":"https:\/\/store.evolve-fitness.eu\/fr\/wp-json\/wp\/v2\/media?parent=17525"}],"wp:term":[{"taxonomy":"product_cat","embeddable":true,"href":"https:\/\/store.evolve-fitness.eu\/fr\/wp-json\/wp\/v2\/product_cat?post=17525"},{"taxonomy":"product_tag","embeddable":true,"href":"https:\/\/store.evolve-fitness.eu\/fr\/wp-json\/wp\/v2\/product_tag?post=17525"}],"curies":[{"name":"wp","href":"https:\/\/api.w.org\/{rel}","templated":true}]}}