{"id":17172,"date":"2023-09-21T13:38:01","date_gmt":"2023-09-21T13:38:01","guid":{"rendered":"https:\/\/store.evolve-fitness.eu\/product\/evolve-wooden-plyo-box-3-in-1\/"},"modified":"2026-03-02T12:00:20","modified_gmt":"2026-03-02T12:00:20","slug":"evolve-wooden-plyo-box-3-in-1","status":"publish","type":"product","link":"https:\/\/store.evolve-fitness.eu\/fr\/produit\/evolve-wooden-plyo-box-3-in-1\/","title":{"rendered":"Evolve Wooden Plyo Box 3-in-1"},"content":{"rendered":"\n<section class=\"wp-block-group alignfull black-content has-white-color has-darkgray-background-color has-text-color has-background is-layout-constrained wp-block-group-is-layout-constrained\" style=\"padding-top:var(--wp--preset--spacing--section-bottom);padding-bottom:var(--wp--preset--spacing--section-bottom)\">\n<div class=\"wp-block-columns alignwide mobile-reverse is-layout-flex wp-container-core-columns-is-layout-ca64bf2d wp-block-columns-is-layout-flex\" style=\"margin-bottom:var(--wp--preset--spacing--side-padding)\">\n<div class=\"wp-block-column is-vertically-aligned-center is-layout-flow wp-block-column-is-layout-flow\">\n<h3 class=\"wp-block-heading\" style=\"margin-bottom:var(--wp--preset--spacing--h-3-bottom)\"><strong><strong>trois options de hauteur : 51 cm, 61 cm et 76 cm<\/strong><\/strong><\/h3>\n\n\n\n<p><strong><em><strong>Convient aux utilisateurs de tous niveaux<\/strong><\/em><\/strong><\/p>\n\n\n\n<p style=\"margin-bottom:var(--wp--preset--spacing--tb-section-padding)\">L&rsquo;Evolve Wooden Plyo Box 3-in-1 est un \u00e9quipement de fitness polyvalent con\u00e7u pour les exercices de pliom\u00e9trie. Sa principale caract\u00e9ristique est sa capacit\u00e9 \u00e0 s&rsquo;ajuster \u00e0 trois hauteurs diff\u00e9rentes, offrant des niveaux d&rsquo;intensit\u00e9 vari\u00e9s pour les s\u00e9ances d&rsquo;entra\u00eenement. Cette possibilit\u00e9 de r\u00e9glage permet de l&rsquo;adapter \u00e0 un large \u00e9ventail de niveaux de condition physique, des d\u00e9butants aux athl\u00e8tes confirm\u00e9s. La bo\u00eete est fabriqu\u00e9e en bois robuste, ce qui garantit sa durabilit\u00e9 et sa stabilit\u00e9 pendant l&rsquo;utilisation. Il est sp\u00e9cialement con\u00e7u pour les exercices visant \u00e0 am\u00e9liorer la puissance, la vitesse et l&rsquo;agilit\u00e9, ce qui en fait un choix populaire pour l&rsquo;entra\u00eenement fonctionnel et les routines de crossfit.<\/p>\n<\/div>\n\n\n\n<div class=\"wp-block-column is-vertically-aligned-center is-layout-flow wp-block-column-is-layout-flow\">\n<figure class=\"wp-block-image size-large\"><img decoding=\"async\" src=\"https:\/\/evolve-fitness.eu\/wp-content\/uploads\/2023\/09\/A7_09543-1024x683.jpg\" alt=\"EV-PF-WP-300\" class=\"wp-image-10228\"\/><\/figure>\n<\/div>\n<\/div>\n\n\n\n<div class=\"wp-block-columns alignwide mobile-reverse is-layout-flex wp-container-core-columns-is-layout-ca64bf2d wp-block-columns-is-layout-flex\" style=\"margin-bottom:var(--wp--preset--spacing--side-padding)\">\n<div class=\"wp-block-column is-vertically-aligned-center is-layout-flow wp-block-column-is-layout-flow\">\n<figure class=\"wp-block-image size-large\"><img decoding=\"async\" src=\"https:\/\/evolve-fitness.eu\/wp-content\/uploads\/2023\/09\/A7_09525-1024x683.jpg\" alt=\"EV-PF-WP-300\" class=\"wp-image-10230\"\/><\/figure>\n<\/div>\n\n\n\n<div class=\"wp-block-column is-vertically-aligned-center is-layout-flow wp-block-column-is-layout-flow\">\n<h3 class=\"wp-block-heading\" style=\"margin-bottom:var(--wp--preset--spacing--h-3-bottom)\"><strong>La s\u00e9curit\u00e9 avant tout<\/strong><\/h3>\n\n\n\n<p><strong><em>Construit pour votre protection<\/em><\/strong><\/p>\n\n\n\n<p>La bo\u00eete de pliage en bois Evolve 3 en 1 a \u00e9t\u00e9 con\u00e7ue dans un souci de s\u00e9curit\u00e9 et de durabilit\u00e9. Il pr\u00e9sente des coins arrondis, sp\u00e9cialement con\u00e7us pour minimiser le risque de blessure pendant les s\u00e9ances d&rsquo;entra\u00eenement. Cet aspect de la s\u00e9curit\u00e9 est crucial pour les exercices de pliom\u00e9trie qui impliquent des sauts et des mouvements dynamiques. La bo\u00eete est fabriqu\u00e9e en bois de haute qualit\u00e9, ce qui garantit sa solidit\u00e9 et sa long\u00e9vit\u00e9, et en fait un \u00e9quipement fiable pour les exercices de fitness intenses.<\/p>\n<\/div>\n<\/div>\n<\/section>\n\n<section class=\"wp-block-group alignfull has-lightgray-background-color has-background is-layout-constrained wp-block-group-is-layout-constrained\">\n<div class=\"wp-block-columns alignwide is-layout-flex wp-container-core-columns-is-layout-2edb0647 wp-block-columns-is-layout-flex\" style=\"margin-top:0;margin-bottom:0\">\n<div class=\"wp-block-column is-layout-flow wp-block-column-is-layout-flow\" style=\"flex-basis:33.33%\"><\/div>\n\n\n\n<div class=\"wp-block-column is-layout-flow wp-block-column-is-layout-flow\" style=\"flex-basis:66.66%\"><\/div>\n<\/div>\n<\/section>\n","protected":false},"excerpt":{"rendered":"<p>L&rsquo;Evolve Wooden Plyo Box 3-in-1 est un appareil de fitness polyvalent essentiel, avec des hauteurs r\u00e9glables de 51 cm, 61 cm et 76 cm. D&rsquo;un poids de 23 kg, il offre stabilit\u00e9 et s\u00e9curit\u00e9 pour les diff\u00e9rents entra\u00eenements. Sa construction robuste comprend des panneaux de soutien int\u00e9rieurs et des bords arrondis pour plus de durabilit\u00e9 et de s\u00e9curit\u00e9. Facile \u00e0 assembler et \u00e9quip\u00e9 de poign\u00e9es int\u00e9gr\u00e9es, il est \u00e0 la fois pratique et portable, ce qui en fait le compagnon de fitness id\u00e9al pour tous les niveaux.<\/p>\n","protected":false},"featured_media":17200,"template":"","meta":{"_acf_changed":false,"inline_featured_image":false},"product_cat":[2416,591,592],"product_tag":[],"class_list":{"0":"post-17172","1":"product","2":"type-product","3":"status-publish","4":"has-post-thumbnail","6":"product_cat-hyrox-gear","7":"product_cat-transversal-et-fonctionnel","8":"product_cat-equipement-fonctionnel","10":"first","11":"instock","12":"shipping-taxable","13":"purchasable","14":"product-type-simple"},"acf":[],"_links":{"self":[{"href":"https:\/\/store.evolve-fitness.eu\/fr\/wp-json\/wp\/v2\/product\/17172","targetHints":{"allow":["GET"]}}],"collection":[{"href":"https:\/\/store.evolve-fitness.eu\/fr\/wp-json\/wp\/v2\/product"}],"about":[{"href":"https:\/\/store.evolve-fitness.eu\/fr\/wp-json\/wp\/v2\/types\/product"}],"wp:featuredmedia":[{"embeddable":true,"href":"https:\/\/store.evolve-fitness.eu\/fr\/wp-json\/wp\/v2\/media\/17200"}],"wp:attachment":[{"href":"https:\/\/store.evolve-fitness.eu\/fr\/wp-json\/wp\/v2\/media?parent=17172"}],"wp:term":[{"taxonomy":"product_cat","embeddable":true,"href":"https:\/\/store.evolve-fitness.eu\/fr\/wp-json\/wp\/v2\/product_cat?post=17172"},{"taxonomy":"product_tag","embeddable":true,"href":"https:\/\/store.evolve-fitness.eu\/fr\/wp-json\/wp\/v2\/product_tag?post=17172"}],"curies":[{"name":"wp","href":"https:\/\/api.w.org\/{rel}","templated":true}]}}