{"id":16811,"date":"2023-09-21T10:17:45","date_gmt":"2023-09-21T10:17:45","guid":{"rendered":"https:\/\/store.evolve-fitness.eu\/product\/evolve-nbr-studio-mat-140-x-60-x-1-cm\/"},"modified":"2025-03-07T09:34:34","modified_gmt":"2025-03-07T09:34:34","slug":"evolve-nbr-studio-mat-140-x-60-x-1-cm","status":"publish","type":"product","link":"https:\/\/store.evolve-fitness.eu\/fr\/produit\/evolve-nbr-studio-mat-140-x-60-x-1-cm\/","title":{"rendered":"Evolve NBR Studio Mat 140 x 60 x 1 cm"},"content":{"rendered":"\n<section class=\"wp-block-group alignfull has-darkgray-background-color has-background is-layout-constrained wp-block-group-is-layout-constrained\">\n<div class=\"wp-block-columns alignwide is-layout-flex wp-container-core-columns-is-layout-2edb0647 wp-block-columns-is-layout-flex\" style=\"margin-top:0;margin-bottom:0\">\n<div class=\"wp-block-column is-layout-flow wp-block-column-is-layout-flow\" style=\"flex-basis:33.33%\"><\/div>\n\n\n\n<div class=\"wp-block-column is-layout-flow wp-block-column-is-layout-flow\" style=\"flex-basis:66.66%\"><\/div>\n<\/div>\n\n\n\n<section class=\"wp-block-group alignfull black-content has-white-color has-darkgray-background-color has-text-color has-background is-layout-constrained wp-block-group-is-layout-constrained\" style=\"padding-top:var(--wp--preset--spacing--section-bottom);padding-bottom:var(--wp--preset--spacing--section-bottom)\">\n<div class=\"wp-block-columns alignwide is-layout-flex wp-container-core-columns-is-layout-c45ee707 wp-block-columns-is-layout-flex\" style=\"margin-bottom:var(--wp--preset--spacing--side-padding);padding-top:var(--wp--preset--spacing--side-padding)\">\n<div class=\"wp-block-column is-vertically-aligned-center is-layout-flow wp-block-column-is-layout-flow\">\n<figure class=\"wp-block-video\"><video autoplay=\"\" controls=\"\" loop=\"\" muted=\"\" src=\"https:\/\/evolve-fitness.eu\/wp-content\/uploads\/2023\/12\/1-3.mp4\"><\/video><\/figure>\n<\/div>\n\n\n\n<div class=\"wp-block-column is-vertically-aligned-center is-layout-constrained wp-block-column-is-layout-constrained\">\n<h3 class=\"wp-block-heading\" style=\"margin-bottom:var(--wp--preset--spacing--h-3-bottom)\">Tapis de studio de haute qualit\u00e9  <\/h3>\n\n\n\n<p><strong><em>Con\u00e7u pour des exercices vari\u00e9s tels que le yoga, l&rsquo;a\u00e9robic, le pilates et le stretching.<\/em><\/strong><\/p>\n\n\n\n<p style=\"margin-bottom:var(--wp--preset--spacing--tb-section-padding)\">Le tapis de studio Evolve NBR offre confort et stabilit\u00e9 gr\u00e2ce \u00e0 son \u00e9paisseur de 1 cm. Le tapis est compos\u00e9 d&rsquo;un mat\u00e9riau de haute densit\u00e9 qui le rend durable, r\u00e9sistant \u00e0 la transpiration et facile \u00e0 nettoyer. Mat se distingue par sa construction robuste et son design soign\u00e9. Le tapis Evolve NBR Studio Mat est fabriqu\u00e9 \u00e0 partir d&rsquo;un mat\u00e9riau dense et de haute qualit\u00e9 qui garantit la long\u00e9vit\u00e9 et la r\u00e9sistance \u00e0 l&rsquo;usure.<\/p>\n<\/div>\n<\/div>\n\n\n\n<div class=\"wp-block-columns alignwide is-layout-flex wp-container-core-columns-is-layout-c45ee707 wp-block-columns-is-layout-flex\" style=\"margin-bottom:var(--wp--preset--spacing--side-padding);padding-top:var(--wp--preset--spacing--side-padding)\">\n<div class=\"wp-block-column is-vertically-aligned-center is-layout-flow wp-block-column-is-layout-flow\">\n<h3 class=\"wp-block-heading\" style=\"margin-bottom:var(--wp--preset--spacing--h-3-bottom)\">DURABLE ET L\u00c9G\u00c8RE<\/h3>\n\n\n\n<p><em><strong>Livr\u00e9 avec des \u0153illets int\u00e9gr\u00e9s pour un rangement pratique<\/strong><\/em><\/p>\n\n\n\n<p>Il pr\u00e9sente des propri\u00e9t\u00e9s antid\u00e9rapantes, des coins arrondis, une absorption optimale des chocs et une structure hygi\u00e9nique \u00e0 cellules ferm\u00e9es qui est imperm\u00e9able \u00e0 l&rsquo;eau. Le tapis est \u00e9galement l\u00e9ger, puisqu&rsquo;il ne p\u00e8se que 1,2 kg.<\/p>\n<\/div>\n\n\n\n<div class=\"wp-block-column is-vertically-aligned-center is-layout-flow wp-block-column-is-layout-flow\">\n<div class=\"wp-block-columns is-layout-flex wp-container-core-columns-is-layout-9d6595d7 wp-block-columns-is-layout-flex\">\n<div class=\"wp-block-column is-layout-flow wp-block-column-is-layout-flow\">\n<figure class=\"wp-block-image size-large\"><img decoding=\"async\" src=\"https:\/\/evolve-fitness.eu\/wp-content\/uploads\/2023\/12\/A7_05507-683x1024.jpg\" alt=\"\" class=\"wp-image-7892\"\/><\/figure>\n<\/div>\n<\/div>\n<\/div>\n<\/div>\n\n\n\n<div class=\"wp-block-columns alignwide is-layout-flex wp-container-core-columns-is-layout-c45ee707 wp-block-columns-is-layout-flex\" style=\"margin-bottom:var(--wp--preset--spacing--side-padding);padding-top:var(--wp--preset--spacing--side-padding)\">\n<div class=\"wp-block-column is-vertically-aligned-center is-layout-flow wp-block-column-is-layout-flow\">\n<figure class=\"wp-block-image size-large\"><img decoding=\"async\" src=\"https:\/\/evolve-fitness.eu\/wp-content\/uploads\/2023\/12\/A7_05548-1024x683.jpg\" alt=\"\" class=\"wp-image-7895\"\/><\/figure>\n<\/div>\n\n\n\n<div class=\"wp-block-column is-vertically-aligned-center is-layout-flow wp-block-column-is-layout-flow\">\n<h3 class=\"wp-block-heading\" style=\"margin-bottom:var(--wp--preset--spacing--h-3-bottom)\"><strong>Surface sp\u00e9cialement con\u00e7ue<\/strong><\/h3>\n\n\n\n<p><strong><em>Surface hygi\u00e9nique et solutions de stockage faciles<\/em><\/strong><\/p>\n\n\n\n<p>Ses caract\u00e9ristiques hygi\u00e9niques, notamment son imperm\u00e9abilit\u00e9 et sa surface facile \u00e0 nettoyer, en font un choix id\u00e9al pour une utilisation fr\u00e9quente dans divers environnements. Sa l\u00e9g\u00e8ret\u00e9 et ses solutions de rangement int\u00e9gr\u00e9es ajoutent \u00e0 son c\u00f4t\u00e9 pratique, ce qui en fait une option id\u00e9ale pour une utilisation \u00e0 la maison ou en studio.<\/p>\n<\/div>\n<\/div>\n\n\n\n<div class=\"wp-block-columns alignwide is-layout-flex wp-container-core-columns-is-layout-c45ee707 wp-block-columns-is-layout-flex\" style=\"margin-bottom:var(--wp--preset--spacing--side-padding);padding-top:var(--wp--preset--spacing--side-padding)\">\n<div class=\"wp-block-column is-vertically-aligned-center is-layout-flow wp-block-column-is-layout-flow\">\n<h3 class=\"wp-block-heading\" style=\"margin-bottom:var(--wp--preset--spacing--h-3-bottom)\">conception de logos personnalis\u00e9s<\/h3>\n\n\n\n<p><strong><em>Possibilit\u00e9 d&rsquo;imprimer le logo ou le dessin de l&rsquo;entreprise directement sur le tapis.<\/em><\/strong><\/p>\n\n\n\n<p>L&rsquo;ajout d&rsquo;options de conception personnalis\u00e9es au tapis Evolve NBR Studio Mat permet de l&rsquo;aligner plus \u00e9troitement sur la marque de l&rsquo;entreprise ou sur les pr\u00e9f\u00e9rences esth\u00e9tiques personnelles. Une telle personnalisation rendrait le tapis plus attrayant pour les programmes de bien-\u00eatre des entreprises, les gymnases qui cherchent \u00e0 renforcer l&rsquo;identit\u00e9 de leur marque ou les particuliers qui veulent un tapis qui refl\u00e8te leur style personnel.<\/p>\n<\/div>\n\n\n\n<div class=\"wp-block-column is-vertically-aligned-center is-layout-flow wp-block-column-is-layout-flow\">\n<div class=\"wp-block-columns is-layout-flex wp-container-core-columns-is-layout-9d6595d7 wp-block-columns-is-layout-flex\">\n<div class=\"wp-block-column is-layout-flow wp-block-column-is-layout-flow\">\n<figure class=\"wp-block-image size-full\"><img loading=\"lazy\" decoding=\"async\" width=\"680\" height=\"600\" src=\"https:\/\/store.evolve-fitness.eu\/wp-content\/uploads\/2023\/09\/EV-TM-NBR-Evolve-NBR-Studio-Mat-2-1.png\" alt=\"\" class=\"wp-image-100306\" srcset=\"https:\/\/store.evolve-fitness.eu\/wp-content\/uploads\/2023\/09\/EV-TM-NBR-Evolve-NBR-Studio-Mat-2-1.png 680w, https:\/\/store.evolve-fitness.eu\/wp-content\/uploads\/2023\/09\/EV-TM-NBR-Evolve-NBR-Studio-Mat-2-1-300x265.png 300w, https:\/\/store.evolve-fitness.eu\/wp-content\/uploads\/2023\/09\/EV-TM-NBR-Evolve-NBR-Studio-Mat-2-1-600x529.png 600w\" sizes=\"auto, (max-width: 680px) 100vw, 680px\" \/><\/figure>\n<\/div>\n<\/div>\n<\/div>\n<\/div>\n<\/section>\n<\/section>\n","protected":false},"excerpt":{"rendered":"<p>Voici le tapis Evolve NBR Studio Mat &#8211; 140 cm, le choix ultime pour vos besoins d&rsquo;entra\u00eenement. Ce tapis de fitness d&rsquo;une \u00e9paisseur de 1 cm offre un confort et une stabilit\u00e9 exceptionnels, parfaits pour le yoga, l&rsquo;a\u00e9robic, le pilates, le stretching, etc. Son mat\u00e9riau haute densit\u00e9 garantit sa durabilit\u00e9, le rend imperm\u00e9able \u00e0 la transpiration et facile \u00e0 nettoyer. Avec ses caract\u00e9ristiques antid\u00e9rapantes, ses coins arrondis et son absorption optimale des chocs, il garantit une s\u00e9curit\u00e9 maximale pendant vos s\u00e9ances d&rsquo;entra\u00eenement. De plus, sa structure hygi\u00e9nique \u00e0 cellules ferm\u00e9es et sa nature imperm\u00e9able font de l&rsquo;entretien un jeu d&rsquo;enfant. Ce tapis de qualit\u00e9 commerciale est con\u00e7u pour durer, contrairement \u00e0 d&rsquo;autres sur le march\u00e9, et est dot\u00e9 d&rsquo;\u0153illets int\u00e9gr\u00e9s pour un rangement facile. Le tapis de fitness Evolve, qui ne p\u00e8se que 1,2 kg, vous permet d&rsquo;am\u00e9liorer votre programme d&rsquo;exercices. Faites l&rsquo;exp\u00e9rience de la long\u00e9vit\u00e9 et du confort comme jamais auparavant.<\/p>\n<p>\n","protected":false},"featured_media":16822,"template":"","meta":{"_acf_changed":false,"inline_featured_image":false},"product_cat":[2416,476],"product_tag":[],"class_list":{"0":"post-16811","1":"product","2":"type-product","3":"status-publish","4":"has-post-thumbnail","6":"product_cat-hyrox-gear","7":"product_cat-studio-fr","9":"first","10":"instock","11":"sale","12":"shipping-taxable","13":"purchasable","14":"product-type-simple"},"acf":[],"_links":{"self":[{"href":"https:\/\/store.evolve-fitness.eu\/fr\/wp-json\/wp\/v2\/product\/16811","targetHints":{"allow":["GET"]}}],"collection":[{"href":"https:\/\/store.evolve-fitness.eu\/fr\/wp-json\/wp\/v2\/product"}],"about":[{"href":"https:\/\/store.evolve-fitness.eu\/fr\/wp-json\/wp\/v2\/types\/product"}],"wp:featuredmedia":[{"embeddable":true,"href":"https:\/\/store.evolve-fitness.eu\/fr\/wp-json\/wp\/v2\/media\/16822"}],"wp:attachment":[{"href":"https:\/\/store.evolve-fitness.eu\/fr\/wp-json\/wp\/v2\/media?parent=16811"}],"wp:term":[{"taxonomy":"product_cat","embeddable":true,"href":"https:\/\/store.evolve-fitness.eu\/fr\/wp-json\/wp\/v2\/product_cat?post=16811"},{"taxonomy":"product_tag","embeddable":true,"href":"https:\/\/store.evolve-fitness.eu\/fr\/wp-json\/wp\/v2\/product_tag?post=16811"}],"curies":[{"name":"wp","href":"https:\/\/api.w.org\/{rel}","templated":true}]}}