{"id":16171,"date":"2024-01-30T15:37:45","date_gmt":"2024-01-30T15:37:45","guid":{"rendered":"https:\/\/store.evolve-fitness.eu\/product\/evolve-ultra-series-chest-press-avec-charge-de-plaques\/"},"modified":"2024-12-02T15:08:41","modified_gmt":"2024-12-02T15:08:41","slug":"evolve-ultra-series-chest-press-avec-charge-de-plaques","status":"publish","type":"product","link":"https:\/\/store.evolve-fitness.eu\/fr\/produit\/evolve-ultra-series-chest-press-avec-charge-de-plaques\/","title":{"rendered":"Evolve Ultra Series Chest Press avec charge de plaques"},"content":{"rendered":"\n<section class=\"wp-block-group alignfull black-content has-white-color has-darkgray-background-color has-text-color has-background is-layout-constrained wp-block-group-is-layout-constrained\" style=\"padding-top:var(--wp--preset--spacing--section-bottom);padding-bottom:var(--wp--preset--spacing--section-bottom)\">\n<section class=\"wp-block-group alignfull black-content has-white-color has-darkgray-background-color has-text-color has-background is-layout-constrained wp-block-group-is-layout-constrained\" style=\"padding-top:var(--wp--preset--spacing--section-bottom);padding-bottom:var(--wp--preset--spacing--section-bottom)\">\n<div class=\"wp-block-columns alignwide mobile-reverse is-layout-flex wp-container-core-columns-is-layout-ca64bf2d wp-block-columns-is-layout-flex\" style=\"margin-bottom:var(--wp--preset--spacing--side-padding)\">\n<div class=\"wp-block-column is-vertically-aligned-center is-layout-flow wp-block-column-is-layout-flow\">\n<h3 class=\"wp-block-heading\" style=\"margin-bottom:var(--wp--preset--spacing--h-3-bottom)\"><strong><strong><strong><strong><strong><strong><strong><strong><strong>Engagement musculaire cibl\u00e9<\/strong><\/strong><\/strong><\/strong><\/strong><\/strong><\/strong><\/strong><\/strong><\/h3>\n\n\n\n<p><strong><em>Groupes musculaires cibl\u00e9s<\/em><\/strong><\/p>\n\n\n\n<p>La presse \u00e0 poitrine Evolve Ultra Series avec charge de plaques est con\u00e7ue pour travailler les muscles de la poitrine, y compris les grands et petits pectoraux, les delto\u00efdes et les triceps. Sa conception permet une amplitude de mouvement naturelle, garantissant que chaque r\u00e9p\u00e9tition engage les muscles cibl\u00e9s pour une croissance et une force efficaces.<\/p>\n\n\n\n<p><\/p>\n\n\n\n<h3 class=\"wp-block-heading\" style=\"margin-bottom:var(--wp--preset--spacing--h-3-bottom)\"><strong><strong><strong><strong><strong>Design confortable<\/strong><\/strong><\/strong><\/strong><\/strong><\/h3>\n\n\n\n<p><strong><strong><strong><em>Poign\u00e9es et coussinets ergonomiques<\/em><\/strong><\/strong><\/strong><\/p>\n\n\n\n<p style=\"margin-bottom:var(--wp--preset--spacing--tb-section-padding)\">Con\u00e7ue pour le confort de l&rsquo;utilisateur, cette presse thoracique est dot\u00e9e de coussins et de poign\u00e9es ergonomiques qui permettent d&rsquo;aligner et de soutenir correctement le corps. Le si\u00e8ge et le dossier r\u00e9glables conviennent aux utilisateurs de toutes tailles, r\u00e9duisant ainsi le risque de tension ou de blessure pendant les s\u00e9ances d&rsquo;entra\u00eenement.<\/p>\n<\/div>\n\n\n\n<div class=\"wp-block-column is-vertically-aligned-center is-layout-flow wp-block-column-is-layout-flow\">\n<figure class=\"wp-block-video\"><video autoplay=\"\" controls=\"\" loop=\"\" muted=\"\" src=\"https:\/\/evolve-fitness.eu\/wp-content\/uploads\/2023\/09\/EV-PL-UL-010.mp4\"><\/video><\/figure>\n<\/div>\n<\/div>\n\n\n\n<div class=\"wp-block-columns alignwide mobile-reverse is-layout-flex wp-container-core-columns-is-layout-ca64bf2d wp-block-columns-is-layout-flex\" style=\"margin-bottom:var(--wp--preset--spacing--side-padding)\">\n<div class=\"wp-block-column is-vertically-aligned-center is-layout-flow wp-block-column-is-layout-flow\">\n<figure class=\"wp-block-image size-large\"><img decoding=\"async\" src=\"https:\/\/evolve-fitness.eu\/wp-content\/uploads\/2023\/09\/EV-PL-UL-010-2-683x1024.jpg\" alt=\"EV-PL-UL-010\" class=\"wp-image-166485\"\/><\/figure>\n<\/div>\n\n\n\n<div class=\"wp-block-column is-vertically-aligned-center is-layout-flow wp-block-column-is-layout-flow\">\n<h3 class=\"wp-block-heading\" style=\"margin-bottom:var(--wp--preset--spacing--h-3-bottom)\"><strong><strong><strong><strong><strong><strong><strong><strong><strong>R\u00e9sistance r\u00e9glable<\/strong><\/strong><\/strong><\/strong><\/strong><\/strong><\/strong><\/strong><\/strong><\/h3>\n\n\n\n<p><strong><em>Plaques de poids personnalisables<\/em><\/strong><\/p>\n\n\n\n<p>Vous pouvez personnaliser vos s\u00e9ances d&rsquo;entra\u00eenement avec cet appareil en r\u00e9glant les plateaux de poids. Cette caract\u00e9ristique permet \u00e0 l&rsquo;appareil de convenir \u00e0 des utilisateurs de diff\u00e9rents niveaux de condition physique et d&rsquo;objectifs d&rsquo;entra\u00eenement, qu&rsquo;il s&rsquo;agisse d&rsquo;endurance, d&rsquo;hypertrophie ou de renforcement musculaire.<\/p>\n<\/div>\n<\/div>\n\n\n\n<div class=\"wp-block-columns alignwide mobile-reverse is-layout-flex wp-container-core-columns-is-layout-ca64bf2d wp-block-columns-is-layout-flex\" style=\"margin-bottom:var(--wp--preset--spacing--side-padding)\">\n<div class=\"wp-block-column is-vertically-aligned-center is-layout-flow wp-block-column-is-layout-flow\">\n<h3 class=\"wp-block-heading\" style=\"margin-bottom:var(--wp--preset--spacing--h-3-bottom)\"><strong><strong><strong><strong><strong><strong><strong><strong><strong>Durabilit\u00e9 et stabilit\u00e9<\/strong><\/strong><\/strong><\/strong><\/strong><\/strong><\/strong><\/strong><\/strong><\/h3>\n\n\n\n<p><strong><em>Construction de haute qualit\u00e9<\/em><\/strong><\/p>\n\n\n\n<p>Fabriqu\u00e9e \u00e0 partir de mat\u00e9riaux de haute qualit\u00e9, la presse \u00e0 pectoraux \u00e0 plateau Evolve Ultra Series est durable et stable, ce qui la rend adapt\u00e9e aux salles de sport domestiques et commerciales. Son cadre robuste garantit la s\u00e9curit\u00e9 et la fiabilit\u00e9 pendant les s\u00e9ances d&rsquo;entra\u00eenement intenses.<\/p>\n<\/div>\n\n\n\n<div class=\"wp-block-column is-vertically-aligned-center is-layout-flow wp-block-column-is-layout-flow\">\n<figure class=\"wp-block-image size-large\"><img decoding=\"async\" src=\"https:\/\/evolve-fitness.eu\/wp-content\/uploads\/2023\/09\/EV-PL-UL-010-1-683x1024.jpg\" alt=\"\" class=\"wp-image-166510\"\/><\/figure>\n<\/div>\n<\/div>\n\n\n\n<div class=\"wp-block-columns alignwide mobile-reverse is-layout-flex wp-container-core-columns-is-layout-ca64bf2d wp-block-columns-is-layout-flex\" style=\"margin-bottom:var(--wp--preset--spacing--side-padding)\">\n<div class=\"wp-block-column is-vertically-aligned-center is-layout-flow wp-block-column-is-layout-flow\">\n<figure class=\"wp-block-image size-large\"><img decoding=\"async\" src=\"https:\/\/evolve-fitness.eu\/wp-content\/uploads\/2023\/09\/EV-PL-UL-010-4-1024x683.jpg\" alt=\"\" class=\"wp-image-166535\"\/><\/figure>\n<\/div>\n\n\n\n<div class=\"wp-block-column is-vertically-aligned-center is-layout-flow wp-block-column-is-layout-flow\">\n<h3 class=\"wp-block-heading\" style=\"margin-bottom:var(--wp--preset--spacing--h-3-bottom)\"><strong><strong><strong><strong><strong><strong><strong><strong>Empreinte compacte<\/strong><\/strong><\/strong><\/strong><\/strong><\/strong><\/strong><\/strong><\/h3>\n\n\n\n<p><strong><em><strong><strong><strong><strong><strong>Une conception peu encombrante<\/strong><\/strong><\/strong><\/strong><\/strong><\/em><\/strong><\/p>\n\n\n\n<p>Malgr\u00e9 sa fonctionnalit\u00e9, cet appareil est compact et convient donc aux petits espaces d&rsquo;entra\u00eenement. Son design \u00e9pur\u00e9 optimise l&rsquo;efficacit\u00e9 sans occuper trop d&rsquo;espace au sol.<\/p>\n<\/div>\n<\/div>\n<\/section>\n<\/section>\n","protected":false},"excerpt":{"rendered":"<p>Am\u00e9liorez l&rsquo;offre de votre salle de sport avec le Evolve Ultra Series Plate Loaded Chest Press UL-010. Con\u00e7ue pour les centres de fitness commerciaux, cette presse thoracique est dot\u00e9e d&rsquo;un cadre en acier robuste avec protection contre la rouille, de 6 supports int\u00e9gr\u00e9s pour le rangement des plaques de poids et de poign\u00e9es antid\u00e9rapantes pour la s\u00e9curit\u00e9. Sa conception ergonomique, son mouvement unilat\u00e9ral du bras et ses couleurs personnalisables en font un choix de premier ordre. Avec une garantie de 2 ans, c&rsquo;est le compl\u00e9ment id\u00e9al pour les salles de sport \u00e0 la recherche d&rsquo;un \u00e9quipement durable et de haute qualit\u00e9. Am\u00e9liorez l&rsquo;\u00e9quipement de votre salle de sport avec cette presse \u00e0 pectoraux exceptionnelle.<\/p>\n","protected":false},"featured_media":61599,"template":"","meta":{"_acf_changed":false,"inline_featured_image":false},"product_cat":[413,780,784],"product_tag":[],"class_list":{"0":"post-16171","1":"product","2":"type-product","3":"status-publish","4":"has-post-thumbnail","6":"product_cat-page-daccueil","7":"product_cat-machines-a-plateau","8":"product_cat-ultra-series-plate-loaded-fr","10":"first","11":"instock","12":"shipping-taxable","13":"purchasable","14":"product-type-simple"},"acf":[],"_links":{"self":[{"href":"https:\/\/store.evolve-fitness.eu\/fr\/wp-json\/wp\/v2\/product\/16171","targetHints":{"allow":["GET"]}}],"collection":[{"href":"https:\/\/store.evolve-fitness.eu\/fr\/wp-json\/wp\/v2\/product"}],"about":[{"href":"https:\/\/store.evolve-fitness.eu\/fr\/wp-json\/wp\/v2\/types\/product"}],"wp:featuredmedia":[{"embeddable":true,"href":"https:\/\/store.evolve-fitness.eu\/fr\/wp-json\/wp\/v2\/media\/61599"}],"wp:attachment":[{"href":"https:\/\/store.evolve-fitness.eu\/fr\/wp-json\/wp\/v2\/media?parent=16171"}],"wp:term":[{"taxonomy":"product_cat","embeddable":true,"href":"https:\/\/store.evolve-fitness.eu\/fr\/wp-json\/wp\/v2\/product_cat?post=16171"},{"taxonomy":"product_tag","embeddable":true,"href":"https:\/\/store.evolve-fitness.eu\/fr\/wp-json\/wp\/v2\/product_tag?post=16171"}],"curies":[{"name":"wp","href":"https:\/\/api.w.org\/{rel}","templated":true}]}}