{"id":16162,"date":"2023-09-26T11:15:05","date_gmt":"2023-09-26T11:15:05","guid":{"rendered":"https:\/\/store.evolve-fitness.eu\/product\/evolve-bodypump-bar-2kg\/"},"modified":"2026-03-11T12:00:22","modified_gmt":"2026-03-11T12:00:22","slug":"evolve-bodypump-bar-2kg","status":"publish","type":"product","link":"https:\/\/store.evolve-fitness.eu\/fr\/produit\/evolve-bodypump-bar-2kg\/","title":{"rendered":"B\u00e2ton en bois noir Evolve"},"content":{"rendered":"\n<p> <mark style=\"background-color:rgba(0, 0, 0, 0);color:#ffffff\" class=\"has-inline-color\">ASD<\/mark><\/p>\n\n<p><\/p>\n","protected":false},"excerpt":{"rendered":"<p>Am\u00e9liorez vos s\u00e9ances d&rsquo;entra\u00eenement avec le b\u00e2ton en bois Evolve Black, l&rsquo;outil pour am\u00e9liorer la force, la flexibilit\u00e9 et l&rsquo;\u00e9quilibre. Fabriqu\u00e9 en bois de haute qualit\u00e9, ce b\u00e2ton durable est parfait pour une vari\u00e9t\u00e9 d&rsquo;exercices, y compris l&rsquo;entra\u00eenement aux arts martiaux, le yoga, le Pilates et la th\u00e9rapie physique. Comprend du bois noir de premi\u00e8re qualit\u00e9 pour la durabilit\u00e9 et l&rsquo;esth\u00e9tique, une finition lisse pour une prise en main confortable.  <\/p>\n<p>\n","protected":false},"featured_media":89806,"template":"","meta":{"_acf_changed":false,"inline_featured_image":false},"product_cat":[476],"product_tag":[],"class_list":{"0":"post-16162","1":"product","2":"type-product","3":"status-publish","4":"has-post-thumbnail","6":"product_cat-studio-fr","8":"first","9":"instock","10":"shipping-taxable","11":"purchasable","12":"product-type-simple"},"acf":[],"_links":{"self":[{"href":"https:\/\/store.evolve-fitness.eu\/fr\/wp-json\/wp\/v2\/product\/16162","targetHints":{"allow":["GET"]}}],"collection":[{"href":"https:\/\/store.evolve-fitness.eu\/fr\/wp-json\/wp\/v2\/product"}],"about":[{"href":"https:\/\/store.evolve-fitness.eu\/fr\/wp-json\/wp\/v2\/types\/product"}],"wp:featuredmedia":[{"embeddable":true,"href":"https:\/\/store.evolve-fitness.eu\/fr\/wp-json\/wp\/v2\/media\/89806"}],"wp:attachment":[{"href":"https:\/\/store.evolve-fitness.eu\/fr\/wp-json\/wp\/v2\/media?parent=16162"}],"wp:term":[{"taxonomy":"product_cat","embeddable":true,"href":"https:\/\/store.evolve-fitness.eu\/fr\/wp-json\/wp\/v2\/product_cat?post=16162"},{"taxonomy":"product_tag","embeddable":true,"href":"https:\/\/store.evolve-fitness.eu\/fr\/wp-json\/wp\/v2\/product_tag?post=16162"}],"curies":[{"name":"wp","href":"https:\/\/api.w.org\/{rel}","templated":true}]}}