{"id":15768,"date":"2024-01-29T07:33:44","date_gmt":"2024-01-29T07:33:44","guid":{"rendered":"https:\/\/store.evolve-fitness.eu\/product\/systeme-evolve-complete-power-rack-230-270-cm-2\/"},"modified":"2025-03-27T07:14:50","modified_gmt":"2025-03-27T07:14:50","slug":"systeme-evolve-complete-power-rack-230-270-cm-2","status":"publish","type":"product","link":"https:\/\/store.evolve-fitness.eu\/fr\/produit\/systeme-evolve-complete-power-rack-230-270-cm-2\/","title":{"rendered":"Syst\u00e8me Evolve Complete Power Rack 230 &#8211; 270 cm"},"content":{"rendered":"","protected":false},"excerpt":{"rendered":"<p>Lib\u00e9rez la puissance du fitness avec le syst\u00e8me de power rack Evolve enti\u00e8rement \u00e9quip\u00e9, dot\u00e9 d&rsquo;\u00e9tag\u00e8res de stockage int\u00e9gr\u00e9es pour une organisation sans faille des stocks et des accessoires. Id\u00e9ale pour un usage commercial, cette solution d&rsquo;entra\u00eenement musculaire robuste est construite avec pr\u00e9cision \u00e0 partir d&rsquo;un acier de 3 mm d&rsquo;\u00e9paisseur. Am\u00e9liorez votre exp\u00e9rience en salle de sport gr\u00e2ce \u00e0 l&rsquo;efficacit\u00e9 et au style d&rsquo;Evolve.<\/p>\n","protected":false},"featured_media":97301,"template":"","meta":{"_acf_changed":false,"inline_featured_image":false},"product_cat":[679,413,591],"product_tag":[],"class_list":{"0":"post-15768","1":"product","2":"type-product","3":"status-publish","4":"has-post-thumbnail","6":"product_cat-installations-completes","7":"product_cat-page-daccueil","8":"product_cat-transversal-et-fonctionnel","10":"first","11":"outofstock","12":"shipping-taxable","13":"purchasable","14":"product-type-variable"},"acf":[],"_links":{"self":[{"href":"https:\/\/store.evolve-fitness.eu\/fr\/wp-json\/wp\/v2\/product\/15768","targetHints":{"allow":["GET"]}}],"collection":[{"href":"https:\/\/store.evolve-fitness.eu\/fr\/wp-json\/wp\/v2\/product"}],"about":[{"href":"https:\/\/store.evolve-fitness.eu\/fr\/wp-json\/wp\/v2\/types\/product"}],"wp:featuredmedia":[{"embeddable":true,"href":"https:\/\/store.evolve-fitness.eu\/fr\/wp-json\/wp\/v2\/media\/97301"}],"wp:attachment":[{"href":"https:\/\/store.evolve-fitness.eu\/fr\/wp-json\/wp\/v2\/media?parent=15768"}],"wp:term":[{"taxonomy":"product_cat","embeddable":true,"href":"https:\/\/store.evolve-fitness.eu\/fr\/wp-json\/wp\/v2\/product_cat?post=15768"},{"taxonomy":"product_tag","embeddable":true,"href":"https:\/\/store.evolve-fitness.eu\/fr\/wp-json\/wp\/v2\/product_tag?post=15768"}],"curies":[{"name":"wp","href":"https:\/\/api.w.org\/{rel}","templated":true}]}}