{"id":15301,"date":"2024-01-26T15:37:35","date_gmt":"2024-01-26T15:37:35","guid":{"rendered":"https:\/\/store.evolve-fitness.eu\/product\/montants-evolve-pour-systemes-de-rangement-120-190-cm\/"},"modified":"2026-04-04T12:00:43","modified_gmt":"2026-04-04T12:00:43","slug":"montants-evolve-pour-systemes-de-rangement-120-190-cm","status":"publish","type":"product","link":"https:\/\/store.evolve-fitness.eu\/fr\/produit\/montants-evolve-pour-systemes-de-rangement-120-190-cm\/","title":{"rendered":"Montants Evolve pour syst\u00e8mes de rangement 120 \/ 190 cm"},"content":{"rendered":"","protected":false},"excerpt":{"rendered":"<p>Optimisez votre espace de rangement avec les montants Evolve pour syst\u00e8mes de rangement en 120 cm et 190 cm de hauteur. Ces montants robustes et polyvalents sont con\u00e7us pour am\u00e9liorer la fonctionnalit\u00e9 de votre syst\u00e8me de stockage, en fournissant un support fiable pour les \u00e9tag\u00e8res et les accessoires. Con\u00e7us pour durer, les montants Evolve s&rsquo;int\u00e8grent parfaitement \u00e0 votre environnement de fitness, vous permettant de cr\u00e9er un espace bien organis\u00e9 et efficace pour votre \u00e9quipement de gym. Am\u00e9liorez vos solutions de rangement avec les montants Evolve, con\u00e7us pour r\u00e9pondre aux exigences d&rsquo;un espace de fitness dynamique et fonctionnel.<\/p>\n","protected":false},"featured_media":15331,"template":"","meta":{"_acf_changed":false,"inline_featured_image":false},"product_cat":[413,591,664,703],"product_tag":[],"class_list":{"0":"post-15301","1":"product","2":"type-product","3":"status-publish","4":"has-post-thumbnail","6":"product_cat-page-daccueil","7":"product_cat-transversal-et-fonctionnel","8":"product_cat-composants-de-lappareil-de-forage","9":"product_cat-stockage","11":"first","12":"instock","13":"shipping-taxable","14":"purchasable","15":"product-type-variable"},"acf":[],"_links":{"self":[{"href":"https:\/\/store.evolve-fitness.eu\/fr\/wp-json\/wp\/v2\/product\/15301","targetHints":{"allow":["GET"]}}],"collection":[{"href":"https:\/\/store.evolve-fitness.eu\/fr\/wp-json\/wp\/v2\/product"}],"about":[{"href":"https:\/\/store.evolve-fitness.eu\/fr\/wp-json\/wp\/v2\/types\/product"}],"wp:featuredmedia":[{"embeddable":true,"href":"https:\/\/store.evolve-fitness.eu\/fr\/wp-json\/wp\/v2\/media\/15331"}],"wp:attachment":[{"href":"https:\/\/store.evolve-fitness.eu\/fr\/wp-json\/wp\/v2\/media?parent=15301"}],"wp:term":[{"taxonomy":"product_cat","embeddable":true,"href":"https:\/\/store.evolve-fitness.eu\/fr\/wp-json\/wp\/v2\/product_cat?post=15301"},{"taxonomy":"product_tag","embeddable":true,"href":"https:\/\/store.evolve-fitness.eu\/fr\/wp-json\/wp\/v2\/product_tag?post=15301"}],"curies":[{"name":"wp","href":"https:\/\/api.w.org\/{rel}","templated":true}]}}