{"id":14982,"date":"2024-01-26T15:52:11","date_gmt":"2024-01-26T15:52:11","guid":{"rendered":"https:\/\/store.evolve-fitness.eu\/product\/systeme-evolve-complete-power-rack-230-270-cm\/"},"modified":"2025-03-27T07:15:39","modified_gmt":"2025-03-27T07:15:39","slug":"systeme-evolve-complete-power-rack-230-270-cm","status":"publish","type":"product","link":"https:\/\/store.evolve-fitness.eu\/fr\/produit\/systeme-evolve-complete-power-rack-230-270-cm\/","title":{"rendered":"Syst\u00e8me Evolve Complete Power Rack 230 &#8211; 270 cm"},"content":{"rendered":"","protected":false},"excerpt":{"rendered":"<p>Nous vous pr\u00e9sentons le syst\u00e8me de racks \u00e9lectriques Evolve enti\u00e8rement \u00e9quip\u00e9, con\u00e7u pour une utilisation commerciale et dot\u00e9 d&rsquo;\u00e9tag\u00e8res de stockage pour les stocks et les accessoires. Fabriqu\u00e9e avec pr\u00e9cision et durabilit\u00e9, cette centrale en acier de 3 mm d&rsquo;\u00e9paisseur constitue une base solide pour l&rsquo;entra\u00eenement de la force. Am\u00e9liorez votre espace de fitness avec la commodit\u00e9 des solutions de rangement int\u00e9gr\u00e9es et faites l&rsquo;exp\u00e9rience d&rsquo;un m\u00e9lange harmonieux de fonctionnalit\u00e9 et de style. Evolve &#8211; o\u00f9 l&rsquo;innovation rencontre la performance dans le monde de l&rsquo;\u00e9quipement de gymnastique commercial.<\/p>\n","protected":false},"featured_media":97276,"template":"","meta":{"_acf_changed":false,"inline_featured_image":false},"product_cat":[413,591,679],"product_tag":[],"class_list":{"0":"post-14982","1":"product","2":"type-product","3":"status-publish","4":"has-post-thumbnail","6":"product_cat-page-daccueil","7":"product_cat-transversal-et-fonctionnel","8":"product_cat-installations-completes","10":"first","11":"outofstock","12":"shipping-taxable","13":"purchasable","14":"product-type-variable"},"acf":[],"_links":{"self":[{"href":"https:\/\/store.evolve-fitness.eu\/fr\/wp-json\/wp\/v2\/product\/14982","targetHints":{"allow":["GET"]}}],"collection":[{"href":"https:\/\/store.evolve-fitness.eu\/fr\/wp-json\/wp\/v2\/product"}],"about":[{"href":"https:\/\/store.evolve-fitness.eu\/fr\/wp-json\/wp\/v2\/types\/product"}],"wp:featuredmedia":[{"embeddable":true,"href":"https:\/\/store.evolve-fitness.eu\/fr\/wp-json\/wp\/v2\/media\/97276"}],"wp:attachment":[{"href":"https:\/\/store.evolve-fitness.eu\/fr\/wp-json\/wp\/v2\/media?parent=14982"}],"wp:term":[{"taxonomy":"product_cat","embeddable":true,"href":"https:\/\/store.evolve-fitness.eu\/fr\/wp-json\/wp\/v2\/product_cat?post=14982"},{"taxonomy":"product_tag","embeddable":true,"href":"https:\/\/store.evolve-fitness.eu\/fr\/wp-json\/wp\/v2\/product_tag?post=14982"}],"curies":[{"name":"wp","href":"https:\/\/api.w.org\/{rel}","templated":true}]}}