{"id":14923,"date":"2024-01-26T14:28:04","date_gmt":"2024-01-26T14:28:04","guid":{"rendered":"https:\/\/store.evolve-fitness.eu\/product\/ceinture-evolve-attachement-squat\/"},"modified":"2024-08-06T12:58:32","modified_gmt":"2024-08-06T12:58:32","slug":"ceinture-evolve-attachement-squat","status":"publish","type":"product","link":"https:\/\/store.evolve-fitness.eu\/fr\/produit\/ceinture-evolve-attachement-squat\/","title":{"rendered":"Ceinture Evolve Attachement Squat"},"content":{"rendered":"","protected":false},"excerpt":{"rendered":"<p>Am\u00e9liorez votre programme d&rsquo;entra\u00eenement avec l&rsquo;accessoire de squat de la ceinture Evolve, con\u00e7u pour s&rsquo;attacher sans probl\u00e8me \u00e0 n&rsquo;importe quel appareil Upright. D\u00e9couvrez la facilit\u00e9 de l&rsquo;effondrement automatique du support au d\u00e9but de l&rsquo;exercice, suivi d&rsquo;un pliage sans effort pour un rangement pratique apr\u00e8s l&rsquo;exercice. Cet accessoire polyvalent, compatible avec toutes les plaques de poids olympiques dot\u00e9es d&rsquo;un trou de 50 mm de diam\u00e8tre, offre une solution peu encombrante pour un entra\u00eenement efficace \u00e0 domicile ou en salle de sport. Am\u00e9liorez votre parcours de remise en forme avec l&rsquo;accessoire de squat de la ceinture Evolve, qui allie fonctionnalit\u00e9 et praticit\u00e9 pour une exp\u00e9rience d&rsquo;entra\u00eenement dynamique.  <\/p>\n","protected":false},"featured_media":14943,"template":"","meta":{"_acf_changed":false,"inline_featured_image":false},"product_cat":[413,591,664,665],"product_tag":[],"class_list":{"0":"post-14923","1":"product","2":"type-product","3":"status-publish","4":"has-post-thumbnail","6":"product_cat-page-daccueil","7":"product_cat-transversal-et-fonctionnel","8":"product_cat-composants-de-lappareil-de-forage","9":"product_cat-accessoires-fr","11":"first","12":"instock","13":"shipping-taxable","14":"purchasable","15":"product-type-simple"},"acf":[],"_links":{"self":[{"href":"https:\/\/store.evolve-fitness.eu\/fr\/wp-json\/wp\/v2\/product\/14923","targetHints":{"allow":["GET"]}}],"collection":[{"href":"https:\/\/store.evolve-fitness.eu\/fr\/wp-json\/wp\/v2\/product"}],"about":[{"href":"https:\/\/store.evolve-fitness.eu\/fr\/wp-json\/wp\/v2\/types\/product"}],"wp:featuredmedia":[{"embeddable":true,"href":"https:\/\/store.evolve-fitness.eu\/fr\/wp-json\/wp\/v2\/media\/14943"}],"wp:attachment":[{"href":"https:\/\/store.evolve-fitness.eu\/fr\/wp-json\/wp\/v2\/media?parent=14923"}],"wp:term":[{"taxonomy":"product_cat","embeddable":true,"href":"https:\/\/store.evolve-fitness.eu\/fr\/wp-json\/wp\/v2\/product_cat?post=14923"},{"taxonomy":"product_tag","embeddable":true,"href":"https:\/\/store.evolve-fitness.eu\/fr\/wp-json\/wp\/v2\/product_tag?post=14923"}],"curies":[{"name":"wp","href":"https:\/\/api.w.org\/{rel}","templated":true}]}}