{"id":14780,"date":"2024-01-26T14:48:26","date_gmt":"2024-01-26T14:48:26","guid":{"rendered":"https:\/\/store.evolve-fitness.eu\/product\/sphere-de-traction-suspendue-evolve-70-100-mm\/"},"modified":"2025-11-07T10:30:01","modified_gmt":"2025-11-07T10:30:01","slug":"sphere-de-traction-suspendue-evolve-70-100-mm","status":"publish","type":"product","link":"https:\/\/store.evolve-fitness.eu\/fr\/produit\/sphere-de-traction-suspendue-evolve-70-100-mm\/","title":{"rendered":"Sph\u00e8re de traction suspendue Evolve 70 &#8211; 100 mm"},"content":{"rendered":"","protected":false},"excerpt":{"rendered":"<p>Am\u00e9liorez votre jeu de tractions avec l&rsquo;ensemble Evolve Hanging Pull-Up Sphere, qui comprend des balles de 70 mm et 100 mm con\u00e7ues pour am\u00e9liorer la prise de la main pendant les tractions. Sp\u00e9cialement con\u00e7ues pour les sports qui exigent une forte prise, comme l&rsquo;escalade et l&rsquo;halt\u00e9rophilie, ces sph\u00e8res constituent un moyen unique et efficace d&rsquo;entra\u00eener la force de la prise et de solliciter les muscles de l&rsquo;avant-bras. Les bandes Evolve, fix\u00e9es \u00e0 l&rsquo;aide de crochets en fer robustes, permettent de les attacher \u00e0 la barre sans effort. En incorporant ces sph\u00e8res dans votre programme de tractions, vous am\u00e9liorez non seulement la force de pr\u00e9hension, mais vous ciblez \u00e9galement les avant-bras d&rsquo;une mani\u00e8re particuli\u00e8re, ce qui favorise l&rsquo;augmentation de la force et du contr\u00f4le. Pour ceux qui recherchent une m\u00e9thode efficace pour renforcer les muscles de la poign\u00e9e et de l&rsquo;avant-bras, la sph\u00e8re de traction suspendue Evolve est la solution de remise en forme id\u00e9ale.<\/p>\n","protected":false},"featured_media":97932,"template":"","meta":{"_acf_changed":false,"inline_featured_image":false},"product_cat":[413,591,664,665],"product_tag":[],"class_list":{"0":"post-14780","1":"product","2":"type-product","3":"status-publish","4":"has-post-thumbnail","6":"product_cat-page-daccueil","7":"product_cat-transversal-et-fonctionnel","8":"product_cat-composants-de-lappareil-de-forage","9":"product_cat-accessoires-fr","11":"first","12":"outofstock","13":"shipping-taxable","14":"purchasable","15":"product-type-variable"},"acf":[],"_links":{"self":[{"href":"https:\/\/store.evolve-fitness.eu\/fr\/wp-json\/wp\/v2\/product\/14780","targetHints":{"allow":["GET"]}}],"collection":[{"href":"https:\/\/store.evolve-fitness.eu\/fr\/wp-json\/wp\/v2\/product"}],"about":[{"href":"https:\/\/store.evolve-fitness.eu\/fr\/wp-json\/wp\/v2\/types\/product"}],"wp:featuredmedia":[{"embeddable":true,"href":"https:\/\/store.evolve-fitness.eu\/fr\/wp-json\/wp\/v2\/media\/97932"}],"wp:attachment":[{"href":"https:\/\/store.evolve-fitness.eu\/fr\/wp-json\/wp\/v2\/media?parent=14780"}],"wp:term":[{"taxonomy":"product_cat","embeddable":true,"href":"https:\/\/store.evolve-fitness.eu\/fr\/wp-json\/wp\/v2\/product_cat?post=14780"},{"taxonomy":"product_tag","embeddable":true,"href":"https:\/\/store.evolve-fitness.eu\/fr\/wp-json\/wp\/v2\/product_tag?post=14780"}],"curies":[{"name":"wp","href":"https:\/\/api.w.org\/{rel}","templated":true}]}}