{"id":14384,"date":"2023-09-20T07:44:44","date_gmt":"2023-09-20T07:44:44","guid":{"rendered":"https:\/\/store.evolve-fitness.eu\/product\/ballon-de-gymnastique-evolve-burst-65cm\/"},"modified":"2026-02-12T12:00:17","modified_gmt":"2026-02-12T12:00:17","slug":"ballon-de-gymnastique-evolve-burst-65cm","status":"publish","type":"product","link":"https:\/\/store.evolve-fitness.eu\/fr\/produit\/ballon-de-gymnastique-evolve-burst-65cm\/","title":{"rendered":"Ballon de gymnastique Evolve Burst &#8211; 65cm"},"content":{"rendered":"\n<section class=\"wp-block-group alignfull has-lightgray-background-color has-background is-layout-constrained wp-block-group-is-layout-constrained\">\n<div class=\"wp-block-columns alignwide is-layout-flex wp-container-core-columns-is-layout-2edb0647 wp-block-columns-is-layout-flex\" style=\"margin-top:0;margin-bottom:0\">\n<div class=\"wp-block-column is-layout-flow wp-block-column-is-layout-flow\" style=\"flex-basis:33.33%\"><\/div>\n\n\n\n<div class=\"wp-block-column is-layout-flow wp-block-column-is-layout-flow\" style=\"flex-basis:66.66%\"><\/div>\n<\/div>\n<\/section>\n","protected":false},"excerpt":{"rendered":"<p>D\u00e9couvrez votre potentiel de remise en forme avec le ballon de gymnastique Evolve Burst (65 cm)<\/p>\n<p>\u00cates-vous pr\u00eat \u00e0 am\u00e9liorer votre programme de remise en forme et \u00e0 d\u00e9couvrir de nouvelles possibilit\u00e9s d&rsquo;exercice ? Ne cherchez pas plus loin que le ballon de gymnastique Evolve Burst &#8211; 65 cm ! Cet accessoire de fitness polyvalent est con\u00e7u pour vous aider \u00e0 atteindre vos objectifs de fitness, \u00e0 am\u00e9liorer votre posture et votre bien-\u00eatre g\u00e9n\u00e9ral.<\/p>\n","protected":false},"featured_media":14461,"template":"","meta":{"_acf_changed":false,"inline_featured_image":false},"product_cat":[476],"product_tag":[],"class_list":{"0":"post-14384","1":"product","2":"type-product","3":"status-publish","4":"has-post-thumbnail","6":"product_cat-studio-fr","8":"first","9":"instock","10":"shipping-taxable","11":"purchasable","12":"product-type-simple"},"acf":[],"_links":{"self":[{"href":"https:\/\/store.evolve-fitness.eu\/fr\/wp-json\/wp\/v2\/product\/14384","targetHints":{"allow":["GET"]}}],"collection":[{"href":"https:\/\/store.evolve-fitness.eu\/fr\/wp-json\/wp\/v2\/product"}],"about":[{"href":"https:\/\/store.evolve-fitness.eu\/fr\/wp-json\/wp\/v2\/types\/product"}],"wp:featuredmedia":[{"embeddable":true,"href":"https:\/\/store.evolve-fitness.eu\/fr\/wp-json\/wp\/v2\/media\/14461"}],"wp:attachment":[{"href":"https:\/\/store.evolve-fitness.eu\/fr\/wp-json\/wp\/v2\/media?parent=14384"}],"wp:term":[{"taxonomy":"product_cat","embeddable":true,"href":"https:\/\/store.evolve-fitness.eu\/fr\/wp-json\/wp\/v2\/product_cat?post=14384"},{"taxonomy":"product_tag","embeddable":true,"href":"https:\/\/store.evolve-fitness.eu\/fr\/wp-json\/wp\/v2\/product_tag?post=14384"}],"curies":[{"name":"wp","href":"https:\/\/api.w.org\/{rel}","templated":true}]}}