{"id":143180,"date":"2025-10-14T14:37:37","date_gmt":"2025-10-14T11:37:37","guid":{"rendered":"https:\/\/store.evolve-fitness.eu\/product\/evolve-econ-series-plate-loaded-standing-chest-fly-ec-040\/"},"modified":"2025-10-14T14:37:37","modified_gmt":"2025-10-14T14:37:37","slug":"evolve-econ-series-plate-loaded-standing-chest-fly-ec-040","status":"publish","type":"product","link":"https:\/\/store.evolve-fitness.eu\/fr\/produit\/evolve-econ-series-plate-loaded-standing-chest-fly-ec-040\/","title":{"rendered":"Evolve Econ Series Plate Loaded Standing Chest Fly (EC-040)"},"content":{"rendered":"","protected":false},"excerpt":{"rendered":"<p>L&rsquo;appareil de musculation Evolve Econ Series, charg\u00e9 de plaques, est con\u00e7u pour isoler et d\u00e9velopper efficacement les muscles pectoraux gr\u00e2ce \u00e0 un mouvement contr\u00f4l\u00e9 et naturel en position debout. Son syst\u00e8me \u00e0 plaques permet d&rsquo;ajuster la r\u00e9sistance en douceur, tandis que la conception ergonomique du bras assure un mouvement et un engagement musculaire ad\u00e9quats. Fabriqu\u00e9 \u00e0 partir de mat\u00e9riaux durables, il offre des performances fiables pour les salles de sport professionnelles et commerciales.  <\/p>\n","protected":false},"featured_media":143190,"template":"","meta":{"_acf_changed":false,"inline_featured_image":false},"product_cat":[780,1192],"product_tag":[],"class_list":{"0":"post-143180","1":"product","2":"type-product","3":"status-publish","4":"has-post-thumbnail","6":"product_cat-machines-a-plateau","7":"product_cat-econ-series-plate-loaded-fr","9":"first","10":"instock","11":"shipping-taxable","12":"purchasable","13":"product-type-simple"},"acf":[],"_links":{"self":[{"href":"https:\/\/store.evolve-fitness.eu\/fr\/wp-json\/wp\/v2\/product\/143180","targetHints":{"allow":["GET"]}}],"collection":[{"href":"https:\/\/store.evolve-fitness.eu\/fr\/wp-json\/wp\/v2\/product"}],"about":[{"href":"https:\/\/store.evolve-fitness.eu\/fr\/wp-json\/wp\/v2\/types\/product"}],"wp:featuredmedia":[{"embeddable":true,"href":"https:\/\/store.evolve-fitness.eu\/fr\/wp-json\/wp\/v2\/media\/143190"}],"wp:attachment":[{"href":"https:\/\/store.evolve-fitness.eu\/fr\/wp-json\/wp\/v2\/media?parent=143180"}],"wp:term":[{"taxonomy":"product_cat","embeddable":true,"href":"https:\/\/store.evolve-fitness.eu\/fr\/wp-json\/wp\/v2\/product_cat?post=143180"},{"taxonomy":"product_tag","embeddable":true,"href":"https:\/\/store.evolve-fitness.eu\/fr\/wp-json\/wp\/v2\/product_tag?post=143180"}],"curies":[{"name":"wp","href":"https:\/\/api.w.org\/{rel}","templated":true}]}}