{"id":143116,"date":"2025-10-14T14:25:55","date_gmt":"2025-10-14T11:25:55","guid":{"rendered":"https:\/\/store.evolve-fitness.eu\/product\/evolve-econ-series-chest-press-avec-plaque-ec-035\/"},"modified":"2025-10-14T14:25:55","modified_gmt":"2025-10-14T14:25:55","slug":"evolve-econ-series-chest-press-avec-plaque-ec-035","status":"publish","type":"product","link":"https:\/\/store.evolve-fitness.eu\/fr\/produit\/evolve-econ-series-chest-press-avec-plaque-ec-035\/","title":{"rendered":"Evolve Econ Series Chest Press avec plaque (EC-035)"},"content":{"rendered":"","protected":false},"excerpt":{"rendered":"<p>La presse \u00e0 pectoraux Evolve Econ Series Plate Loaded Chest Press est con\u00e7ue pour un entra\u00eenement efficace de la force du haut du corps, en se concentrant sur les pectoraux, les triceps et les muscles de l&rsquo;\u00e9paule. Sa conception \u00e0 plateau permet un mouvement de pression fluide et naturel, tandis que le si\u00e8ge ergonomique et l&rsquo;alignement des poign\u00e9es garantissent un confort et une stabilit\u00e9 optimaux. Con\u00e7u pour durer et offrir des performances constantes, il convient aussi bien \u00e0 une utilisation commerciale qu&rsquo;\u00e0 une utilisation domestique.  <\/p>\n","protected":false},"featured_media":143123,"template":"","meta":{"_acf_changed":false,"inline_featured_image":false},"product_cat":[780,1192],"product_tag":[],"class_list":{"0":"post-143116","1":"product","2":"type-product","3":"status-publish","4":"has-post-thumbnail","6":"product_cat-machines-a-plateau","7":"product_cat-econ-series-plate-loaded-fr","9":"first","10":"instock","11":"shipping-taxable","12":"purchasable","13":"product-type-simple"},"acf":[],"_links":{"self":[{"href":"https:\/\/store.evolve-fitness.eu\/fr\/wp-json\/wp\/v2\/product\/143116","targetHints":{"allow":["GET"]}}],"collection":[{"href":"https:\/\/store.evolve-fitness.eu\/fr\/wp-json\/wp\/v2\/product"}],"about":[{"href":"https:\/\/store.evolve-fitness.eu\/fr\/wp-json\/wp\/v2\/types\/product"}],"wp:featuredmedia":[{"embeddable":true,"href":"https:\/\/store.evolve-fitness.eu\/fr\/wp-json\/wp\/v2\/media\/143123"}],"wp:attachment":[{"href":"https:\/\/store.evolve-fitness.eu\/fr\/wp-json\/wp\/v2\/media?parent=143116"}],"wp:term":[{"taxonomy":"product_cat","embeddable":true,"href":"https:\/\/store.evolve-fitness.eu\/fr\/wp-json\/wp\/v2\/product_cat?post=143116"},{"taxonomy":"product_tag","embeddable":true,"href":"https:\/\/store.evolve-fitness.eu\/fr\/wp-json\/wp\/v2\/product_tag?post=143116"}],"curies":[{"name":"wp","href":"https:\/\/api.w.org\/{rel}","templated":true}]}}