{"id":143007,"date":"2025-10-14T14:15:43","date_gmt":"2025-10-14T11:15:43","guid":{"rendered":"https:\/\/store.evolve-fitness.eu\/product\/evolve-econ-series-plate-loaded-standing-lateral-raise-ec-020\/"},"modified":"2025-10-14T14:15:43","modified_gmt":"2025-10-14T14:15:43","slug":"evolve-econ-series-plate-loaded-standing-lateral-raise-ec-020","status":"publish","type":"product","link":"https:\/\/store.evolve-fitness.eu\/fr\/produit\/evolve-econ-series-plate-loaded-standing-lateral-raise-ec-020\/","title":{"rendered":"Evolve Econ Series Plate Loaded Standing Lateral Raise (EC-020)"},"content":{"rendered":"","protected":false},"excerpt":{"rendered":"<p>L&rsquo;Evolve Econ Series Standing Lateral Raise est con\u00e7u pour isoler et renforcer les muscles delto\u00efdes lat\u00e9raux par le biais d&rsquo;un mouvement naturel en position debout. Son m\u00e9canisme \u00e0 plaques permet un contr\u00f4le souple de la r\u00e9sistance, tandis que le positionnement ergonomique des poign\u00e9es garantit une forme et un \u00e9quilibre appropri\u00e9s. Construit pour durer et offrir des performances constantes, c&rsquo;est un choix id\u00e9al pour les environnements d&rsquo;entra\u00eenement commerciaux et professionnels.  <\/p>\n","protected":false},"featured_media":143016,"template":"","meta":{"_acf_changed":false,"inline_featured_image":false},"product_cat":[780,1192],"product_tag":[],"class_list":{"0":"post-143007","1":"product","2":"type-product","3":"status-publish","4":"has-post-thumbnail","6":"product_cat-machines-a-plateau","7":"product_cat-econ-series-plate-loaded-fr","9":"first","10":"instock","11":"shipping-taxable","12":"purchasable","13":"product-type-simple"},"acf":[],"_links":{"self":[{"href":"https:\/\/store.evolve-fitness.eu\/fr\/wp-json\/wp\/v2\/product\/143007","targetHints":{"allow":["GET"]}}],"collection":[{"href":"https:\/\/store.evolve-fitness.eu\/fr\/wp-json\/wp\/v2\/product"}],"about":[{"href":"https:\/\/store.evolve-fitness.eu\/fr\/wp-json\/wp\/v2\/types\/product"}],"wp:featuredmedia":[{"embeddable":true,"href":"https:\/\/store.evolve-fitness.eu\/fr\/wp-json\/wp\/v2\/media\/143016"}],"wp:attachment":[{"href":"https:\/\/store.evolve-fitness.eu\/fr\/wp-json\/wp\/v2\/media?parent=143007"}],"wp:term":[{"taxonomy":"product_cat","embeddable":true,"href":"https:\/\/store.evolve-fitness.eu\/fr\/wp-json\/wp\/v2\/product_cat?post=143007"},{"taxonomy":"product_tag","embeddable":true,"href":"https:\/\/store.evolve-fitness.eu\/fr\/wp-json\/wp\/v2\/product_tag?post=143007"}],"curies":[{"name":"wp","href":"https:\/\/api.w.org\/{rel}","templated":true}]}}