{"id":142799,"date":"2025-10-13T13:13:50","date_gmt":"2025-10-13T13:13:50","guid":{"rendered":"https:\/\/store.evolve-fitness.eu\/product\/plaque-de-base-evolve-bp-512\/"},"modified":"2025-10-13T13:13:50","modified_gmt":"2025-10-13T13:13:50","slug":"plaque-de-base-evolve-bp-512","status":"publish","type":"product","link":"https:\/\/store.evolve-fitness.eu\/fr\/produit\/plaque-de-base-evolve-bp-512\/","title":{"rendered":"Plaque de base Evolve (BP-512)"},"content":{"rendered":"","protected":false},"excerpt":{"rendered":"<p>La plaque de base Evolve est un composant structurel con\u00e7u pour assurer une stabilit\u00e9 maximale et un positionnement s\u00fbr lors de la connexion de deux montants \u00e0 l&rsquo;aide d&rsquo;un cadre de connexion de 51,2 cm. Con\u00e7ue avec pr\u00e9cision en acier robuste, la plaque de base constitue une base solide qui am\u00e9liore la rigidit\u00e9 globale de la structure du rack. Sa conception robuste emp\u00eache tout mouvement ou d\u00e9placement pendant les s\u00e9ances d&rsquo;entra\u00eenement intenses, en maintenant l&rsquo;alignement correct des montants connect\u00e9s. Id\u00e9ale pour les configurations de rack modulaires, la plaque de base Evolve garantit une installation s\u00fbre, durable et professionnelle, adapt\u00e9e aux environnements d&rsquo;entra\u00eenement commerciaux et de performance.   <\/p>\n","protected":false},"featured_media":137432,"template":"","meta":{"_acf_changed":false,"inline_featured_image":false},"product_cat":[664,958],"product_tag":[],"class_list":{"0":"post-142799","1":"product","2":"type-product","3":"status-publish","4":"has-post-thumbnail","6":"product_cat-composants-de-lappareil-de-forage","7":"product_cat-pieces-principales","9":"first","10":"instock","11":"shipping-taxable","12":"purchasable","13":"product-type-simple"},"acf":[],"_links":{"self":[{"href":"https:\/\/store.evolve-fitness.eu\/fr\/wp-json\/wp\/v2\/product\/142799","targetHints":{"allow":["GET"]}}],"collection":[{"href":"https:\/\/store.evolve-fitness.eu\/fr\/wp-json\/wp\/v2\/product"}],"about":[{"href":"https:\/\/store.evolve-fitness.eu\/fr\/wp-json\/wp\/v2\/types\/product"}],"wp:featuredmedia":[{"embeddable":true,"href":"https:\/\/store.evolve-fitness.eu\/fr\/wp-json\/wp\/v2\/media\/137432"}],"wp:attachment":[{"href":"https:\/\/store.evolve-fitness.eu\/fr\/wp-json\/wp\/v2\/media?parent=142799"}],"wp:term":[{"taxonomy":"product_cat","embeddable":true,"href":"https:\/\/store.evolve-fitness.eu\/fr\/wp-json\/wp\/v2\/product_cat?post=142799"},{"taxonomy":"product_tag","embeddable":true,"href":"https:\/\/store.evolve-fitness.eu\/fr\/wp-json\/wp\/v2\/product_tag?post=142799"}],"curies":[{"name":"wp","href":"https:\/\/api.w.org\/{rel}","templated":true}]}}