{"id":142732,"date":"2025-10-13T12:27:58","date_gmt":"2025-10-13T12:27:58","guid":{"rendered":"https:\/\/store.evolve-fitness.eu\/product\/evolve-peg-board-attachment-180-cm-pb-010\/"},"modified":"2026-03-12T12:00:50","modified_gmt":"2026-03-12T12:00:50","slug":"evolve-peg-board-attachment-180-cm-pb-010","status":"publish","type":"product","link":"https:\/\/store.evolve-fitness.eu\/fr\/produit\/evolve-peg-board-attachment-180-cm-pb-010\/","title":{"rendered":"Evolve Peg Board Attachment &#8211; 180 cm (PB-010)"},"content":{"rendered":"","protected":false},"excerpt":{"rendered":"<p>  L&rsquo;Evolve Peg Board Attachment &#8211; 180 cm est un outil d&rsquo;entra\u00eenement mural haut de gamme con\u00e7u pour d\u00e9velopper la force, la coordination et l&rsquo;endurance du haut du corps. Construit en bois durable et de haute qualit\u00e9, il offre une surface fiable et stable pour les exercices d&rsquo;escalade couramment utilis\u00e9s dans l&rsquo;entra\u00eenement fonctionnel et la pr\u00e9paration athl\u00e9tique. La planche de 180 cm comporte de nombreux trous perc\u00e9s avec pr\u00e9cision qui permettent de varier les voies d&rsquo;escalade, favorisant ainsi une activation musculaire \u00e9quilibr\u00e9e des \u00e9paules, des bras et du tronc. Id\u00e9ale pour les salles de sport commerciales et les installations domestiques avanc\u00e9es, la planche \u00e0 chevilles Evolve constitue un moyen efficace de stimuler la force de pr\u00e9hension, d&rsquo;am\u00e9liorer le contr\u00f4le du corps et d&rsquo;ajouter de la polyvalence \u00e0 n&rsquo;importe quelle zone d&rsquo;entra\u00eenement fonctionnel.     <\/p>\n<p>\n","protected":false},"featured_media":142744,"template":"","meta":{"_acf_changed":false,"inline_featured_image":false},"product_cat":[664,665],"product_tag":[],"class_list":{"0":"post-142732","1":"product","2":"type-product","3":"status-publish","4":"has-post-thumbnail","6":"product_cat-composants-de-lappareil-de-forage","7":"product_cat-accessoires-fr","9":"first","10":"instock","11":"shipping-taxable","12":"purchasable","13":"product-type-simple"},"acf":[],"_links":{"self":[{"href":"https:\/\/store.evolve-fitness.eu\/fr\/wp-json\/wp\/v2\/product\/142732","targetHints":{"allow":["GET"]}}],"collection":[{"href":"https:\/\/store.evolve-fitness.eu\/fr\/wp-json\/wp\/v2\/product"}],"about":[{"href":"https:\/\/store.evolve-fitness.eu\/fr\/wp-json\/wp\/v2\/types\/product"}],"wp:featuredmedia":[{"embeddable":true,"href":"https:\/\/store.evolve-fitness.eu\/fr\/wp-json\/wp\/v2\/media\/142744"}],"wp:attachment":[{"href":"https:\/\/store.evolve-fitness.eu\/fr\/wp-json\/wp\/v2\/media?parent=142732"}],"wp:term":[{"taxonomy":"product_cat","embeddable":true,"href":"https:\/\/store.evolve-fitness.eu\/fr\/wp-json\/wp\/v2\/product_cat?post=142732"},{"taxonomy":"product_tag","embeddable":true,"href":"https:\/\/store.evolve-fitness.eu\/fr\/wp-json\/wp\/v2\/product_tag?post=142732"}],"curies":[{"name":"wp","href":"https:\/\/api.w.org\/{rel}","templated":true}]}}