{"id":142540,"date":"2025-10-21T14:58:29","date_gmt":"2025-10-21T11:58:29","guid":{"rendered":"https:\/\/store.evolve-fitness.eu\/product\/corde-triceps-longue-evolve-gh-090\/"},"modified":"2026-03-27T12:00:51","modified_gmt":"2026-03-27T12:00:51","slug":"corde-triceps-longue-evolve-gh-090","status":"publish","type":"product","link":"https:\/\/store.evolve-fitness.eu\/fr\/produit\/corde-triceps-longue-evolve-gh-090\/","title":{"rendered":"Corde triceps longue Evolve (GH-090)"},"content":{"rendered":"","protected":false},"excerpt":{"rendered":"<p>La corde \u00e0 triceps longue Evolve Econ Series (EV-AC-GH-090) est un accessoire de c\u00e2ble durable et ergonomique con\u00e7u pour des entra\u00eenements efficaces du haut du corps. Sa longueur de 140 cm offre une plus grande amplitude de mouvement pour les tractions sur les triceps, les tractions sur le visage et d&rsquo;autres exercices sur c\u00e2ble. <\/p>\n<p>Fabriqu\u00e9 en nylon tress\u00e9 solide avec des extr\u00e9mit\u00e9s en acier renforc\u00e9, il assure confort, adh\u00e9rence et durabilit\u00e9. Compatible avec tous les appareils \u00e0 c\u00e2ble standard, il est id\u00e9al pour une utilisation \u00e0 domicile ou dans une salle de sport commerciale. Il vous aide \u00e0 renforcer et \u00e0 d\u00e9finir vos bras avec pr\u00e9cision et contr\u00f4le. <\/p>\n","protected":false},"featured_media":142547,"template":"","meta":{"_acf_changed":false,"inline_featured_image":false},"product_cat":[1110,744],"product_tag":[],"class_list":{"0":"post-142540","1":"product","2":"type-product","3":"status-publish","4":"has-post-thumbnail","6":"product_cat-machines-selectionnees","7":"product_cat-accessoires-fr-2","9":"first","10":"instock","11":"shipping-taxable","12":"purchasable","13":"product-type-simple"},"acf":[],"_links":{"self":[{"href":"https:\/\/store.evolve-fitness.eu\/fr\/wp-json\/wp\/v2\/product\/142540","targetHints":{"allow":["GET"]}}],"collection":[{"href":"https:\/\/store.evolve-fitness.eu\/fr\/wp-json\/wp\/v2\/product"}],"about":[{"href":"https:\/\/store.evolve-fitness.eu\/fr\/wp-json\/wp\/v2\/types\/product"}],"wp:featuredmedia":[{"embeddable":true,"href":"https:\/\/store.evolve-fitness.eu\/fr\/wp-json\/wp\/v2\/media\/142547"}],"wp:attachment":[{"href":"https:\/\/store.evolve-fitness.eu\/fr\/wp-json\/wp\/v2\/media?parent=142540"}],"wp:term":[{"taxonomy":"product_cat","embeddable":true,"href":"https:\/\/store.evolve-fitness.eu\/fr\/wp-json\/wp\/v2\/product_cat?post=142540"},{"taxonomy":"product_tag","embeddable":true,"href":"https:\/\/store.evolve-fitness.eu\/fr\/wp-json\/wp\/v2\/product_tag?post=142540"}],"curies":[{"name":"wp","href":"https:\/\/api.w.org\/{rel}","templated":true}]}}