{"id":142465,"date":"2025-10-14T15:43:43","date_gmt":"2025-10-14T12:43:43","guid":{"rendered":"https:\/\/store.evolve-fitness.eu\/product\/evolve-econ-series-plate-loaded-seated-leg-extension-ec-100\/"},"modified":"2025-10-14T15:43:43","modified_gmt":"2025-10-14T15:43:43","slug":"evolve-econ-series-plate-loaded-seated-leg-extension-ec-100","status":"publish","type":"product","link":"https:\/\/store.evolve-fitness.eu\/fr\/produit\/evolve-econ-series-plate-loaded-seated-leg-extension-ec-100\/","title":{"rendered":"Evolve Econ Series Plate Loaded Seated Leg Extension (EC-100)"},"content":{"rendered":"","protected":false},"excerpt":{"rendered":"<p>L&rsquo;extension de jambe assise Evolve Econ Series est con\u00e7ue pour isoler et renforcer les quadriceps gr\u00e2ce \u00e0 un mouvement de levage fluide et contr\u00f4l\u00e9. Son syst\u00e8me de r\u00e9sistance \u00e0 plaques assure un r\u00e9glage pr\u00e9cis de la charge, tandis que le si\u00e8ge ergonomique et les coussinets de jambes offrent un confort et un soutien optimaux. Construit pour durer et offrir des performances constantes, c&rsquo;est un choix fiable pour les salles de sport commerciales et professionnelles.  <\/p>\n","protected":false},"featured_media":142467,"template":"","meta":{"_acf_changed":false,"inline_featured_image":false},"product_cat":[780,1192],"product_tag":[],"class_list":{"0":"post-142465","1":"product","2":"type-product","3":"status-publish","4":"has-post-thumbnail","6":"product_cat-machines-a-plateau","7":"product_cat-econ-series-plate-loaded-fr","9":"first","10":"instock","11":"shipping-taxable","12":"purchasable","13":"product-type-simple"},"acf":[],"_links":{"self":[{"href":"https:\/\/store.evolve-fitness.eu\/fr\/wp-json\/wp\/v2\/product\/142465","targetHints":{"allow":["GET"]}}],"collection":[{"href":"https:\/\/store.evolve-fitness.eu\/fr\/wp-json\/wp\/v2\/product"}],"about":[{"href":"https:\/\/store.evolve-fitness.eu\/fr\/wp-json\/wp\/v2\/types\/product"}],"wp:featuredmedia":[{"embeddable":true,"href":"https:\/\/store.evolve-fitness.eu\/fr\/wp-json\/wp\/v2\/media\/142467"}],"wp:attachment":[{"href":"https:\/\/store.evolve-fitness.eu\/fr\/wp-json\/wp\/v2\/media?parent=142465"}],"wp:term":[{"taxonomy":"product_cat","embeddable":true,"href":"https:\/\/store.evolve-fitness.eu\/fr\/wp-json\/wp\/v2\/product_cat?post=142465"},{"taxonomy":"product_tag","embeddable":true,"href":"https:\/\/store.evolve-fitness.eu\/fr\/wp-json\/wp\/v2\/product_tag?post=142465"}],"curies":[{"name":"wp","href":"https:\/\/api.w.org\/{rel}","templated":true}]}}