{"id":142368,"date":"2025-10-14T15:38:05","date_gmt":"2025-10-14T12:38:05","guid":{"rendered":"https:\/\/store.evolve-fitness.eu\/product\/evolve-econ-series-plate-loaded-prone-leg-curl-ec-090\/"},"modified":"2025-10-14T15:38:05","modified_gmt":"2025-10-14T15:38:05","slug":"evolve-econ-series-plate-loaded-prone-leg-curl-ec-090","status":"publish","type":"product","link":"https:\/\/store.evolve-fitness.eu\/fr\/produit\/evolve-econ-series-plate-loaded-prone-leg-curl-ec-090\/","title":{"rendered":"Evolve Econ Series Plate Loaded Prone Leg Curl (EC-090)"},"content":{"rendered":"","protected":false},"excerpt":{"rendered":"<p>L&rsquo;appareil Evolve Econ Series Prone Leg Curl est con\u00e7u pour cibler et renforcer efficacement les ischio-jambiers gr\u00e2ce \u00e0 un mouvement d&rsquo;enroulement contr\u00f4l\u00e9 et naturel. Sa conception \u00e0 plateau permet un r\u00e9glage en douceur de la r\u00e9sistance, tandis que les coussins ergonomiques assurent un confort optimal et l&rsquo;alignement des articulations. Construit dans un souci de durabilit\u00e9 et de pr\u00e9cision, il est id\u00e9al pour les centres de musculation commerciaux et professionnels.  <\/p>\n","protected":false},"featured_media":142386,"template":"","meta":{"_acf_changed":false,"inline_featured_image":false},"product_cat":[780,1192],"product_tag":[],"class_list":{"0":"post-142368","1":"product","2":"type-product","3":"status-publish","4":"has-post-thumbnail","6":"product_cat-machines-a-plateau","7":"product_cat-econ-series-plate-loaded-fr","9":"first","10":"instock","11":"shipping-taxable","12":"purchasable","13":"product-type-simple"},"acf":[],"_links":{"self":[{"href":"https:\/\/store.evolve-fitness.eu\/fr\/wp-json\/wp\/v2\/product\/142368","targetHints":{"allow":["GET"]}}],"collection":[{"href":"https:\/\/store.evolve-fitness.eu\/fr\/wp-json\/wp\/v2\/product"}],"about":[{"href":"https:\/\/store.evolve-fitness.eu\/fr\/wp-json\/wp\/v2\/types\/product"}],"wp:featuredmedia":[{"embeddable":true,"href":"https:\/\/store.evolve-fitness.eu\/fr\/wp-json\/wp\/v2\/media\/142386"}],"wp:attachment":[{"href":"https:\/\/store.evolve-fitness.eu\/fr\/wp-json\/wp\/v2\/media?parent=142368"}],"wp:term":[{"taxonomy":"product_cat","embeddable":true,"href":"https:\/\/store.evolve-fitness.eu\/fr\/wp-json\/wp\/v2\/product_cat?post=142368"},{"taxonomy":"product_tag","embeddable":true,"href":"https:\/\/store.evolve-fitness.eu\/fr\/wp-json\/wp\/v2\/product_tag?post=142368"}],"curies":[{"name":"wp","href":"https:\/\/api.w.org\/{rel}","templated":true}]}}