{"id":142222,"date":"2025-10-14T15:24:32","date_gmt":"2025-10-14T12:24:32","guid":{"rendered":"https:\/\/store.evolve-fitness.eu\/product\/evolve-econ-series-plate-loaded-bicep-curl-ec-080\/"},"modified":"2025-10-14T15:24:32","modified_gmt":"2025-10-14T15:24:32","slug":"evolve-econ-series-plate-loaded-bicep-curl-ec-080","status":"publish","type":"product","link":"https:\/\/store.evolve-fitness.eu\/fr\/produit\/evolve-econ-series-plate-loaded-bicep-curl-ec-080\/","title":{"rendered":"Evolve Econ Series Plate Loaded Bicep Curl (EC-080)"},"content":{"rendered":"","protected":false},"excerpt":{"rendered":"<p>L&rsquo;Evolve Econ Series Plate Loaded Bicep Curl est con\u00e7u pour isoler et renforcer les biceps gr\u00e2ce \u00e0 un mouvement de levage fluide et naturel. Son m\u00e9canisme \u00e0 plaques permet un contr\u00f4le pr\u00e9cis de la r\u00e9sistance, tandis que la poign\u00e9e ergonomique et le positionnement du coussin de bras garantissent le confort et une forme correcte. Con\u00e7u pour durer et offrir des performances constantes, cet appareil est un excellent compl\u00e9ment \u00e0 toute salle de sport commerciale ou professionnelle.  <\/p>\n","protected":false},"featured_media":142233,"template":"","meta":{"_acf_changed":false,"inline_featured_image":false},"product_cat":[780,1192],"product_tag":[],"class_list":{"0":"post-142222","1":"product","2":"type-product","3":"status-publish","4":"has-post-thumbnail","6":"product_cat-machines-a-plateau","7":"product_cat-econ-series-plate-loaded-fr","9":"first","10":"instock","11":"shipping-taxable","12":"purchasable","13":"product-type-simple"},"acf":[],"_links":{"self":[{"href":"https:\/\/store.evolve-fitness.eu\/fr\/wp-json\/wp\/v2\/product\/142222","targetHints":{"allow":["GET"]}}],"collection":[{"href":"https:\/\/store.evolve-fitness.eu\/fr\/wp-json\/wp\/v2\/product"}],"about":[{"href":"https:\/\/store.evolve-fitness.eu\/fr\/wp-json\/wp\/v2\/types\/product"}],"wp:featuredmedia":[{"embeddable":true,"href":"https:\/\/store.evolve-fitness.eu\/fr\/wp-json\/wp\/v2\/media\/142233"}],"wp:attachment":[{"href":"https:\/\/store.evolve-fitness.eu\/fr\/wp-json\/wp\/v2\/media?parent=142222"}],"wp:term":[{"taxonomy":"product_cat","embeddable":true,"href":"https:\/\/store.evolve-fitness.eu\/fr\/wp-json\/wp\/v2\/product_cat?post=142222"},{"taxonomy":"product_tag","embeddable":true,"href":"https:\/\/store.evolve-fitness.eu\/fr\/wp-json\/wp\/v2\/product_tag?post=142222"}],"curies":[{"name":"wp","href":"https:\/\/api.w.org\/{rel}","templated":true}]}}