{"id":142114,"date":"2025-10-14T15:15:24","date_gmt":"2025-10-14T12:15:24","guid":{"rendered":"https:\/\/store.evolve-fitness.eu\/product\/evolve-econ-series-plate-loaded-t-bar-row-ec-070\/"},"modified":"2025-10-14T15:15:24","modified_gmt":"2025-10-14T15:15:24","slug":"evolve-econ-series-plate-loaded-t-bar-row-ec-070","status":"publish","type":"product","link":"https:\/\/store.evolve-fitness.eu\/fr\/produit\/evolve-econ-series-plate-loaded-t-bar-row-ec-070\/","title":{"rendered":"Evolve Econ Series Plate Loaded T-bar Row (EC-070)"},"content":{"rendered":"","protected":false},"excerpt":{"rendered":"<p>L&rsquo;Evolve Econ Series Plate Loaded T-Bar Row est con\u00e7u pour d\u00e9velopper le dos, les \u00e9paules et les bras gr\u00e2ce \u00e0 un mouvement d&rsquo;aviron puissant et contr\u00f4l\u00e9. Son syst\u00e8me de chargement de plaques assure un r\u00e9glage en douceur de la r\u00e9sistance, tandis que les options de prise large et neutre favorisent une activation \u00e9quilibr\u00e9e des muscles. Sa construction durable et son design ergonomique en font un appareil id\u00e9al pour les environnements de musculation commerciaux et professionnels.  <\/p>\n","protected":false},"featured_media":142130,"template":"","meta":{"_acf_changed":false,"inline_featured_image":false},"product_cat":[1192,780],"product_tag":[],"class_list":{"0":"post-142114","1":"product","2":"type-product","3":"status-publish","4":"has-post-thumbnail","6":"product_cat-econ-series-plate-loaded-fr","7":"product_cat-machines-a-plateau","9":"first","10":"instock","11":"shipping-taxable","12":"purchasable","13":"product-type-simple"},"acf":[],"_links":{"self":[{"href":"https:\/\/store.evolve-fitness.eu\/fr\/wp-json\/wp\/v2\/product\/142114","targetHints":{"allow":["GET"]}}],"collection":[{"href":"https:\/\/store.evolve-fitness.eu\/fr\/wp-json\/wp\/v2\/product"}],"about":[{"href":"https:\/\/store.evolve-fitness.eu\/fr\/wp-json\/wp\/v2\/types\/product"}],"wp:featuredmedia":[{"embeddable":true,"href":"https:\/\/store.evolve-fitness.eu\/fr\/wp-json\/wp\/v2\/media\/142130"}],"wp:attachment":[{"href":"https:\/\/store.evolve-fitness.eu\/fr\/wp-json\/wp\/v2\/media?parent=142114"}],"wp:term":[{"taxonomy":"product_cat","embeddable":true,"href":"https:\/\/store.evolve-fitness.eu\/fr\/wp-json\/wp\/v2\/product_cat?post=142114"},{"taxonomy":"product_tag","embeddable":true,"href":"https:\/\/store.evolve-fitness.eu\/fr\/wp-json\/wp\/v2\/product_tag?post=142114"}],"curies":[{"name":"wp","href":"https:\/\/api.w.org\/{rel}","templated":true}]}}