{"id":142031,"date":"2025-10-14T14:53:47","date_gmt":"2025-10-14T11:53:47","guid":{"rendered":"https:\/\/store.evolve-fitness.eu\/product\/serie-evolve-econ-rangee-assise-chargee-de-plaques-ec-060\/"},"modified":"2025-10-14T14:53:47","modified_gmt":"2025-10-14T14:53:47","slug":"serie-evolve-econ-rangee-assise-chargee-de-plaques-ec-060","status":"publish","type":"product","link":"https:\/\/store.evolve-fitness.eu\/fr\/produit\/serie-evolve-econ-rangee-assise-chargee-de-plaques-ec-060\/","title":{"rendered":"S\u00e9rie Evolve Econ, rang\u00e9e assise charg\u00e9e de plaques (EC-060)"},"content":{"rendered":"","protected":false},"excerpt":{"rendered":"<p>L&rsquo;appareil Evolve Econ Series Seated Row est con\u00e7u pour cibler les muscles du haut et du milieu du dos gr\u00e2ce \u00e0 un mouvement de traction fluide et contr\u00f4l\u00e9. Son syst\u00e8me de r\u00e9sistance \u00e0 plaques permet d&rsquo;ajuster facilement le poids, tandis que le si\u00e8ge ergonomique et le support de poitrine garantissent une posture correcte et le confort. Construit pour des performances durables, c&rsquo;est un choix fiable pour les salles de sport commerciales et les environnements d&rsquo;entra\u00eenement professionnels.  <\/p>\n","protected":false},"featured_media":142038,"template":"","meta":{"_acf_changed":false,"inline_featured_image":false},"product_cat":[780,1192],"product_tag":[],"class_list":{"0":"post-142031","1":"product","2":"type-product","3":"status-publish","4":"has-post-thumbnail","6":"product_cat-machines-a-plateau","7":"product_cat-econ-series-plate-loaded-fr","9":"first","10":"instock","11":"shipping-taxable","12":"purchasable","13":"product-type-simple"},"acf":[],"_links":{"self":[{"href":"https:\/\/store.evolve-fitness.eu\/fr\/wp-json\/wp\/v2\/product\/142031","targetHints":{"allow":["GET"]}}],"collection":[{"href":"https:\/\/store.evolve-fitness.eu\/fr\/wp-json\/wp\/v2\/product"}],"about":[{"href":"https:\/\/store.evolve-fitness.eu\/fr\/wp-json\/wp\/v2\/types\/product"}],"wp:featuredmedia":[{"embeddable":true,"href":"https:\/\/store.evolve-fitness.eu\/fr\/wp-json\/wp\/v2\/media\/142038"}],"wp:attachment":[{"href":"https:\/\/store.evolve-fitness.eu\/fr\/wp-json\/wp\/v2\/media?parent=142031"}],"wp:term":[{"taxonomy":"product_cat","embeddable":true,"href":"https:\/\/store.evolve-fitness.eu\/fr\/wp-json\/wp\/v2\/product_cat?post=142031"},{"taxonomy":"product_tag","embeddable":true,"href":"https:\/\/store.evolve-fitness.eu\/fr\/wp-json\/wp\/v2\/product_tag?post=142031"}],"curies":[{"name":"wp","href":"https:\/\/api.w.org\/{rel}","templated":true}]}}