{"id":141944,"date":"2025-10-14T14:42:45","date_gmt":"2025-10-14T11:42:45","guid":{"rendered":"https:\/\/store.evolve-fitness.eu\/product\/evolve-econ-series-plate-loaded-lat-pulldown-ec-050\/"},"modified":"2025-10-14T14:42:45","modified_gmt":"2025-10-14T14:42:45","slug":"evolve-econ-series-plate-loaded-lat-pulldown-ec-050","status":"publish","type":"product","link":"https:\/\/store.evolve-fitness.eu\/fr\/produit\/evolve-econ-series-plate-loaded-lat-pulldown-ec-050\/","title":{"rendered":"Evolve Econ Series Plate Loaded Lat Pulldown (EC-050)"},"content":{"rendered":"","protected":false},"excerpt":{"rendered":"<p>L&rsquo;Evolve Econ Series Plate Loaded Lat Pulldown est con\u00e7u pour d\u00e9velopper et renforcer les muscles latissimus dorsi, les biceps et le haut du dos avec une r\u00e9sistance douce et constante. Son m\u00e9canisme de chargement par plaque permet de personnaliser facilement la charge, tandis que le si\u00e8ge ergonomique et les coussinets de cuisses offrent confort et stabilit\u00e9 pendant les s\u00e9ances d&rsquo;entra\u00eenement intenses. Construit pour \u00eatre durable et performant, il est id\u00e9al pour les espaces d&rsquo;entra\u00eenement commerciaux et professionnels.  <\/p>\n","protected":false},"featured_media":141961,"template":"","meta":{"_acf_changed":false,"inline_featured_image":false},"product_cat":[780,1192],"product_tag":[],"class_list":{"0":"post-141944","1":"product","2":"type-product","3":"status-publish","4":"has-post-thumbnail","6":"product_cat-machines-a-plateau","7":"product_cat-econ-series-plate-loaded-fr","9":"first","10":"instock","11":"shipping-taxable","12":"purchasable","13":"product-type-simple"},"acf":[],"_links":{"self":[{"href":"https:\/\/store.evolve-fitness.eu\/fr\/wp-json\/wp\/v2\/product\/141944","targetHints":{"allow":["GET"]}}],"collection":[{"href":"https:\/\/store.evolve-fitness.eu\/fr\/wp-json\/wp\/v2\/product"}],"about":[{"href":"https:\/\/store.evolve-fitness.eu\/fr\/wp-json\/wp\/v2\/types\/product"}],"wp:featuredmedia":[{"embeddable":true,"href":"https:\/\/store.evolve-fitness.eu\/fr\/wp-json\/wp\/v2\/media\/141961"}],"wp:attachment":[{"href":"https:\/\/store.evolve-fitness.eu\/fr\/wp-json\/wp\/v2\/media?parent=141944"}],"wp:term":[{"taxonomy":"product_cat","embeddable":true,"href":"https:\/\/store.evolve-fitness.eu\/fr\/wp-json\/wp\/v2\/product_cat?post=141944"},{"taxonomy":"product_tag","embeddable":true,"href":"https:\/\/store.evolve-fitness.eu\/fr\/wp-json\/wp\/v2\/product_tag?post=141944"}],"curies":[{"name":"wp","href":"https:\/\/api.w.org\/{rel}","templated":true}]}}