{"id":141869,"date":"2025-10-20T15:15:53","date_gmt":"2025-10-20T12:15:53","guid":{"rendered":"https:\/\/store.evolve-fitness.eu\/product\/attache-de-cable-evolve-ca-010\/"},"modified":"2026-03-13T12:01:56","modified_gmt":"2026-03-13T12:01:56","slug":"attache-de-cable-evolve-ca-010","status":"publish","type":"product","link":"https:\/\/store.evolve-fitness.eu\/fr\/produit\/attache-de-cable-evolve-ca-010\/","title":{"rendered":"Attache de c\u00e2ble Evolve (CA-010)"},"content":{"rendered":"","protected":false},"excerpt":{"rendered":"<p>L&rsquo;attache-c\u00e2ble Evolve est un accessoire durable et ergonomique con\u00e7u pour un entra\u00eenement de musculation polyvalent. Compatible avec tous les appareils \u00e0 c\u00e2ble standard, il permet des mouvements fluides et contr\u00f4l\u00e9s pour des exercices tels que les extensions du triceps, les flexions du biceps et les rang\u00e9es. Con\u00e7u pour le confort et la pr\u00e9cision, il est id\u00e9al pour les salles de sport priv\u00e9es et commerciales.  <\/p>\n","protected":false},"featured_media":141871,"template":"","meta":{"_acf_changed":false,"inline_featured_image":false},"product_cat":[664,665],"product_tag":[],"class_list":{"0":"post-141869","1":"product","2":"type-product","3":"status-publish","4":"has-post-thumbnail","6":"product_cat-composants-de-lappareil-de-forage","7":"product_cat-accessoires-fr","9":"first","10":"outofstock","11":"shipping-taxable","12":"purchasable","13":"product-type-simple"},"acf":[],"_links":{"self":[{"href":"https:\/\/store.evolve-fitness.eu\/fr\/wp-json\/wp\/v2\/product\/141869","targetHints":{"allow":["GET"]}}],"collection":[{"href":"https:\/\/store.evolve-fitness.eu\/fr\/wp-json\/wp\/v2\/product"}],"about":[{"href":"https:\/\/store.evolve-fitness.eu\/fr\/wp-json\/wp\/v2\/types\/product"}],"wp:featuredmedia":[{"embeddable":true,"href":"https:\/\/store.evolve-fitness.eu\/fr\/wp-json\/wp\/v2\/media\/141871"}],"wp:attachment":[{"href":"https:\/\/store.evolve-fitness.eu\/fr\/wp-json\/wp\/v2\/media?parent=141869"}],"wp:term":[{"taxonomy":"product_cat","embeddable":true,"href":"https:\/\/store.evolve-fitness.eu\/fr\/wp-json\/wp\/v2\/product_cat?post=141869"},{"taxonomy":"product_tag","embeddable":true,"href":"https:\/\/store.evolve-fitness.eu\/fr\/wp-json\/wp\/v2\/product_tag?post=141869"}],"curies":[{"name":"wp","href":"https:\/\/api.w.org\/{rel}","templated":true}]}}