{"id":141768,"date":"2025-10-15T09:23:03","date_gmt":"2025-10-15T06:23:03","guid":{"rendered":"https:\/\/store.evolve-fitness.eu\/product\/evolve-econ-series-plate-loaded-seated-calf-raise-ec-190\/"},"modified":"2025-10-15T09:23:03","modified_gmt":"2025-10-15T09:23:03","slug":"evolve-econ-series-plate-loaded-seated-calf-raise-ec-190","status":"publish","type":"product","link":"https:\/\/store.evolve-fitness.eu\/fr\/produit\/evolve-econ-series-plate-loaded-seated-calf-raise-ec-190\/","title":{"rendered":"Evolve Econ Series Plate Loaded Seated Calf Raise (EC-190)"},"content":{"rendered":"","protected":false},"excerpt":{"rendered":"<p>L&rsquo;appareil Evolve Econ Series Seated Calf Raise est con\u00e7u pour d\u00e9velopper et renforcer les muscles des mollets gr\u00e2ce \u00e0 un mouvement de levage fluide et contr\u00f4l\u00e9. Son syst\u00e8me \u00e0 plaques permet un r\u00e9glage facile de la r\u00e9sistance, tandis que le si\u00e8ge ergonomique et les supports de jambes rembourr\u00e9s garantissent le confort et un positionnement correct. Fabriqu\u00e9 \u00e0 partir de mat\u00e9riaux durables pour une fiabilit\u00e9 \u00e0 long terme, il constitue un excellent compl\u00e9ment aux installations de musculation commerciales et professionnelles.  <\/p>\n","protected":false},"featured_media":141778,"template":"","meta":{"_acf_changed":false,"inline_featured_image":false},"product_cat":[780,1192],"product_tag":[],"class_list":{"0":"post-141768","1":"product","2":"type-product","3":"status-publish","4":"has-post-thumbnail","6":"product_cat-machines-a-plateau","7":"product_cat-econ-series-plate-loaded-fr","9":"first","10":"instock","11":"shipping-taxable","12":"purchasable","13":"product-type-simple"},"acf":[],"_links":{"self":[{"href":"https:\/\/store.evolve-fitness.eu\/fr\/wp-json\/wp\/v2\/product\/141768","targetHints":{"allow":["GET"]}}],"collection":[{"href":"https:\/\/store.evolve-fitness.eu\/fr\/wp-json\/wp\/v2\/product"}],"about":[{"href":"https:\/\/store.evolve-fitness.eu\/fr\/wp-json\/wp\/v2\/types\/product"}],"wp:featuredmedia":[{"embeddable":true,"href":"https:\/\/store.evolve-fitness.eu\/fr\/wp-json\/wp\/v2\/media\/141778"}],"wp:attachment":[{"href":"https:\/\/store.evolve-fitness.eu\/fr\/wp-json\/wp\/v2\/media?parent=141768"}],"wp:term":[{"taxonomy":"product_cat","embeddable":true,"href":"https:\/\/store.evolve-fitness.eu\/fr\/wp-json\/wp\/v2\/product_cat?post=141768"},{"taxonomy":"product_tag","embeddable":true,"href":"https:\/\/store.evolve-fitness.eu\/fr\/wp-json\/wp\/v2\/product_tag?post=141768"}],"curies":[{"name":"wp","href":"https:\/\/api.w.org\/{rel}","templated":true}]}}