{"id":141632,"date":"2025-10-15T09:10:51","date_gmt":"2025-10-15T06:10:51","guid":{"rendered":"https:\/\/store.evolve-fitness.eu\/product\/hyperextension-inversee-avec-plaque-evolve-econ-series-ec-170\/"},"modified":"2025-10-15T09:10:51","modified_gmt":"2025-10-15T09:10:51","slug":"hyperextension-inversee-avec-plaque-evolve-econ-series-ec-170","status":"publish","type":"product","link":"https:\/\/store.evolve-fitness.eu\/fr\/produit\/hyperextension-inversee-avec-plaque-evolve-econ-series-ec-170\/","title":{"rendered":"Hyperextension invers\u00e9e avec plaque Evolve Econ Series (EC-170)"},"content":{"rendered":"","protected":false},"excerpt":{"rendered":"<p>L&rsquo;appareil Evolve Econ Series Reverse Hyperextension est con\u00e7u pour renforcer le bas du dos, les fessiers et les ischio-jambiers gr\u00e2ce \u00e0 un mouvement de levage fluide et contr\u00f4l\u00e9. Son syst\u00e8me \u00e0 plaques permet d&rsquo;ajuster la r\u00e9sistance, ce qui favorise un d\u00e9veloppement s\u00fbr et efficace de la cha\u00eene post\u00e9rieure. Dot\u00e9 d&rsquo;un cadre durable, d&rsquo;un rembourrage confortable et d&rsquo;un support ergonomique, il offre des performances constantes pour les centres d&rsquo;entra\u00eenement commerciaux et professionnels.  <\/p>\n","protected":false},"featured_media":141647,"template":"","meta":{"_acf_changed":false,"inline_featured_image":false},"product_cat":[780,1192],"product_tag":[],"class_list":{"0":"post-141632","1":"product","2":"type-product","3":"status-publish","4":"has-post-thumbnail","6":"product_cat-machines-a-plateau","7":"product_cat-econ-series-plate-loaded-fr","9":"first","10":"instock","11":"shipping-taxable","12":"purchasable","13":"product-type-simple"},"acf":[],"_links":{"self":[{"href":"https:\/\/store.evolve-fitness.eu\/fr\/wp-json\/wp\/v2\/product\/141632","targetHints":{"allow":["GET"]}}],"collection":[{"href":"https:\/\/store.evolve-fitness.eu\/fr\/wp-json\/wp\/v2\/product"}],"about":[{"href":"https:\/\/store.evolve-fitness.eu\/fr\/wp-json\/wp\/v2\/types\/product"}],"wp:featuredmedia":[{"embeddable":true,"href":"https:\/\/store.evolve-fitness.eu\/fr\/wp-json\/wp\/v2\/media\/141647"}],"wp:attachment":[{"href":"https:\/\/store.evolve-fitness.eu\/fr\/wp-json\/wp\/v2\/media?parent=141632"}],"wp:term":[{"taxonomy":"product_cat","embeddable":true,"href":"https:\/\/store.evolve-fitness.eu\/fr\/wp-json\/wp\/v2\/product_cat?post=141632"},{"taxonomy":"product_tag","embeddable":true,"href":"https:\/\/store.evolve-fitness.eu\/fr\/wp-json\/wp\/v2\/product_tag?post=141632"}],"curies":[{"name":"wp","href":"https:\/\/api.w.org\/{rel}","templated":true}]}}