{"id":141524,"date":"2025-10-15T08:51:30","date_gmt":"2025-10-15T05:51:30","guid":{"rendered":"https:\/\/store.evolve-fitness.eu\/product\/evolve-econ-series-plate-loaded-hack-squat-ec-160\/"},"modified":"2025-10-15T08:51:30","modified_gmt":"2025-10-15T08:51:30","slug":"evolve-econ-series-plate-loaded-hack-squat-ec-160","status":"publish","type":"product","link":"https:\/\/store.evolve-fitness.eu\/fr\/produit\/evolve-econ-series-plate-loaded-hack-squat-ec-160\/","title":{"rendered":"Evolve Econ Series Plate Loaded Hack Squat (EC-160)"},"content":{"rendered":"","protected":false},"excerpt":{"rendered":"<p>Le Evolve Econ Series Plate Loaded Hack Squat est con\u00e7u pour cibler les quadriceps, les ischio-jambiers et les fessiers gr\u00e2ce \u00e0 un mouvement d&rsquo;accroupissement fluide et contr\u00f4l\u00e9. Son syst\u00e8me \u00e0 plaques permet un r\u00e9glage pr\u00e9cis de la r\u00e9sistance, tandis que la piste inclin\u00e9e et les \u00e9paulettes ergonomiques garantissent le confort et un bon alignement du corps. Construit \u00e0 partir de mat\u00e9riaux robustes pour une stabilit\u00e9 et une durabilit\u00e9 maximales, il est id\u00e9al pour les salles de sport commerciales et professionnelles.  <\/p>\n","protected":false},"featured_media":141546,"template":"","meta":{"_acf_changed":false,"inline_featured_image":false},"product_cat":[780,1192],"product_tag":[],"class_list":{"0":"post-141524","1":"product","2":"type-product","3":"status-publish","4":"has-post-thumbnail","6":"product_cat-machines-a-plateau","7":"product_cat-econ-series-plate-loaded-fr","9":"first","10":"instock","11":"shipping-taxable","12":"purchasable","13":"product-type-simple"},"acf":[],"_links":{"self":[{"href":"https:\/\/store.evolve-fitness.eu\/fr\/wp-json\/wp\/v2\/product\/141524","targetHints":{"allow":["GET"]}}],"collection":[{"href":"https:\/\/store.evolve-fitness.eu\/fr\/wp-json\/wp\/v2\/product"}],"about":[{"href":"https:\/\/store.evolve-fitness.eu\/fr\/wp-json\/wp\/v2\/types\/product"}],"wp:featuredmedia":[{"embeddable":true,"href":"https:\/\/store.evolve-fitness.eu\/fr\/wp-json\/wp\/v2\/media\/141546"}],"wp:attachment":[{"href":"https:\/\/store.evolve-fitness.eu\/fr\/wp-json\/wp\/v2\/media?parent=141524"}],"wp:term":[{"taxonomy":"product_cat","embeddable":true,"href":"https:\/\/store.evolve-fitness.eu\/fr\/wp-json\/wp\/v2\/product_cat?post=141524"},{"taxonomy":"product_tag","embeddable":true,"href":"https:\/\/store.evolve-fitness.eu\/fr\/wp-json\/wp\/v2\/product_tag?post=141524"}],"curies":[{"name":"wp","href":"https:\/\/api.w.org\/{rel}","templated":true}]}}