{"id":141402,"date":"2025-10-15T08:36:34","date_gmt":"2025-10-15T05:36:34","guid":{"rendered":"https:\/\/store.evolve-fitness.eu\/product\/evolve-econ-series-plate-loaded-vertical-hip-thrust-ec-150\/"},"modified":"2025-10-15T08:36:34","modified_gmt":"2025-10-15T08:36:34","slug":"evolve-econ-series-plate-loaded-vertical-hip-thrust-ec-150","status":"publish","type":"product","link":"https:\/\/store.evolve-fitness.eu\/fr\/produit\/evolve-econ-series-plate-loaded-vertical-hip-thrust-ec-150\/","title":{"rendered":"Evolve Econ Series Plate Loaded Vertical Hip Thrust (EC-150)"},"content":{"rendered":"","protected":false},"excerpt":{"rendered":"<p>L&rsquo;appareil Evolve Econ Series Plate Loaded Vertical Hip Thrust est con\u00e7u pour isoler et renforcer les fessiers et les ischio-jambiers gr\u00e2ce \u00e0 un puissant mouvement de pouss\u00e9e verticale. Son syst\u00e8me de r\u00e9sistance \u00e0 plaques assure une charge r\u00e9guli\u00e8re et r\u00e9glable, tandis que la plate-forme rembourr\u00e9e et la base stable offrent confort et s\u00e9curit\u00e9 pendant l&rsquo;entra\u00eenement. Construit pour durer et offrir des performances constantes, c&rsquo;est un excellent choix pour les centres de musculation commerciaux et professionnels.  <\/p>\n","protected":false},"featured_media":141416,"template":"","meta":{"_acf_changed":false,"inline_featured_image":false},"product_cat":[1192,780],"product_tag":[],"class_list":{"0":"post-141402","1":"product","2":"type-product","3":"status-publish","4":"has-post-thumbnail","6":"product_cat-econ-series-plate-loaded-fr","7":"product_cat-machines-a-plateau","9":"first","10":"instock","11":"shipping-taxable","12":"purchasable","13":"product-type-simple"},"acf":[],"_links":{"self":[{"href":"https:\/\/store.evolve-fitness.eu\/fr\/wp-json\/wp\/v2\/product\/141402","targetHints":{"allow":["GET"]}}],"collection":[{"href":"https:\/\/store.evolve-fitness.eu\/fr\/wp-json\/wp\/v2\/product"}],"about":[{"href":"https:\/\/store.evolve-fitness.eu\/fr\/wp-json\/wp\/v2\/types\/product"}],"wp:featuredmedia":[{"embeddable":true,"href":"https:\/\/store.evolve-fitness.eu\/fr\/wp-json\/wp\/v2\/media\/141416"}],"wp:attachment":[{"href":"https:\/\/store.evolve-fitness.eu\/fr\/wp-json\/wp\/v2\/media?parent=141402"}],"wp:term":[{"taxonomy":"product_cat","embeddable":true,"href":"https:\/\/store.evolve-fitness.eu\/fr\/wp-json\/wp\/v2\/product_cat?post=141402"},{"taxonomy":"product_tag","embeddable":true,"href":"https:\/\/store.evolve-fitness.eu\/fr\/wp-json\/wp\/v2\/product_tag?post=141402"}],"curies":[{"name":"wp","href":"https:\/\/api.w.org\/{rel}","templated":true}]}}