{"id":141228,"date":"2025-10-14T16:23:16","date_gmt":"2025-10-14T13:23:16","guid":{"rendered":"https:\/\/store.evolve-fitness.eu\/product\/evolve-econ-series-plate-loaded-belt-squat-ec-140\/"},"modified":"2025-10-14T16:23:16","modified_gmt":"2025-10-14T16:23:16","slug":"evolve-econ-series-plate-loaded-belt-squat-ec-140","status":"publish","type":"product","link":"https:\/\/store.evolve-fitness.eu\/fr\/produit\/evolve-econ-series-plate-loaded-belt-squat-ec-140\/","title":{"rendered":"Evolve Econ Series Plate Loaded Belt Squat (EC-140)"},"content":{"rendered":"","protected":false},"excerpt":{"rendered":"<p>L&rsquo;Evolve Econ Series Plate Loaded Belt Squat est con\u00e7u pour d\u00e9velopper la force du bas du corps tout en minimisant la charge sur la colonne vert\u00e9brale. Son syst\u00e8me \u00e0 plaques offre une r\u00e9sistance douce et r\u00e9glable, permettant aux utilisateurs de cibler efficacement les quadriceps, les ischio-jambiers et les fessiers. Dot\u00e9 d&rsquo;une plate-forme stable et d&rsquo;un syst\u00e8me de ceinture ergonomique, il garantit confort, s\u00e9curit\u00e9 et performances constantes, ce qui en fait l&rsquo;appareil id\u00e9al pour les environnements d&rsquo;entra\u00eenement commerciaux et professionnels.  <\/p>\n<p>\n","protected":false},"featured_media":141273,"template":"","meta":{"_acf_changed":false,"inline_featured_image":false},"product_cat":[780,1192],"product_tag":[],"class_list":{"0":"post-141228","1":"product","2":"type-product","3":"status-publish","4":"has-post-thumbnail","6":"product_cat-machines-a-plateau","7":"product_cat-econ-series-plate-loaded-fr","9":"first","10":"instock","11":"shipping-taxable","12":"purchasable","13":"product-type-simple"},"acf":[],"_links":{"self":[{"href":"https:\/\/store.evolve-fitness.eu\/fr\/wp-json\/wp\/v2\/product\/141228","targetHints":{"allow":["GET"]}}],"collection":[{"href":"https:\/\/store.evolve-fitness.eu\/fr\/wp-json\/wp\/v2\/product"}],"about":[{"href":"https:\/\/store.evolve-fitness.eu\/fr\/wp-json\/wp\/v2\/types\/product"}],"wp:featuredmedia":[{"embeddable":true,"href":"https:\/\/store.evolve-fitness.eu\/fr\/wp-json\/wp\/v2\/media\/141273"}],"wp:attachment":[{"href":"https:\/\/store.evolve-fitness.eu\/fr\/wp-json\/wp\/v2\/media?parent=141228"}],"wp:term":[{"taxonomy":"product_cat","embeddable":true,"href":"https:\/\/store.evolve-fitness.eu\/fr\/wp-json\/wp\/v2\/product_cat?post=141228"},{"taxonomy":"product_tag","embeddable":true,"href":"https:\/\/store.evolve-fitness.eu\/fr\/wp-json\/wp\/v2\/product_tag?post=141228"}],"curies":[{"name":"wp","href":"https:\/\/api.w.org\/{rel}","templated":true}]}}