{"id":141100,"date":"2025-10-14T16:12:42","date_gmt":"2025-10-14T13:12:42","guid":{"rendered":"https:\/\/store.evolve-fitness.eu\/product\/evolve-econ-series-plate-loaded-hip-thrust-ec-130\/"},"modified":"2025-10-14T16:12:42","modified_gmt":"2025-10-14T16:12:42","slug":"evolve-econ-series-plate-loaded-hip-thrust-ec-130","status":"publish","type":"product","link":"https:\/\/store.evolve-fitness.eu\/fr\/produit\/evolve-econ-series-plate-loaded-hip-thrust-ec-130\/","title":{"rendered":"Evolve Econ Series Plate Loaded Hip Thrust (EC-130)"},"content":{"rendered":"","protected":false},"excerpt":{"rendered":"<p>L&rsquo;Evolve Econ Series Plate Loaded Hip Thrust est con\u00e7u pour cibler et renforcer efficacement les fessiers, les ischio-jambiers et le tronc gr\u00e2ce \u00e0 un mouvement de levage s\u00fbr et contr\u00f4l\u00e9. Son syst\u00e8me de r\u00e9sistance \u00e0 plaques permet d&rsquo;ajuster la charge en douceur, tandis que la plate-forme ergonomique rembourr\u00e9e et le positionnement r\u00e9glable des pieds assurent confort et stabilit\u00e9. Construit pour durer et offrir des performances constantes, il est id\u00e9al pour les environnements de musculation professionnels et commerciaux.  <\/p>\n<p>\n","protected":false},"featured_media":141101,"template":"","meta":{"_acf_changed":false,"inline_featured_image":false},"product_cat":[780,1192],"product_tag":[],"class_list":{"0":"post-141100","1":"product","2":"type-product","3":"status-publish","4":"has-post-thumbnail","6":"product_cat-machines-a-plateau","7":"product_cat-econ-series-plate-loaded-fr","9":"first","10":"instock","11":"shipping-taxable","12":"purchasable","13":"product-type-simple"},"acf":[],"_links":{"self":[{"href":"https:\/\/store.evolve-fitness.eu\/fr\/wp-json\/wp\/v2\/product\/141100","targetHints":{"allow":["GET"]}}],"collection":[{"href":"https:\/\/store.evolve-fitness.eu\/fr\/wp-json\/wp\/v2\/product"}],"about":[{"href":"https:\/\/store.evolve-fitness.eu\/fr\/wp-json\/wp\/v2\/types\/product"}],"wp:featuredmedia":[{"embeddable":true,"href":"https:\/\/store.evolve-fitness.eu\/fr\/wp-json\/wp\/v2\/media\/141101"}],"wp:attachment":[{"href":"https:\/\/store.evolve-fitness.eu\/fr\/wp-json\/wp\/v2\/media?parent=141100"}],"wp:term":[{"taxonomy":"product_cat","embeddable":true,"href":"https:\/\/store.evolve-fitness.eu\/fr\/wp-json\/wp\/v2\/product_cat?post=141100"},{"taxonomy":"product_tag","embeddable":true,"href":"https:\/\/store.evolve-fitness.eu\/fr\/wp-json\/wp\/v2\/product_tag?post=141100"}],"curies":[{"name":"wp","href":"https:\/\/api.w.org\/{rel}","templated":true}]}}