{"id":141026,"date":"2025-10-14T16:05:36","date_gmt":"2025-10-14T13:05:36","guid":{"rendered":"https:\/\/store.evolve-fitness.eu\/product\/evolve-econ-series-vertical-leg-press-avec-plateau-ec-120\/"},"modified":"2025-10-14T16:05:36","modified_gmt":"2025-10-14T16:05:36","slug":"evolve-econ-series-vertical-leg-press-avec-plateau-ec-120","status":"publish","type":"product","link":"https:\/\/store.evolve-fitness.eu\/fr\/produit\/evolve-econ-series-vertical-leg-press-avec-plateau-ec-120\/","title":{"rendered":"Evolve Econ Series Vertical Leg Press avec plateau (EC-120)"},"content":{"rendered":"","protected":false},"excerpt":{"rendered":"<p>La presse \u00e0 jambes verticale Evolve Econ Series Plate Loaded est con\u00e7ue pour maximiser la force du bas du corps, en se concentrant sur les quadriceps, les ischio-jambiers et les fessiers. Sa conception verticale permet un mouvement de pression naturel et efficace avec une r\u00e9partition optimale de la charge, tandis que le syst\u00e8me \u00e0 plaques assure un r\u00e9glage en douceur de la r\u00e9sistance. Fabriqu\u00e9 \u00e0 partir de mat\u00e9riaux robustes pour une durabilit\u00e9 et une stabilit\u00e9 optimales, cet appareil est id\u00e9al pour les salles de sport commerciales et professionnelles.  <\/p>\n<p>\n","protected":false},"featured_media":141028,"template":"","meta":{"_acf_changed":false,"inline_featured_image":false},"product_cat":[1192,780],"product_tag":[],"class_list":{"0":"post-141026","1":"product","2":"type-product","3":"status-publish","4":"has-post-thumbnail","6":"product_cat-econ-series-plate-loaded-fr","7":"product_cat-machines-a-plateau","9":"first","10":"instock","11":"shipping-taxable","12":"purchasable","13":"product-type-simple"},"acf":[],"_links":{"self":[{"href":"https:\/\/store.evolve-fitness.eu\/fr\/wp-json\/wp\/v2\/product\/141026","targetHints":{"allow":["GET"]}}],"collection":[{"href":"https:\/\/store.evolve-fitness.eu\/fr\/wp-json\/wp\/v2\/product"}],"about":[{"href":"https:\/\/store.evolve-fitness.eu\/fr\/wp-json\/wp\/v2\/types\/product"}],"wp:featuredmedia":[{"embeddable":true,"href":"https:\/\/store.evolve-fitness.eu\/fr\/wp-json\/wp\/v2\/media\/141028"}],"wp:attachment":[{"href":"https:\/\/store.evolve-fitness.eu\/fr\/wp-json\/wp\/v2\/media?parent=141026"}],"wp:term":[{"taxonomy":"product_cat","embeddable":true,"href":"https:\/\/store.evolve-fitness.eu\/fr\/wp-json\/wp\/v2\/product_cat?post=141026"},{"taxonomy":"product_tag","embeddable":true,"href":"https:\/\/store.evolve-fitness.eu\/fr\/wp-json\/wp\/v2\/product_tag?post=141026"}],"curies":[{"name":"wp","href":"https:\/\/api.w.org\/{rel}","templated":true}]}}