{"id":140950,"date":"2025-10-14T15:58:15","date_gmt":"2025-10-14T12:58:15","guid":{"rendered":"https:\/\/store.evolve-fitness.eu\/product\/serie-evolve-econ-adduction-debout-avec-plateau-ec-110\/"},"modified":"2025-10-14T15:58:15","modified_gmt":"2025-10-14T15:58:15","slug":"serie-evolve-econ-adduction-debout-avec-plateau-ec-110","status":"publish","type":"product","link":"https:\/\/store.evolve-fitness.eu\/fr\/produit\/serie-evolve-econ-adduction-debout-avec-plateau-ec-110\/","title":{"rendered":"S\u00e9rie Evolve Econ &#8211; Adduction debout avec plateau (EC-110)"},"content":{"rendered":"","protected":false},"excerpt":{"rendered":"<p>L&rsquo;adduction debout Evolve Econ Series Plate Loaded est con\u00e7ue pour renforcer et tonifier les muscles de l&rsquo;int\u00e9rieur des cuisses gr\u00e2ce \u00e0 un mod\u00e8le de mouvement contr\u00f4l\u00e9 et naturel. Son syst\u00e8me de r\u00e9sistance \u00e0 plaques permet une charge souple et r\u00e9glable, tandis que la conception ergonomique en position debout favorise la stabilit\u00e9 et l&rsquo;alignement correct du corps. Construit pour durer et offrir des performances constantes, il constitue un excellent compl\u00e9ment \u00e0 tout centre d&rsquo;entra\u00eenement commercial ou professionnel.  <\/p>\n<p>\n","protected":false},"featured_media":140955,"template":"","meta":{"_acf_changed":false,"inline_featured_image":false},"product_cat":[780,1192],"product_tag":[],"class_list":{"0":"post-140950","1":"product","2":"type-product","3":"status-publish","4":"has-post-thumbnail","6":"product_cat-machines-a-plateau","7":"product_cat-econ-series-plate-loaded-fr","9":"first","10":"instock","11":"shipping-taxable","12":"purchasable","13":"product-type-simple"},"acf":[],"_links":{"self":[{"href":"https:\/\/store.evolve-fitness.eu\/fr\/wp-json\/wp\/v2\/product\/140950","targetHints":{"allow":["GET"]}}],"collection":[{"href":"https:\/\/store.evolve-fitness.eu\/fr\/wp-json\/wp\/v2\/product"}],"about":[{"href":"https:\/\/store.evolve-fitness.eu\/fr\/wp-json\/wp\/v2\/types\/product"}],"wp:featuredmedia":[{"embeddable":true,"href":"https:\/\/store.evolve-fitness.eu\/fr\/wp-json\/wp\/v2\/media\/140955"}],"wp:attachment":[{"href":"https:\/\/store.evolve-fitness.eu\/fr\/wp-json\/wp\/v2\/media?parent=140950"}],"wp:term":[{"taxonomy":"product_cat","embeddable":true,"href":"https:\/\/store.evolve-fitness.eu\/fr\/wp-json\/wp\/v2\/product_cat?post=140950"},{"taxonomy":"product_tag","embeddable":true,"href":"https:\/\/store.evolve-fitness.eu\/fr\/wp-json\/wp\/v2\/product_tag?post=140950"}],"curies":[{"name":"wp","href":"https:\/\/api.w.org\/{rel}","templated":true}]}}