{"id":140809,"date":"2025-10-14T10:57:45","date_gmt":"2025-10-14T10:57:45","guid":{"rendered":"https:\/\/store.evolve-fitness.eu\/product\/evolve-econ-series-plate-loaded-shoulder-press-ec-010\/"},"modified":"2025-10-14T10:57:45","modified_gmt":"2025-10-14T10:57:45","slug":"evolve-econ-series-plate-loaded-shoulder-press-ec-010","status":"publish","type":"product","link":"https:\/\/store.evolve-fitness.eu\/fr\/produit\/evolve-econ-series-plate-loaded-shoulder-press-ec-010\/","title":{"rendered":"Evolve Econ Series Plate Loaded Shoulder Press (EC-010)"},"content":{"rendered":"","protected":false},"excerpt":{"rendered":"<p>La presse \u00e0 \u00e9paules Evolve Econ Series Plate Loaded est un appareil de musculation durable et efficace con\u00e7u pour cibler les muscles delto\u00efdes avec des mouvements naturels et contr\u00f4l\u00e9s. Son syst\u00e8me de chargement de plaques assure un r\u00e9glage en douceur de la r\u00e9sistance, tandis que le si\u00e8ge et les poign\u00e9es ergonomiques offrent confort et stabilit\u00e9 pendant l&rsquo;entra\u00eenement. Id\u00e9ale pour les salles de sport commerciales et priv\u00e9es, elle offre des performances fiables et une durabilit\u00e9 \u00e0 long terme.  <\/p>\n","protected":false},"featured_media":140845,"template":"","meta":{"_acf_changed":false,"inline_featured_image":false},"product_cat":[780,1192],"product_tag":[],"class_list":{"0":"post-140809","1":"product","2":"type-product","3":"status-publish","4":"has-post-thumbnail","6":"product_cat-machines-a-plateau","7":"product_cat-econ-series-plate-loaded-fr","9":"first","10":"instock","11":"shipping-taxable","12":"purchasable","13":"product-type-simple"},"acf":[],"_links":{"self":[{"href":"https:\/\/store.evolve-fitness.eu\/fr\/wp-json\/wp\/v2\/product\/140809","targetHints":{"allow":["GET"]}}],"collection":[{"href":"https:\/\/store.evolve-fitness.eu\/fr\/wp-json\/wp\/v2\/product"}],"about":[{"href":"https:\/\/store.evolve-fitness.eu\/fr\/wp-json\/wp\/v2\/types\/product"}],"wp:featuredmedia":[{"embeddable":true,"href":"https:\/\/store.evolve-fitness.eu\/fr\/wp-json\/wp\/v2\/media\/140845"}],"wp:attachment":[{"href":"https:\/\/store.evolve-fitness.eu\/fr\/wp-json\/wp\/v2\/media?parent=140809"}],"wp:term":[{"taxonomy":"product_cat","embeddable":true,"href":"https:\/\/store.evolve-fitness.eu\/fr\/wp-json\/wp\/v2\/product_cat?post=140809"},{"taxonomy":"product_tag","embeddable":true,"href":"https:\/\/store.evolve-fitness.eu\/fr\/wp-json\/wp\/v2\/product_tag?post=140809"}],"curies":[{"name":"wp","href":"https:\/\/api.w.org\/{rel}","templated":true}]}}