{"id":140320,"date":"2025-10-15T09:27:22","date_gmt":"2025-10-15T06:27:22","guid":{"rendered":"https:\/\/store.evolve-fitness.eu\/product\/evolve-econ-series-plate-loaded-biceps-triceps-ec-200\/"},"modified":"2025-10-15T09:27:22","modified_gmt":"2025-10-15T09:27:22","slug":"evolve-econ-series-plate-loaded-biceps-triceps-ec-200","status":"publish","type":"product","link":"https:\/\/store.evolve-fitness.eu\/fr\/produit\/evolve-econ-series-plate-loaded-biceps-triceps-ec-200\/","title":{"rendered":"Evolve Econ Series Plate Loaded Biceps &amp; Triceps (EC-200)"},"content":{"rendered":"","protected":false},"excerpt":{"rendered":"<p>L&rsquo;appareil Evolve Econ Series Plate Loaded Biceps &amp; Triceps est con\u00e7u pour un entra\u00eenement efficace des bras, ciblant \u00e0 la fois les biceps et les triceps avec des mouvements doux et isol\u00e9s. Son syst\u00e8me \u00e0 double fonction permet d&rsquo;ajuster facilement la r\u00e9sistance pour un d\u00e9veloppement musculaire \u00e9quilibr\u00e9, tandis que les coussins et les poign\u00e9es ergonomiques garantissent confort et stabilit\u00e9. Con\u00e7u pour durer et offrir des performances constantes, cet appareil est id\u00e9al pour les salles de sport professionnelles et commerciales.  <\/p>\n","protected":false},"featured_media":140327,"template":"","meta":{"_acf_changed":false,"inline_featured_image":false},"product_cat":[780,1192],"product_tag":[],"class_list":{"0":"post-140320","1":"product","2":"type-product","3":"status-publish","4":"has-post-thumbnail","6":"product_cat-machines-a-plateau","7":"product_cat-econ-series-plate-loaded-fr","9":"first","10":"instock","11":"shipping-taxable","12":"purchasable","13":"product-type-simple"},"acf":[],"_links":{"self":[{"href":"https:\/\/store.evolve-fitness.eu\/fr\/wp-json\/wp\/v2\/product\/140320","targetHints":{"allow":["GET"]}}],"collection":[{"href":"https:\/\/store.evolve-fitness.eu\/fr\/wp-json\/wp\/v2\/product"}],"about":[{"href":"https:\/\/store.evolve-fitness.eu\/fr\/wp-json\/wp\/v2\/types\/product"}],"wp:featuredmedia":[{"embeddable":true,"href":"https:\/\/store.evolve-fitness.eu\/fr\/wp-json\/wp\/v2\/media\/140327"}],"wp:attachment":[{"href":"https:\/\/store.evolve-fitness.eu\/fr\/wp-json\/wp\/v2\/media?parent=140320"}],"wp:term":[{"taxonomy":"product_cat","embeddable":true,"href":"https:\/\/store.evolve-fitness.eu\/fr\/wp-json\/wp\/v2\/product_cat?post=140320"},{"taxonomy":"product_tag","embeddable":true,"href":"https:\/\/store.evolve-fitness.eu\/fr\/wp-json\/wp\/v2\/product_tag?post=140320"}],"curies":[{"name":"wp","href":"https:\/\/api.w.org\/{rel}","templated":true}]}}