{"id":140133,"date":"2025-10-15T09:32:36","date_gmt":"2025-10-15T06:32:36","guid":{"rendered":"https:\/\/store.evolve-fitness.eu\/product\/evolve-econ-series-squat-calf-raise-avec-plaque-ec-210\/"},"modified":"2025-10-15T09:32:36","modified_gmt":"2025-10-15T09:32:36","slug":"evolve-econ-series-squat-calf-raise-avec-plaque-ec-210","status":"publish","type":"product","link":"https:\/\/store.evolve-fitness.eu\/fr\/produit\/evolve-econ-series-squat-calf-raise-avec-plaque-ec-210\/","title":{"rendered":"Evolve Econ Series Squat &amp; Calf Raise avec plaque (EC-210)"},"content":{"rendered":"","protected":false},"excerpt":{"rendered":"<p>L&rsquo;Evolve Econ Series Plate Loaded Squat &amp; Calf Raise est con\u00e7u pour renforcer le bas du corps, en ciblant les quadriceps, les fessiers, les ischio-jambiers et les mollets gr\u00e2ce \u00e0 des mouvements fluides et contr\u00f4l\u00e9s. Son syst\u00e8me \u00e0 plaques permet un r\u00e9glage pr\u00e9cis de la r\u00e9sistance, tandis que les \u00e9paulettes ergonomiques et la plate-forme pour les pieds garantissent confort et stabilit\u00e9. Construit pour durer et pour un usage intensif, c&rsquo;est un excellent choix pour les environnements de musculation commerciaux et professionnels.  <\/p>\n","protected":false},"featured_media":140145,"template":"","meta":{"_acf_changed":false,"inline_featured_image":false},"product_cat":[780,1192],"product_tag":[],"class_list":{"0":"post-140133","1":"product","2":"type-product","3":"status-publish","4":"has-post-thumbnail","6":"product_cat-machines-a-plateau","7":"product_cat-econ-series-plate-loaded-fr","9":"first","10":"instock","11":"shipping-taxable","12":"purchasable","13":"product-type-simple"},"acf":[],"_links":{"self":[{"href":"https:\/\/store.evolve-fitness.eu\/fr\/wp-json\/wp\/v2\/product\/140133","targetHints":{"allow":["GET"]}}],"collection":[{"href":"https:\/\/store.evolve-fitness.eu\/fr\/wp-json\/wp\/v2\/product"}],"about":[{"href":"https:\/\/store.evolve-fitness.eu\/fr\/wp-json\/wp\/v2\/types\/product"}],"wp:featuredmedia":[{"embeddable":true,"href":"https:\/\/store.evolve-fitness.eu\/fr\/wp-json\/wp\/v2\/media\/140145"}],"wp:attachment":[{"href":"https:\/\/store.evolve-fitness.eu\/fr\/wp-json\/wp\/v2\/media?parent=140133"}],"wp:term":[{"taxonomy":"product_cat","embeddable":true,"href":"https:\/\/store.evolve-fitness.eu\/fr\/wp-json\/wp\/v2\/product_cat?post=140133"},{"taxonomy":"product_tag","embeddable":true,"href":"https:\/\/store.evolve-fitness.eu\/fr\/wp-json\/wp\/v2\/product_tag?post=140133"}],"curies":[{"name":"wp","href":"https:\/\/api.w.org\/{rel}","templated":true}]}}