{"id":139913,"date":"2025-10-15T09:37:07","date_gmt":"2025-10-15T06:37:07","guid":{"rendered":"https:\/\/store.evolve-fitness.eu\/product\/evolve-econ-series-plate-loaded-hack-squat-leg-press-ec-220\/"},"modified":"2025-10-15T09:37:07","modified_gmt":"2025-10-15T09:37:07","slug":"evolve-econ-series-plate-loaded-hack-squat-leg-press-ec-220","status":"publish","type":"product","link":"https:\/\/store.evolve-fitness.eu\/fr\/produit\/evolve-econ-series-plate-loaded-hack-squat-leg-press-ec-220\/","title":{"rendered":"Evolve Econ Series Plate Loaded Hack Squat &amp; Leg Press (EC-220)"},"content":{"rendered":"","protected":false},"excerpt":{"rendered":"<p>L&rsquo;Evolve Econ Series Plate Loaded Hack Squat &amp; Leg Press combine deux exercices essentiels pour le bas du corps en un seul appareil polyvalent, ciblant les quadriceps, les ischio-jambiers et les fessiers avec pr\u00e9cision et contr\u00f4le. Son syst\u00e8me \u00e0 plaques offre une r\u00e9sistance douce et r\u00e9glable, tandis que le dossier ergonomique et la conception du repose-pieds assurent le confort et un alignement correct. Construit \u00e0 partir de mat\u00e9riaux robustes pour une durabilit\u00e9 \u00e0 long terme, il est id\u00e9al pour les salles de sport commerciales et professionnelles \u00e0 la recherche de performances peu encombrantes.  <\/p>\n","protected":false},"featured_media":139923,"template":"","meta":{"_acf_changed":false,"inline_featured_image":false},"product_cat":[780,1192],"product_tag":[],"class_list":{"0":"post-139913","1":"product","2":"type-product","3":"status-publish","4":"has-post-thumbnail","6":"product_cat-machines-a-plateau","7":"product_cat-econ-series-plate-loaded-fr","9":"first","10":"instock","11":"shipping-taxable","12":"purchasable","13":"product-type-simple"},"acf":[],"_links":{"self":[{"href":"https:\/\/store.evolve-fitness.eu\/fr\/wp-json\/wp\/v2\/product\/139913","targetHints":{"allow":["GET"]}}],"collection":[{"href":"https:\/\/store.evolve-fitness.eu\/fr\/wp-json\/wp\/v2\/product"}],"about":[{"href":"https:\/\/store.evolve-fitness.eu\/fr\/wp-json\/wp\/v2\/types\/product"}],"wp:featuredmedia":[{"embeddable":true,"href":"https:\/\/store.evolve-fitness.eu\/fr\/wp-json\/wp\/v2\/media\/139923"}],"wp:attachment":[{"href":"https:\/\/store.evolve-fitness.eu\/fr\/wp-json\/wp\/v2\/media?parent=139913"}],"wp:term":[{"taxonomy":"product_cat","embeddable":true,"href":"https:\/\/store.evolve-fitness.eu\/fr\/wp-json\/wp\/v2\/product_cat?post=139913"},{"taxonomy":"product_tag","embeddable":true,"href":"https:\/\/store.evolve-fitness.eu\/fr\/wp-json\/wp\/v2\/product_tag?post=139913"}],"curies":[{"name":"wp","href":"https:\/\/api.w.org\/{rel}","templated":true}]}}