{"id":139479,"date":"2025-10-15T10:10:33","date_gmt":"2025-10-15T07:10:33","guid":{"rendered":"https:\/\/store.evolve-fitness.eu\/product\/evolve-econ-series-half-rack-smith-machine-chargee-de-plaques-ec-230\/"},"modified":"2025-10-15T10:10:33","modified_gmt":"2025-10-15T10:10:33","slug":"evolve-econ-series-half-rack-smith-machine-chargee-de-plaques-ec-230","status":"publish","type":"product","link":"https:\/\/store.evolve-fitness.eu\/fr\/produit\/evolve-econ-series-half-rack-smith-machine-chargee-de-plaques-ec-230\/","title":{"rendered":"Evolve Econ Series Half Rack &amp; Smith Machine charg\u00e9e de plaques (EC-230)"},"content":{"rendered":"","protected":false},"excerpt":{"rendered":"<p>L&rsquo;Evolve Econ Series Plate Loaded Half Rack and Smith Machine (EC-230) est une station de musculation multifonctionnelle con\u00e7ue pour une polyvalence totale de l&rsquo;entra\u00eenement. Il combine la stabilit\u00e9 d&rsquo;un appareil Smith et la libert\u00e9 d&rsquo;un demi-rack, ce qui permet de r\u00e9aliser des exercices avec halt\u00e8res en toute s\u00e9curit\u00e9 et de mani\u00e8re contr\u00f4l\u00e9e. Dot\u00e9e d&rsquo;un cadre durable et d&rsquo;une r\u00e9sistance \u00e0 plaques lisse, elle est id\u00e9ale pour les salles de sport commerciales et professionnelles.  <\/p>\n","protected":false},"featured_media":139495,"template":"","meta":{"_acf_changed":false,"inline_featured_image":false},"product_cat":[780,1192],"product_tag":[],"class_list":{"0":"post-139479","1":"product","2":"type-product","3":"status-publish","4":"has-post-thumbnail","6":"product_cat-machines-a-plateau","7":"product_cat-econ-series-plate-loaded-fr","9":"first","10":"instock","11":"shipping-taxable","12":"purchasable","13":"product-type-simple"},"acf":[],"_links":{"self":[{"href":"https:\/\/store.evolve-fitness.eu\/fr\/wp-json\/wp\/v2\/product\/139479","targetHints":{"allow":["GET"]}}],"collection":[{"href":"https:\/\/store.evolve-fitness.eu\/fr\/wp-json\/wp\/v2\/product"}],"about":[{"href":"https:\/\/store.evolve-fitness.eu\/fr\/wp-json\/wp\/v2\/types\/product"}],"wp:featuredmedia":[{"embeddable":true,"href":"https:\/\/store.evolve-fitness.eu\/fr\/wp-json\/wp\/v2\/media\/139495"}],"wp:attachment":[{"href":"https:\/\/store.evolve-fitness.eu\/fr\/wp-json\/wp\/v2\/media?parent=139479"}],"wp:term":[{"taxonomy":"product_cat","embeddable":true,"href":"https:\/\/store.evolve-fitness.eu\/fr\/wp-json\/wp\/v2\/product_cat?post=139479"},{"taxonomy":"product_tag","embeddable":true,"href":"https:\/\/store.evolve-fitness.eu\/fr\/wp-json\/wp\/v2\/product_tag?post=139479"}],"curies":[{"name":"wp","href":"https:\/\/api.w.org\/{rel}","templated":true}]}}