{"id":139194,"date":"2025-09-19T08:03:09","date_gmt":"2025-09-19T08:03:09","guid":{"rendered":"https:\/\/store.evolve-fitness.eu\/product\/tapis-de-course-evolve-avec-console-led-2\/"},"modified":"2026-04-10T12:00:31","modified_gmt":"2026-04-10T12:00:31","slug":"tapis-de-course-evolve-avec-console-led-2","status":"publish","type":"product","link":"https:\/\/store.evolve-fitness.eu\/fr\/produit\/tapis-de-course-evolve-avec-console-led-2\/","title":{"rendered":"Tapis de course Evolve avec console LED"},"content":{"rendered":"\n<section class=\"wp-block-group alignfull black-content has-white-color has-darkgray-background-color has-text-color has-background is-layout-constrained wp-block-group-is-layout-constrained\" style=\"padding-top:var(--wp--preset--spacing--section-bottom);padding-bottom:var(--wp--preset--spacing--section-bottom)\">\n<div class=\"wp-block-columns alignwide is-layout-flex wp-container-core-columns-is-layout-c45ee707 wp-block-columns-is-layout-flex\" style=\"margin-bottom:var(--wp--preset--spacing--side-padding);padding-top:var(--wp--preset--spacing--side-padding)\">\n<div class=\"wp-block-column is-vertically-aligned-center is-layout-flow wp-block-column-is-layout-flow\">\n<figure class=\"wp-block-image size-full is-style-rounded\"><img decoding=\"async\" src=\"https:\/\/evolve-fitness.eu\/wp-content\/uploads\/2025\/08\/EV-TM-HT-175-LED-1-scaled.png\" alt=\"\" class=\"wp-image-203334\"\/><\/figure>\n<\/div>\n\n\n\n<div class=\"wp-block-column is-vertically-aligned-center is-layout-flow wp-block-column-is-layout-flow\">\n<h3 class=\"wp-block-heading\" style=\"margin-bottom:var(--wp--preset--spacing--h-3-bottom)\"><strong><strong>Stabilit\u00e9 et durabilit\u00e9<\/strong><\/strong><\/h3>\n\n\n\n<p style=\"margin-bottom:var(--wp--preset--spacing--tb-section-padding)\">Le tapis de course Evolve avec console LED (EV-TM-HT-175-LED) est un appareil cardio compact et durable con\u00e7u pour une utilisation domestique et commerciale l\u00e9g\u00e8re. \u00c9quip\u00e9 d&rsquo;un \u00e9cran LED clair, il mesure la vitesse, la distance, le temps, les calories et le pouls, garantissant ainsi des s\u00e9ances d&rsquo;entra\u00eenement efficaces et confortables. <\/p>\n<\/div>\n<\/div>\n\n\n\n<div class=\"wp-block-columns alignwide are-vertically-aligned-center mobile-reverse is-layout-flex wp-container-core-columns-is-layout-e8158c2f wp-block-columns-is-layout-flex\" style=\"padding-top:var(--wp--preset--spacing--side-padding)\">\n<div class=\"wp-block-column is-vertically-aligned-center is-layout-flow wp-block-column-is-layout-flow\">\n<h3 class=\"wp-block-heading\" style=\"margin-bottom:var(--wp--preset--spacing--h-3-bottom)\"><strong><strong><strong><strong>Pliable et peu encombrant<\/strong><\/strong><\/strong><\/strong><\/h3>\n\n\n\n<p style=\"margin-bottom:var(--wp--preset--spacing--tb-section-padding)\">Apr\u00e8s chaque s\u00e9ance d&rsquo;entra\u00eenement, pliez le tapis de course sans effort et transf\u00e9rez-le \u00e0 un autre endroit \u00e0 l&rsquo;aide des roulettes de transport int\u00e9gr\u00e9es. Il s&rsquo;agit d&rsquo;une solution pratique et peu encombrante qui s&rsquo;int\u00e8gre parfaitement \u00e0 toute installation de salle de sport \u00e0 domicile.<\/p>\n<\/div>\n\n\n\n<div class=\"wp-block-column is-vertically-aligned-center is-layout-flow wp-block-column-is-layout-flow\">\n<figure class=\"wp-block-image size-large is-style-rounded\"><img decoding=\"async\" src=\"https:\/\/evolve-fitness.eu\/wp-content\/uploads\/2025\/08\/Dizainas-be-pavadinimo-12-1024x1024.png\" alt=\"\" class=\"wp-image-203309\"\/><\/figure>\n<\/div>\n<\/div>\n<\/section>\n\n<section class=\"wp-block-group alignfull black-content has-white-color has-darkgray-background-color has-text-color has-background is-layout-constrained wp-block-group-is-layout-constrained\" style=\"padding-top:var(--wp--preset--spacing--section-bottom);padding-bottom:var(--wp--preset--spacing--section-bottom)\">\n<div class=\"wp-block-columns alignwide is-layout-flex wp-container-core-columns-is-layout-c45ee707 wp-block-columns-is-layout-flex\" style=\"margin-bottom:var(--wp--preset--spacing--side-padding);padding-top:var(--wp--preset--spacing--side-padding)\">\n<div class=\"wp-block-column is-vertically-aligned-center is-layout-flow wp-block-column-is-layout-flow\">\n<figure class=\"wp-block-image size-full is-style-rounded\"><img decoding=\"async\" src=\"https:\/\/evolve-fitness.eu\/wp-content\/uploads\/2025\/08\/Dizainas-be-pavadinimo-21.png\" alt=\"\" class=\"wp-image-204882\"\/><\/figure>\n<\/div>\n\n\n\n<div class=\"wp-block-column is-vertically-aligned-center is-layout-flow wp-block-column-is-layout-flow\">\n<h3 class=\"wp-block-heading\" style=\"margin-bottom:var(--wp--preset--spacing--h-3-bottom)\"><strong><strong>Console LED &#8211; intelligente et connect\u00e9e<\/strong><\/strong><\/h3>\n\n\n\n<p style=\"margin-bottom:var(--wp--preset--spacing--tb-section-padding)\">La console \u00e0 LED fournit des informations claires sur l&rsquo;entra\u00eenement et facilite le contr\u00f4le, ce qui rend chaque s\u00e9ance plus efficace. Avec les <strong>programmes P3<\/strong> pour l&rsquo;entra\u00eenement guid\u00e9, la <strong>fonction HRC<\/strong> pour les entra\u00eenements bas\u00e9s sur la fr\u00e9quence cardiaque, la <strong>connectivit\u00e9 Bluetooth<\/strong> pour les applications et le couplage sans fil, et une <strong>fonction MP3<\/strong> pour la lecture de musique, il combine performance et divertissement dans un syst\u00e8me compact. <\/p>\n<\/div>\n<\/div>\n\n\n\n<div class=\"wp-block-columns alignwide are-vertically-aligned-center mobile-reverse is-layout-flex wp-container-core-columns-is-layout-e8158c2f wp-block-columns-is-layout-flex\" style=\"padding-top:var(--wp--preset--spacing--side-padding)\">\n<div class=\"wp-block-column is-vertically-aligned-center is-layout-flow wp-block-column-is-layout-flow\">\n<h3 class=\"wp-block-heading\" style=\"margin-bottom:var(--wp--preset--spacing--h-3-bottom)\"><strong><strong><strong>L&rsquo;inclinaison pour varier<\/strong><\/strong><\/strong><\/h3>\n\n\n\n<p style=\"margin-bottom:var(--wp--preset--spacing--tb-section-padding)\">Ce tapis de course est dot\u00e9 d&rsquo;une surface de roulement de 1 250 \u00d7 420 mm, d&rsquo;une plage de vitesse de 1,0 \u00e0 16,0 km\/h et de 12 niveaux d&rsquo;inclinaison pour un entra\u00eenement polyvalent. Les utilisateurs peuvent choisir parmi 36 programmes pr\u00e9r\u00e9gl\u00e9s, 3 programmes utilisateur, un mode manuel et une fonction IMC pour s&rsquo;adapter \u00e0 leurs objectifs de remise en forme. <\/p>\n<\/div>\n\n\n\n<div class=\"wp-block-column is-vertically-aligned-center is-layout-flow wp-block-column-is-layout-flow\">\n<figure class=\"wp-block-image size-large is-style-rounded\"><img decoding=\"async\" src=\"https:\/\/evolve-fitness.eu\/wp-content\/uploads\/2025\/08\/Dizainas-be-pavadinimo-22-1024x1024.png\" alt=\"\" class=\"wp-image-204907\"\/><\/figure>\n<\/div>\n<\/div>\n<\/section>\n\n<section class=\"wp-block-group alignfull black-content has-white-color has-darkgray-background-color has-text-color has-background is-layout-constrained wp-block-group-is-layout-constrained\" style=\"padding-top:var(--wp--preset--spacing--section-bottom);padding-bottom:var(--wp--preset--spacing--section-bottom)\">\n<div class=\"wp-block-columns alignwide are-vertically-aligned-center is-layout-flex wp-container-core-columns-is-layout-e8158c2f wp-block-columns-is-layout-flex\" style=\"padding-top:var(--wp--preset--spacing--side-padding)\">\n<div class=\"wp-block-column is-vertically-aligned-center is-layout-flow wp-block-column-is-layout-flow\">\n<figure class=\"wp-block-image aligncenter size-full is-style-rounded\"><img decoding=\"async\" src=\"https:\/\/evolve-fitness.eu\/wp-content\/uploads\/2023\/08\/EV-HT-350-LED-7.jpg\" alt=\"\" class=\"wp-image-2609\"\/><\/figure>\n<\/div>\n\n\n\n<div class=\"wp-block-column is-vertically-aligned-center is-layout-flow wp-block-column-is-layout-flow\">\n<h3 class=\"wp-block-heading\" style=\"margin-bottom:var(--wp--preset--spacing--h-3-bottom)\"><strong><strong>Surveillance de la fr\u00e9quence cardiaque<\/strong><\/strong><\/h3>\n\n\n\n<p><strong><em><strong>Smart Fitness<\/strong><\/em><\/strong><\/p>\n\n\n\n<p style=\"margin-bottom:var(--wp--preset--spacing--tb-section-padding)\">Surveillez votre fr\u00e9quence cardiaque pour optimiser votre exp\u00e9rience d&rsquo;entra\u00eenement. Le suivi de votre fr\u00e9quence cardiaque vous permet non seulement d&rsquo;\u00e9viter le surmenage, mais aussi d&rsquo;atteindre des zones de fitness sp\u00e9cifiques, am\u00e9liorant ainsi l&rsquo;efficacit\u00e9 de vos entra\u00eenements cardiovasculaires et de vos s\u00e9ances de br\u00fblage de calories.<\/p>\n<\/div>\n<\/div>\n\n\n\n<div class=\"wp-block-columns alignwide are-vertically-aligned-center is-layout-flex wp-container-core-columns-is-layout-e8158c2f wp-block-columns-is-layout-flex\" style=\"padding-top:var(--wp--preset--spacing--side-padding)\">\n<div class=\"wp-block-column is-vertically-aligned-center is-layout-flow wp-block-column-is-layout-flow\">\n<h3 class=\"wp-block-heading\" style=\"margin-bottom:var(--wp--preset--spacing--h-3-bottom)\"><strong><strong><strong><strong>S&rsquo;hydrater et s&rsquo;organiser<\/strong><\/strong><\/strong><\/strong><\/h3>\n\n\n\n<p><strong><em><strong>Porte-bouteilles et accessoires<\/strong><\/em><\/strong><\/p>\n\n\n\n<p style=\"margin-bottom:var(--wp--preset--spacing--tb-section-padding)\">Vous pouvez vous rafra\u00eechir gr\u00e2ce aux supports int\u00e9gr\u00e9s des deux c\u00f4t\u00e9s pour vos boissons pr\u00e9f\u00e9r\u00e9es et aux espaces s\u00e9curis\u00e9s recouverts de motifs antid\u00e9rapants pour vos accessoires d&rsquo;entra\u00eenement. Vous aurez tout ce dont vous avez besoin \u00e0 port\u00e9e de main.<\/p>\n<\/div>\n\n\n\n<div class=\"wp-block-column is-vertically-aligned-center is-layout-flow wp-block-column-is-layout-flow\">\n<figure class=\"wp-block-image aligncenter size-full is-style-rounded\"><img decoding=\"async\" src=\"https:\/\/evolve-fitness.eu\/wp-content\/uploads\/2023\/08\/EV-HT-350-LED-8.jpg\" alt=\"\" class=\"wp-image-2611\"\/><\/figure>\n<\/div>\n<\/div>\n<\/section>\n\n<section class=\"wp-block-group alignfull black-content has-white-color has-darkgray-background-color has-text-color has-background is-layout-constrained wp-block-group-is-layout-constrained\" style=\"padding-top:var(--wp--preset--spacing--section-bottom);padding-bottom:var(--wp--preset--spacing--section-bottom)\">\n<div class=\"wp-block-columns alignwide are-vertically-aligned-center is-layout-flex wp-container-core-columns-is-layout-e8158c2f wp-block-columns-is-layout-flex\" style=\"padding-top:var(--wp--preset--spacing--side-padding)\">\n<div class=\"wp-block-column is-vertically-aligned-center is-layout-flow wp-block-column-is-layout-flow\">\n<figure class=\"wp-block-image aligncenter size-full is-style-rounded\"><img decoding=\"async\" src=\"https:\/\/evolve-fitness.eu\/wp-content\/uploads\/2023\/08\/EV-HT-350-LED-10.jpg\" alt=\"\" class=\"wp-image-2613\"\/><\/figure>\n<\/div>\n\n\n\n<div class=\"wp-block-column is-vertically-aligned-center is-layout-flow wp-block-column-is-layout-flow\">\n<h3 class=\"wp-block-heading\" style=\"margin-bottom:var(--wp--preset--spacing--h-3-bottom)\"><strong><strong><strong>Cl\u00e9 de s\u00e9curit\u00e9<\/strong><\/strong><\/strong><\/h3>\n\n\n\n<p><strong><em><strong><strong>Priorit\u00e9 \u00e0 la s\u00e9curit\u00e9<\/strong><\/strong><\/em><\/strong><\/p>\n\n\n\n<p style=\"margin-bottom:var(--wp--preset--spacing--tb-section-padding)\">Attachez la cl\u00e9 de s\u00e9curit\u00e9 rouge \u00e0 votre v\u00eatement avant chaque s\u00e9ance d&rsquo;entra\u00eenement. En cas d&rsquo;urgence, la cl\u00e9 de s\u00e9curit\u00e9 se d\u00e9sengage, ce qui arr\u00eate imm\u00e9diatement le tapis roulant. Votre s\u00e9curit\u00e9 est primordiale pour nous.<\/p>\n<\/div>\n<\/div>\n<\/section>\n","protected":false},"excerpt":{"rendered":"<p>Le tapis de course Evolve avec console LED (EV-TM-HT-175-LED) est un appareil cardio compact et durable dot\u00e9 d&rsquo;une surface de course de 1250 \u00d7 420 mm, d&rsquo;une plage de vitesse de 1,0 \u00e0 16,0 km\/h, de 12 niveaux d&rsquo;inclinaison et de plusieurs programmes d&rsquo;entra\u00eenement. Sa conception pliante avec roues de transport le rend facile \u00e0 ranger et \u00e0 d\u00e9placer, ce qui en fait l&rsquo;appareil id\u00e9al pour une utilisation domestique ou commerciale l\u00e9g\u00e8re. <\/p>\n","protected":false},"featured_media":138199,"template":"","meta":{"_acf_changed":false,"inline_featured_image":false},"product_cat":[413,407,899],"product_tag":[2320],"class_list":{"0":"post-139194","1":"product","2":"type-product","3":"status-publish","4":"has-post-thumbnail","6":"product_cat-page-daccueil","7":"product_cat-equipement-cardio","8":"product_cat-equipement-cardio-a-domicile","9":"product_tag-equipement-cardio","11":"first","12":"instock","13":"shipping-taxable","14":"purchasable","15":"product-type-simple"},"acf":[],"_links":{"self":[{"href":"https:\/\/store.evolve-fitness.eu\/fr\/wp-json\/wp\/v2\/product\/139194","targetHints":{"allow":["GET"]}}],"collection":[{"href":"https:\/\/store.evolve-fitness.eu\/fr\/wp-json\/wp\/v2\/product"}],"about":[{"href":"https:\/\/store.evolve-fitness.eu\/fr\/wp-json\/wp\/v2\/types\/product"}],"wp:featuredmedia":[{"embeddable":true,"href":"https:\/\/store.evolve-fitness.eu\/fr\/wp-json\/wp\/v2\/media\/138199"}],"wp:attachment":[{"href":"https:\/\/store.evolve-fitness.eu\/fr\/wp-json\/wp\/v2\/media?parent=139194"}],"wp:term":[{"taxonomy":"product_cat","embeddable":true,"href":"https:\/\/store.evolve-fitness.eu\/fr\/wp-json\/wp\/v2\/product_cat?post=139194"},{"taxonomy":"product_tag","embeddable":true,"href":"https:\/\/store.evolve-fitness.eu\/fr\/wp-json\/wp\/v2\/product_tag?post=139194"}],"curies":[{"name":"wp","href":"https:\/\/api.w.org\/{rel}","templated":true}]}}