{"id":139157,"date":"2025-09-19T08:26:50","date_gmt":"2025-09-19T08:26:50","guid":{"rendered":"https:\/\/store.evolve-fitness.eu\/product\/tapis-de-course-evolve-avec-console-300-led\/"},"modified":"2026-02-03T11:59:14","modified_gmt":"2026-02-03T11:59:14","slug":"tapis-de-course-evolve-avec-console-300-led","status":"publish","type":"product","link":"https:\/\/store.evolve-fitness.eu\/fr\/produit\/tapis-de-course-evolve-avec-console-300-led\/","title":{"rendered":"Tapis de course Evolve avec console 300 LED"},"content":{"rendered":"\n<section class=\"wp-block-group alignfull black-content has-white-color has-darkgray-background-color has-text-color has-background is-layout-constrained wp-block-group-is-layout-constrained\" style=\"padding-top:var(--wp--preset--spacing--section-bottom);padding-bottom:var(--wp--preset--spacing--section-bottom)\">\n<div class=\"wp-block-columns alignwide is-layout-flex wp-container-core-columns-is-layout-c45ee707 wp-block-columns-is-layout-flex\" style=\"margin-bottom:var(--wp--preset--spacing--side-padding);padding-top:var(--wp--preset--spacing--side-padding)\">\n<div class=\"wp-block-column is-vertically-aligned-center is-layout-flow wp-block-column-is-layout-flow\">\n<figure class=\"wp-block-image size-full is-style-rounded\"><img decoding=\"async\" src=\"https:\/\/evolve-fitness.eu\/wp-content\/uploads\/2025\/08\/Dizainas-be-pavadinimo-17.png\" alt=\"\" class=\"wp-image-204169\"\/><\/figure>\n<\/div>\n\n\n\n<div class=\"wp-block-column is-vertically-aligned-center is-layout-flow wp-block-column-is-layout-flow\">\n<h3 class=\"wp-block-heading\" style=\"margin-bottom:var(--wp--preset--spacing--h-3-bottom)\"><strong><strong>Fonctionnalit\u00e9 et confort<\/strong><\/strong><\/h3>\n\n\n\n<p style=\"margin-bottom:var(--wp--preset--spacing--tb-section-padding)\">Ce mod\u00e8le allie simplicit\u00e9 d&rsquo;utilisation et design ergonomique. La surface de course spacieuse assure le confort des utilisateurs de tailles et de niveaux de condition physique diff\u00e9rents, tandis que le cadre robuste assure la stabilit\u00e9 et la s\u00e9curit\u00e9 pendant chaque s\u00e9ance d&rsquo;entra\u00eenement. <\/p>\n<\/div>\n<\/div>\n\n\n\n<div class=\"wp-block-columns alignwide are-vertically-aligned-center mobile-reverse is-layout-flex wp-container-core-columns-is-layout-e8158c2f wp-block-columns-is-layout-flex\" style=\"padding-top:var(--wp--preset--spacing--side-padding)\">\n<div class=\"wp-block-column is-vertically-aligned-center is-layout-flow wp-block-column-is-layout-flow\">\n<h3 class=\"wp-block-heading\" style=\"margin-bottom:var(--wp--preset--spacing--h-3-bottom)\"><strong><strong><strong><strong><strong>Chargement sans fil des t\u00e9l\u00e9phones portables<\/strong><\/strong><\/strong><\/strong><\/strong><\/h3>\n\n\n\n<p style=\"margin-bottom:var(--wp--preset--spacing--tb-section-padding)\">Restez connect\u00e9 et charg\u00e9 pendant votre parcours de remise en forme avec le tapis de course Evolve avec console LED 300 LED, fonction innovante de chargement sans fil des t\u00e9l\u00e9phones portables. Lorsque vous repoussez vos limites sur le tapis de course, votre appareil mobile reste aliment\u00e9 sans effort. Cet ajout de pointe garantit que vos s\u00e9ances d&rsquo;entra\u00eenement ne sont pas interrompues et vous permet de profiter de vos applications, musiques et contenus pr\u00e9f\u00e9r\u00e9s tout en gardant votre appareil pr\u00eat \u00e0 l&#8217;emploi. D\u00e9couvrez la fusion du fitness et de la technologie en rechargeant votre t\u00e9l\u00e9phone sans fil, red\u00e9finissant ainsi la commodit\u00e9 pour l&rsquo;amateur de fitness moderne.<\/p>\n<\/div>\n\n\n\n<div class=\"wp-block-column is-vertically-aligned-center is-layout-flow wp-block-column-is-layout-flow\">\n<figure class=\"wp-block-image size-large is-style-rounded\"><img decoding=\"async\" src=\"https:\/\/evolve-fitness.eu\/wp-content\/uploads\/2025\/08\/EV-TM-HT-300-LED1-1024x1024.png\" alt=\"\" class=\"wp-image-204932\"\/><\/figure>\n<\/div>\n<\/div>\n<\/section>\n\n<section class=\"wp-block-group alignfull black-content has-white-color has-darkgray-background-color has-text-color has-background is-layout-constrained wp-block-group-is-layout-constrained\" style=\"padding-top:var(--wp--preset--spacing--section-bottom);padding-bottom:var(--wp--preset--spacing--section-bottom)\">\n<div class=\"wp-block-columns alignwide is-layout-flex wp-container-core-columns-is-layout-c45ee707 wp-block-columns-is-layout-flex\" style=\"margin-bottom:var(--wp--preset--spacing--side-padding);padding-top:var(--wp--preset--spacing--side-padding)\">\n<div class=\"wp-block-column is-vertically-aligned-center is-layout-flow wp-block-column-is-layout-flow\">\n<figure class=\"wp-block-image size-full is-style-rounded\"><img decoding=\"async\" src=\"https:\/\/evolve-fitness.eu\/wp-content\/uploads\/2025\/08\/EV-TM-HT-300-LED-2-scaled.png\" alt=\"\" class=\"wp-image-206107\"\/><\/figure>\n<\/div>\n\n\n\n<div class=\"wp-block-column is-vertically-aligned-center is-layout-flow wp-block-column-is-layout-flow\">\n<h3 class=\"wp-block-heading\" style=\"margin-bottom:var(--wp--preset--spacing--h-3-bottom)\"><strong><strong><strong><strong><strong><strong>Pliable et peu encombrant<\/strong><\/strong><\/strong><\/strong><\/strong><\/strong><\/h3>\n\n\n\n<p style=\"margin-bottom:var(--wp--preset--spacing--tb-section-padding)\">Apr\u00e8s chaque s\u00e9ance d&rsquo;entra\u00eenement, pliez le tapis de course sans effort et transf\u00e9rez-le \u00e0 un autre endroit \u00e0 l&rsquo;aide des roulettes de transport int\u00e9gr\u00e9es. Il s&rsquo;agit d&rsquo;une solution pratique et peu encombrante qui s&rsquo;int\u00e8gre parfaitement \u00e0 toute installation de salle de sport \u00e0 domicile.<\/p>\n<\/div>\n<\/div>\n\n\n\n<div class=\"wp-block-columns alignwide are-vertically-aligned-center mobile-reverse is-layout-flex wp-container-core-columns-is-layout-e8158c2f wp-block-columns-is-layout-flex\" style=\"padding-top:var(--wp--preset--spacing--side-padding)\">\n<div class=\"wp-block-column is-vertically-aligned-center is-layout-flow wp-block-column-is-layout-flow\">\n<h3 class=\"wp-block-heading\" style=\"margin-bottom:var(--wp--preset--spacing--h-3-bottom)\"><strong><strong><strong><strong><strong>Console LED &#8211; Simple et fonctionnelle<\/strong><\/strong><\/strong><\/strong><\/strong><\/h3>\n\n\n\n<p style=\"margin-bottom:var(--wp--preset--spacing--tb-section-padding)\">L&rsquo;\u00e9cran LED avec <strong>4 touches tactiles<\/strong> permet un contr\u00f4le rapide et intuitif. Dot\u00e9e de la <strong>connectivit\u00e9 Bluetooth<\/strong>, de la <strong>surveillance de la fr\u00e9quence cardiaque<\/strong> et de la <strong>fonction ERP<\/strong> pour un suivi efficace des performances, la console est \u00e0 la fois pratique et pr\u00e9cise pour chaque s\u00e9ance d&rsquo;entra\u00eenement. <\/p>\n<\/div>\n\n\n\n<div class=\"wp-block-column is-vertically-aligned-center is-layout-flow wp-block-column-is-layout-flow\">\n<figure class=\"wp-block-image size-large is-style-rounded\"><img decoding=\"async\" src=\"https:\/\/evolve-fitness.eu\/wp-content\/uploads\/2025\/08\/300-LED-1024x1024.png\" alt=\"\" class=\"wp-image-206133\"\/><\/figure>\n<\/div>\n<\/div>\n<\/section>\n\n<section class=\"wp-block-group alignfull black-content has-white-color has-darkgray-background-color has-text-color has-background is-layout-constrained wp-block-group-is-layout-constrained\" style=\"padding-top:var(--wp--preset--spacing--section-bottom);padding-bottom:var(--wp--preset--spacing--section-bottom)\">\n<div class=\"wp-block-columns alignwide are-vertically-aligned-center is-layout-flex wp-container-core-columns-is-layout-e8158c2f wp-block-columns-is-layout-flex\" style=\"padding-top:var(--wp--preset--spacing--side-padding)\">\n<div class=\"wp-block-column is-vertically-aligned-center is-layout-flow wp-block-column-is-layout-flow\">\n<figure class=\"wp-block-image aligncenter size-full is-style-rounded\"><img decoding=\"async\" src=\"https:\/\/evolve-fitness.eu\/wp-content\/uploads\/2023\/08\/EV-HT-350-LED-7.jpg\" alt=\"\" class=\"wp-image-2609\"\/><\/figure>\n<\/div>\n\n\n\n<div class=\"wp-block-column is-vertically-aligned-center is-layout-flow wp-block-column-is-layout-flow\">\n<h3 class=\"wp-block-heading\" style=\"margin-bottom:var(--wp--preset--spacing--h-3-bottom)\"><strong><strong>Surveillance de la fr\u00e9quence cardiaque<\/strong><\/strong><\/h3>\n\n\n\n<p><strong><em><strong>Smart Fitness<\/strong><\/em><\/strong><\/p>\n\n\n\n<p style=\"margin-bottom:var(--wp--preset--spacing--tb-section-padding)\">Surveillez votre fr\u00e9quence cardiaque pour optimiser votre exp\u00e9rience d&rsquo;entra\u00eenement. Le suivi de votre fr\u00e9quence cardiaque vous permet non seulement d&rsquo;\u00e9viter le surmenage, mais aussi d&rsquo;atteindre des zones de fitness sp\u00e9cifiques, am\u00e9liorant ainsi l&rsquo;efficacit\u00e9 de vos entra\u00eenements cardiovasculaires et de vos s\u00e9ances de br\u00fblage de calories.<\/p>\n<\/div>\n<\/div>\n\n\n\n<div class=\"wp-block-columns alignwide are-vertically-aligned-center is-layout-flex wp-container-core-columns-is-layout-e8158c2f wp-block-columns-is-layout-flex\" style=\"padding-top:var(--wp--preset--spacing--side-padding)\">\n<div class=\"wp-block-column is-vertically-aligned-center is-layout-flow wp-block-column-is-layout-flow\">\n<h3 class=\"wp-block-heading\" style=\"margin-bottom:var(--wp--preset--spacing--h-3-bottom)\"><strong><strong><strong><strong>S&rsquo;hydrater et s&rsquo;organiser<\/strong><\/strong><\/strong><\/strong><\/h3>\n\n\n\n<p><strong><em><strong>Porte-bouteilles et accessoires<\/strong><\/em><\/strong><\/p>\n\n\n\n<p style=\"margin-bottom:var(--wp--preset--spacing--tb-section-padding)\">Vous pouvez vous rafra\u00eechir gr\u00e2ce aux supports int\u00e9gr\u00e9s des deux c\u00f4t\u00e9s pour vos boissons pr\u00e9f\u00e9r\u00e9es et aux espaces s\u00e9curis\u00e9s recouverts de motifs antid\u00e9rapants pour vos accessoires d&rsquo;entra\u00eenement. Vous aurez tout ce dont vous avez besoin \u00e0 port\u00e9e de main.<\/p>\n<\/div>\n\n\n\n<div class=\"wp-block-column is-vertically-aligned-center is-layout-flow wp-block-column-is-layout-flow\">\n<figure class=\"wp-block-image aligncenter size-full is-style-rounded\"><img decoding=\"async\" src=\"https:\/\/evolve-fitness.eu\/wp-content\/uploads\/2023\/08\/EV-HT-350-LED-8.jpg\" alt=\"\" class=\"wp-image-2611\"\/><\/figure>\n<\/div>\n<\/div>\n<\/section>\n\n<section class=\"wp-block-group alignfull black-content has-white-color has-darkgray-background-color has-text-color has-background is-layout-constrained wp-block-group-is-layout-constrained\" style=\"padding-top:var(--wp--preset--spacing--section-bottom);padding-bottom:var(--wp--preset--spacing--section-bottom)\">\n<div class=\"wp-block-columns alignwide are-vertically-aligned-center is-layout-flex wp-container-core-columns-is-layout-e8158c2f wp-block-columns-is-layout-flex\" style=\"padding-top:var(--wp--preset--spacing--side-padding)\">\n<div class=\"wp-block-column is-vertically-aligned-center is-layout-flow wp-block-column-is-layout-flow\">\n<figure class=\"wp-block-image aligncenter size-full is-style-rounded\"><img decoding=\"async\" src=\"https:\/\/evolve-fitness.eu\/wp-content\/uploads\/2023\/08\/EV-HT-350-LED-10.jpg\" alt=\"\" class=\"wp-image-2613\"\/><\/figure>\n<\/div>\n\n\n\n<div class=\"wp-block-column is-vertically-aligned-center is-layout-flow wp-block-column-is-layout-flow\">\n<h3 class=\"wp-block-heading\" style=\"margin-bottom:var(--wp--preset--spacing--h-3-bottom)\"><strong><strong><strong>Cl\u00e9 de s\u00e9curit\u00e9<\/strong><\/strong><\/strong><\/h3>\n\n\n\n<p><strong><em><strong><strong>Priorit\u00e9 \u00e0 la s\u00e9curit\u00e9<\/strong><\/strong><\/em><\/strong><\/p>\n\n\n\n<p style=\"margin-bottom:var(--wp--preset--spacing--tb-section-padding)\">Attachez la cl\u00e9 de s\u00e9curit\u00e9 rouge \u00e0 votre v\u00eatement avant chaque s\u00e9ance d&rsquo;entra\u00eenement. En cas d&rsquo;urgence, la cl\u00e9 de s\u00e9curit\u00e9 se d\u00e9sengage, ce qui arr\u00eate imm\u00e9diatement le tapis roulant. Votre s\u00e9curit\u00e9 est primordiale pour nous.<\/p>\n<\/div>\n<\/div>\n<\/section>\n","protected":false},"excerpt":{"rendered":"<p>L&rsquo;Evolve EV-TM-HT-300-LED est un tapis de course fiable con\u00e7u pour les amateurs de fitness \u00e0 domicile et les salles de sport commerciales. Il est \u00e9quip\u00e9 d&rsquo;une console LED claire qui permet aux utilisateurs de surveiller facilement les param\u00e8tres d&rsquo;entra\u00eenement tels que la vitesse, le temps, la distance, les calories et la fr\u00e9quence cardiaque. <\/p>\n","protected":false},"featured_media":136129,"template":"","meta":{"_acf_changed":false,"inline_featured_image":false},"product_cat":[413,407,899],"product_tag":[2320],"class_list":{"0":"post-139157","1":"product","2":"type-product","3":"status-publish","4":"has-post-thumbnail","6":"product_cat-page-daccueil","7":"product_cat-equipement-cardio","8":"product_cat-equipement-cardio-a-domicile","9":"product_tag-equipement-cardio","11":"first","12":"instock","13":"shipping-taxable","14":"purchasable","15":"product-type-simple"},"acf":[],"_links":{"self":[{"href":"https:\/\/store.evolve-fitness.eu\/fr\/wp-json\/wp\/v2\/product\/139157","targetHints":{"allow":["GET"]}}],"collection":[{"href":"https:\/\/store.evolve-fitness.eu\/fr\/wp-json\/wp\/v2\/product"}],"about":[{"href":"https:\/\/store.evolve-fitness.eu\/fr\/wp-json\/wp\/v2\/types\/product"}],"wp:featuredmedia":[{"embeddable":true,"href":"https:\/\/store.evolve-fitness.eu\/fr\/wp-json\/wp\/v2\/media\/136129"}],"wp:attachment":[{"href":"https:\/\/store.evolve-fitness.eu\/fr\/wp-json\/wp\/v2\/media?parent=139157"}],"wp:term":[{"taxonomy":"product_cat","embeddable":true,"href":"https:\/\/store.evolve-fitness.eu\/fr\/wp-json\/wp\/v2\/product_cat?post=139157"},{"taxonomy":"product_tag","embeddable":true,"href":"https:\/\/store.evolve-fitness.eu\/fr\/wp-json\/wp\/v2\/product_tag?post=139157"}],"curies":[{"name":"wp","href":"https:\/\/api.w.org\/{rel}","templated":true}]}}