{"id":138723,"date":"2025-09-16T13:10:23","date_gmt":"2025-09-16T13:10:23","guid":{"rendered":"https:\/\/store.evolve-fitness.eu\/product\/machine-dextension-dorsale-evolve-prime-series-a-plateau-pr-330\/"},"modified":"2026-01-21T11:59:14","modified_gmt":"2026-01-21T11:59:14","slug":"machine-dextension-dorsale-evolve-prime-series-a-plateau-pr-330","status":"publish","type":"product","link":"https:\/\/store.evolve-fitness.eu\/fr\/produit\/machine-dextension-dorsale-evolve-prime-series-a-plateau-pr-330\/","title":{"rendered":"Machine d&rsquo;extension dorsale Evolve Prime Series \u00e0 plateau (PR-330)"},"content":{"rendered":"\n<section class=\"wp-block-group alignfull black-content has-white-color has-darkgray-background-color has-text-color has-background is-layout-constrained wp-block-group-is-layout-constrained\" style=\"padding-top:var(--wp--preset--spacing--section-bottom);padding-bottom:var(--wp--preset--spacing--section-bottom)\">\n<h3 class=\"wp-block-heading has-text-align-center\"><strong><strong>EVOLVE PLATE LOADED PRIME SERIES<\/strong><\/strong><\/h3>\n\n\n\n<p><\/p>\n\n\n\n<p><\/p>\n\n\n\n<p>Avec la s\u00e9rie Evolve Plate Loaded Prime, l&rsquo;excellence est la norme. Am\u00e9liorez votre entra\u00eenement musculaire avec des machines con\u00e7ues pour le confort, la durabilit\u00e9 et la performance. D\u00e9couvrez d\u00e8s aujourd&rsquo;hui l&rsquo;ensemble de la gamme et red\u00e9finissez votre parcours de remise en forme.  <\/p>\n\n\n\n<section class=\"wp-block-group alignfull black-content has-white-color has-darkgray-background-color has-text-color has-background is-layout-constrained wp-block-group-is-layout-constrained\" style=\"padding-top:var(--wp--preset--spacing--section-bottom);padding-bottom:var(--wp--preset--spacing--section-bottom)\">\n<div class=\"wp-block-columns alignwide mobile-reverse is-layout-flex wp-container-core-columns-is-layout-ca64bf2d wp-block-columns-is-layout-flex\" style=\"margin-bottom:var(--wp--preset--spacing--side-padding)\">\n<div class=\"wp-block-column is-vertically-aligned-center is-layout-flow wp-block-column-is-layout-flow\">\n<h3 class=\"wp-block-heading\" style=\"margin-bottom:var(--wp--preset--spacing--h-3-bottom)\"><strong><strong><strong><strong>D\u00e9veloppement musculaire cibl\u00e9<\/strong><\/strong><\/strong><\/strong><\/h3>\n\n\n\n<p><strong><em><strong><strong><em><strong><strong><em><strong><strong><em><strong>Renforcement du bas du dos et de la ceinture abdominale<\/strong><\/em><\/strong><\/strong><\/em><\/strong><\/strong><\/em><\/strong><\/strong><\/em><\/strong><\/p>\n\n\n\n<p style=\"margin-bottom:var(--wp--preset--spacing--tb-section-padding)\">L&rsquo;appareil d&rsquo;extension dorsale Evolve Prime Series charg\u00e9 de plaques est con\u00e7u pour renforcer le bas du dos, les fessiers et le tronc avec une efficacit\u00e9 maximale. Elle offre un mouvement contr\u00f4l\u00e9 qui isole les \u00e9recteurs de la colonne vert\u00e9brale tout en engageant les muscles stabilisateurs, ce qui la rend essentielle pour construire une cha\u00eene post\u00e9rieure forte et \u00e9quilibr\u00e9e. <\/p>\n\n\n\n<h3 class=\"wp-block-heading\" style=\"margin-bottom:var(--wp--preset--spacing--h-3-bottom)\"><strong><strong><strong><strong><strong><strong>Construction centr\u00e9e sur l&rsquo;utilisateur<\/strong><\/strong><\/strong><\/strong><\/strong><\/strong><\/h3>\n\n\n\n<p><strong><em><strong><strong><strong><strong><em><strong><strong><em><strong><strong><em><strong>Construction durable et professionnelle<\/strong><\/em><\/strong><\/strong><\/em><\/strong><\/strong><\/em><\/strong><\/strong><\/strong><\/strong><\/em><\/strong><\/p>\n\n\n\n<p>Dot\u00e9 d&rsquo;un cadre en acier renforc\u00e9 et d&rsquo;un m\u00e9canisme \u00e0 plaques, l&rsquo;appareil d&rsquo;extension dorsale garantit une durabilit\u00e9 et une stabilit\u00e9 \u00e0 long terme en cas d&rsquo;utilisation intensive. La large plate-forme pour les pieds et le rembourrage ergonomique offrent confort et s\u00e9curit\u00e9, favorisant une bonne technique \u00e0 chaque r\u00e9p\u00e9tition. <\/p>\n\n\n\n<p><\/p>\n\n\n\n<h3 class=\"wp-block-heading\" style=\"margin-bottom:var(--wp--preset--spacing--h-3-bottom)\"><strong><strong><strong>L&rsquo;avenir de la musculation<\/strong><\/strong><\/strong><\/h3>\n\n\n\n<p><strong><strong><em><strong><em><strong><strong><em><strong>Un design haut de gamme pour les athl\u00e8tes s\u00e9rieux<\/strong><\/em><\/strong><\/strong><\/em><\/strong><\/em><\/strong><\/strong><\/p>\n\n\n\n<p style=\"margin-bottom:var(--wp--preset--spacing--tb-section-padding)\">L&rsquo;appareil d&rsquo;extension dorsale Evolve Prime Series offre la qualit\u00e9 et la fiabilit\u00e9 que les athl\u00e8tes attendent d&rsquo;un \u00e9quipement professionnel. Combinant force, s\u00e9curit\u00e9 et fonctionnalit\u00e9, il s&rsquo;agit d&rsquo;une solution indispensable pour les salles de sport qui souhaitent offrir des exp\u00e9riences d&rsquo;entra\u00eenement de premier ordre et des r\u00e9sultats \u00e0 long terme. <\/p>\n<\/div>\n\n\n\n<div class=\"wp-block-column is-vertically-aligned-center is-layout-flow wp-block-column-is-layout-flow\">\n<figure class=\"wp-block-image size-full is-resized\"><img loading=\"lazy\" decoding=\"async\" width=\"600\" height=\"450\" src=\"https:\/\/store.evolve-fitness.eu\/wp-content\/uploads\/2025\/09\/Dizainas-be-pavadinimo-4-3.png\" alt=\"\" class=\"wp-image-135440\" style=\"width:721px;height:auto\" srcset=\"https:\/\/store.evolve-fitness.eu\/wp-content\/uploads\/2025\/09\/Dizainas-be-pavadinimo-4-3.png 600w, https:\/\/store.evolve-fitness.eu\/wp-content\/uploads\/2025\/09\/Dizainas-be-pavadinimo-4-3-300x225.png 300w\" sizes=\"auto, (max-width: 600px) 100vw, 600px\" \/><\/figure>\n\n\n\n<figure class=\"wp-block-gallery has-nested-images columns-default is-cropped wp-block-gallery-1 is-layout-flex wp-block-gallery-is-layout-flex\"><\/figure>\n<\/div>\n<\/div>\n<\/section>\n<\/section>\n","protected":false},"excerpt":{"rendered":"<p>L&rsquo;appareil d&rsquo;extension dorsale Evolve Prime Series (EV-PL-PR-330) est con\u00e7u pour le d\u00e9veloppement cibl\u00e9 du bas du dos et de la stabilit\u00e9 du tronc. Son cadre en acier robuste, ses coussins de soutien ergonomiques et son syst\u00e8me de chargement de plaques assurent la durabilit\u00e9, la s\u00e9curit\u00e9 et l&rsquo;efficacit\u00e9 de l&rsquo;entra\u00eenement de la force pour une utilisation professionnelle en salle de sport. <\/p>\n","protected":false},"featured_media":135448,"template":"","meta":{"_acf_changed":false,"inline_featured_image":false},"product_cat":[780,1202],"product_tag":[],"class_list":{"0":"post-138723","1":"product","2":"type-product","3":"status-publish","4":"has-post-thumbnail","6":"product_cat-machines-a-plateau","7":"product_cat-prime-series-plate-loaded-fr","9":"first","10":"instock","11":"shipping-taxable","12":"purchasable","13":"product-type-simple"},"acf":[],"_links":{"self":[{"href":"https:\/\/store.evolve-fitness.eu\/fr\/wp-json\/wp\/v2\/product\/138723","targetHints":{"allow":["GET"]}}],"collection":[{"href":"https:\/\/store.evolve-fitness.eu\/fr\/wp-json\/wp\/v2\/product"}],"about":[{"href":"https:\/\/store.evolve-fitness.eu\/fr\/wp-json\/wp\/v2\/types\/product"}],"wp:featuredmedia":[{"embeddable":true,"href":"https:\/\/store.evolve-fitness.eu\/fr\/wp-json\/wp\/v2\/media\/135448"}],"wp:attachment":[{"href":"https:\/\/store.evolve-fitness.eu\/fr\/wp-json\/wp\/v2\/media?parent=138723"}],"wp:term":[{"taxonomy":"product_cat","embeddable":true,"href":"https:\/\/store.evolve-fitness.eu\/fr\/wp-json\/wp\/v2\/product_cat?post=138723"},{"taxonomy":"product_tag","embeddable":true,"href":"https:\/\/store.evolve-fitness.eu\/fr\/wp-json\/wp\/v2\/product_tag?post=138723"}],"curies":[{"name":"wp","href":"https:\/\/api.w.org\/{rel}","templated":true}]}}