{"id":138700,"date":"2025-10-30T11:26:45","date_gmt":"2025-10-30T11:26:45","guid":{"rendered":"https:\/\/store.evolve-fitness.eu\/product\/reformeur-pilates-evolve-prime-series-pr-020\/"},"modified":"2026-04-04T12:00:40","modified_gmt":"2026-04-04T12:00:40","slug":"reformeur-pilates-evolve-prime-series-pr-020","status":"publish","type":"product","link":"https:\/\/store.evolve-fitness.eu\/fr\/produit\/reformeur-pilates-evolve-prime-series-pr-020\/","title":{"rendered":"R\u00e9formeur Pilates Evolve Prime Series (PR-020)"},"content":{"rendered":"\n<section class=\"wp-block-group alignfull black-content has-white-color has-darkgray-background-color has-text-color has-background is-layout-constrained wp-block-group-is-layout-constrained\" style=\"padding-top:var(--wp--preset--spacing--section-bottom);padding-bottom:var(--wp--preset--spacing--section-bottom)\">\n<div class=\"wp-block-columns alignwide mobile-reverse is-layout-flex wp-container-core-columns-is-layout-ca64bf2d wp-block-columns-is-layout-flex\" style=\"margin-bottom:var(--wp--preset--spacing--side-padding)\">\n<div class=\"wp-block-column is-vertically-aligned-center is-layout-flow wp-block-column-is-layout-flow\">\n<h3 class=\"wp-block-heading\" style=\"margin-bottom:var(--wp--preset--spacing--h-3-bottom)\"><strong><strong><strong><strong><strong>Conception de qualit\u00e9 professionnelle pour la pr\u00e9cision et le contr\u00f4le<\/strong><\/strong><\/strong><\/strong><\/strong><\/h3>\n\n\n\n<p>Le <strong>Pilates Reformer Evolve Prime Series<\/strong> offre des performances de qualit\u00e9 studio avec une stabilit\u00e9, un confort et une polyvalence exceptionnels. Con\u00e7u pour un usage professionnel et personnel, il garantit une trajectoire de mouvement fluide et contr\u00f4l\u00e9e pour une exp\u00e9rience Pilates s\u00fbre et efficace. <\/p>\n\n\n\n<p>Con\u00e7u avec des <strong>mat\u00e9riaux de haute qualit\u00e9<\/strong> et une <strong>r\u00e9sistance \u00e0 ressort r\u00e9glable<\/strong>, il permet aux utilisateurs d&rsquo;adapter chaque s\u00e9ance \u00e0 leur niveau de forme. Le repose-pieds ergonomique, le chariot rembourr\u00e9 et le syst\u00e8me de glissement en douceur favorisent un alignement correct et am\u00e9liorent le confort de l&rsquo;entra\u00eenement. <\/p>\n<\/div>\n\n\n\n<div class=\"wp-block-column is-vertically-aligned-center is-layout-flow wp-block-column-is-layout-flow\">\n<figure class=\"wp-block-image size-full\"><img decoding=\"async\" src=\"https:\/\/evolve-fitness.eu\/wp-content\/uploads\/2025\/10\/EV-PR-PR-020-1.png\" alt=\"\" class=\"wp-image-211413\"\/><\/figure>\n<\/div>\n<\/div>\n\n\n\n<div class=\"wp-block-columns alignwide mobile-reverse is-layout-flex wp-container-core-columns-is-layout-ca64bf2d wp-block-columns-is-layout-flex\" style=\"margin-bottom:var(--wp--preset--spacing--side-padding)\">\n<div class=\"wp-block-column is-vertically-aligned-center is-layout-flow wp-block-column-is-layout-flow\">\n<figure class=\"wp-block-image size-full is-style-rounded\"><img decoding=\"async\" src=\"https:\/\/evolve-fitness.eu\/wp-content\/uploads\/2025\/10\/EV-PR-PR-020-2.png\" alt=\"\" class=\"wp-image-211414\"\/><\/figure>\n<\/div>\n\n\n\n<div class=\"wp-block-column is-vertically-aligned-center is-layout-flow wp-block-column-is-layout-flow\">\n<h3 class=\"wp-block-heading\" style=\"margin-bottom:var(--wp--preset--spacing--h-3-bottom)\"><strong>Fonctionnalit\u00e9 et conception cibl\u00e9es<\/strong><\/h3>\n\n\n\n<p>Ce reformer est enti\u00e8rement \u00e9quip\u00e9 d&rsquo;<strong>appuis pour les \u00e9paules, d&rsquo;\u00e9l\u00e9vateurs, de poign\u00e9es, d&rsquo;une planche de saut et d&rsquo;une plate-forme pour les pieds<\/strong>, permettant une gamme compl\u00e8te d&rsquo;exercices, de la r\u00e9\u00e9ducation \u00e0 l&rsquo;entra\u00eenement avanc\u00e9.<\/p>\n\n\n\n<p>Son <strong>option de stockage vertical peu encombrant<\/strong>, son <strong>cadre durable<\/strong> et sa <strong>facilit\u00e9 d&rsquo;entretien en<\/strong> font un choix id\u00e9al pour les studios modernes et les salles de sport \u00e0 domicile \u00e0 la recherche de fiabilit\u00e9 et de performance.<\/p>\n<\/div>\n<\/div>\n<\/section>\n","protected":false},"excerpt":{"rendered":"<p>Faites l&rsquo;exp\u00e9rience de la pr\u00e9cision, du contr\u00f4le et du confort avec le Pilates Reformer Evolve Prime Series. Con\u00e7u pour les studios professionnels et l&rsquo;usage domestique, il est dot\u00e9 d&rsquo;une r\u00e9sistance \u00e0 ressort r\u00e9glable, d&rsquo;un design ergonomique et d&rsquo;un mouvement fluide pour des exercices s\u00fbrs et efficaces sur l&rsquo;ensemble du corps. Il est con\u00e7u pour \u00eatre durable, performant et facile \u00e0 ranger en position verticale.  <\/p>\n","protected":false},"featured_media":138865,"template":"","meta":{"_acf_changed":false,"inline_featured_image":false},"product_cat":[476],"product_tag":[],"class_list":{"0":"post-138700","1":"product","2":"type-product","3":"status-publish","4":"has-post-thumbnail","6":"product_cat-studio-fr","8":"first","9":"instock","10":"shipping-taxable","11":"purchasable","12":"product-type-simple"},"acf":[],"_links":{"self":[{"href":"https:\/\/store.evolve-fitness.eu\/fr\/wp-json\/wp\/v2\/product\/138700","targetHints":{"allow":["GET"]}}],"collection":[{"href":"https:\/\/store.evolve-fitness.eu\/fr\/wp-json\/wp\/v2\/product"}],"about":[{"href":"https:\/\/store.evolve-fitness.eu\/fr\/wp-json\/wp\/v2\/types\/product"}],"wp:featuredmedia":[{"embeddable":true,"href":"https:\/\/store.evolve-fitness.eu\/fr\/wp-json\/wp\/v2\/media\/138865"}],"wp:attachment":[{"href":"https:\/\/store.evolve-fitness.eu\/fr\/wp-json\/wp\/v2\/media?parent=138700"}],"wp:term":[{"taxonomy":"product_cat","embeddable":true,"href":"https:\/\/store.evolve-fitness.eu\/fr\/wp-json\/wp\/v2\/product_cat?post=138700"},{"taxonomy":"product_tag","embeddable":true,"href":"https:\/\/store.evolve-fitness.eu\/fr\/wp-json\/wp\/v2\/product_tag?post=138700"}],"curies":[{"name":"wp","href":"https:\/\/api.w.org\/{rel}","templated":true}]}}