{"id":135550,"date":"2025-09-17T12:42:32","date_gmt":"2025-09-17T12:42:32","guid":{"rendered":"https:\/\/store.evolve-fitness.eu\/?post_type=product&#038;p=135550"},"modified":"2026-01-21T11:59:14","modified_gmt":"2026-01-21T11:59:14","slug":"evolve-ultra-series-series-selectorized-dual-cable-cross-7","status":"publish","type":"product","link":"https:\/\/store.evolve-fitness.eu\/fr\/produit\/evolve-ultra-series-series-selectorized-dual-cable-cross-7\/","title":{"rendered":"Machine d&rsquo;extension dorsale Evolve Ultra Series Selectorized"},"content":{"rendered":"\n<section class=\"wp-block-group alignfull black-content has-white-color has-darkgray-background-color has-text-color has-background is-layout-constrained wp-block-group-is-layout-constrained\" style=\"padding-top:var(--wp--preset--spacing--section-bottom);padding-bottom:var(--wp--preset--spacing--section-bottom)\">\n<section class=\"wp-block-group alignfull black-content has-white-color has-darkgray-background-color has-text-color has-background is-layout-constrained wp-block-group-is-layout-constrained\" style=\"margin-bottom:0;padding-top:var(--wp--preset--spacing--tb-padding);padding-bottom:var(--wp--preset--spacing--tb-padding)\">\n<div class=\"wp-block-columns alignwide mobile-reverse is-layout-flex wp-container-core-columns-is-layout-7a02faa9 wp-block-columns-is-layout-flex\" style=\"margin-bottom:var(--wp--preset--spacing--tb-section-padding)\">\n<div class=\"wp-block-column is-vertically-aligned-center is-layout-flow wp-block-column-is-layout-flow\">\n<h3 class=\"wp-block-heading\" style=\"margin-bottom:var(--wp--preset--spacing--h-3-bottom)\"><strong>D\u00c9VELOPPEMENT MUSCULAIRE CIBL\u00c9<\/strong><\/h3>\n\n\n\n<p><strong><em><strong><strong><strong><strong><strong><strong><strong><em><strong><em><strong><strong>Renforcement cibl\u00e9 du bas du dos et du tronc<\/strong><\/strong><\/em><\/strong><\/em><\/strong><\/strong><\/strong><\/strong><\/strong><\/strong><\/strong><\/em><\/strong><\/p>\n\n\n\n<p>L&rsquo;appareil d&rsquo;extension dorsale Evolve Ultra Series Selectorized Back Extension Machine est con\u00e7u pour am\u00e9liorer l&rsquo;engagement du bas du dos, des fessiers et du tronc gr\u00e2ce \u00e0 des mouvements pr\u00e9cis et contr\u00f4l\u00e9s. Son syst\u00e8me de s\u00e9lection de poids permet aux utilisateurs d&rsquo;isoler efficacement les \u00e9recteurs de la colonne vert\u00e9brale, ce qui favorise la force, l&rsquo;am\u00e9lioration de la posture et l&rsquo;\u00e9quilibre de la cha\u00eene post\u00e9rieure. <\/p>\n\n\n\n<h3 class=\"wp-block-heading\"><strong>LA CONSTRUCTION CENTR\u00c9E SUR L&rsquo;UTILISATEUR<\/strong><\/h3>\n\n\n\n<p><strong><em>Construit pour l&rsquo;endurance et le bon fonctionnement<\/em><\/strong><\/p>\n\n\n\n<p><br\/>Construit avec un cadre durable en acier renforc\u00e9 et des composants s\u00e9lectionn\u00e9s de premi\u00e8re qualit\u00e9, cet appareil garantit des performances fiables dans le cadre d&rsquo;une utilisation r\u00e9guli\u00e8re et intensive. Un rembourrage ergonomique bien con\u00e7u et un positionnement stable garantissent la s\u00e9curit\u00e9 et le confort \u00e0 chaque r\u00e9p\u00e9tition. <\/p>\n\n\n\n<h3 class=\"wp-block-heading\"><strong>L&rsquo;AVENIR DE L&rsquo;ENTRA\u00ceNEMENT MUSCULAIRE<\/strong><\/h3>\n\n\n\n<p><strong><em>\u00c9lever les normes de formation professionnelle<\/em><\/strong><\/p>\n\n\n\n<p><br\/>L&rsquo;appareil d&rsquo;extension dorsale Evolve Ultra offre un m\u00e9lange parfait de fonctionnalit\u00e9, de s\u00e9curit\u00e9 et de qualit\u00e9. Con\u00e7ue pour les salles de sport modernes et les professionnels, elle offre une exp\u00e9rience transparente qui favorise le d\u00e9veloppement de la force \u00e0 long terme avec une fiabilit\u00e9 in\u00e9gal\u00e9e. <\/p>\n<\/div>\n\n\n\n<div class=\"wp-block-column is-vertically-aligned-center is-layout-flow wp-block-column-is-layout-flow\">\n<figure class=\"wp-block-image size-large\"><img decoding=\"async\" src=\"https:\/\/evolve-fitness.eu\/wp-content\/uploads\/2025\/08\/EV-SC-UL-400-Evolve-Ultra-Series-Back-Extension-1024x1024.png\" alt=\"\" class=\"wp-image-203120\"\/><\/figure>\n<\/div>\n<\/div>\n\n\n\n<div class=\"wp-block-columns alignwide mobile-reverse is-layout-flex wp-container-core-columns-is-layout-ca64bf2d wp-block-columns-is-layout-flex\" style=\"margin-bottom:var(--wp--preset--spacing--side-padding)\">\n<div class=\"wp-block-column is-vertically-aligned-center is-layout-flow wp-block-column-is-layout-flow\"><\/div>\n<\/div>\n<\/section>\n<\/section>\n","protected":false},"excerpt":{"rendered":"<p>L&rsquo;appareil d&rsquo;extension dorsale Evolve Ultra Series Selectorized Back Extension Machine (EV-SC-UL-400) est con\u00e7u pour renforcer le bas du dos, les fessiers et le tronc gr\u00e2ce \u00e0 une r\u00e9sistance contr\u00f4l\u00e9e et r\u00e9guli\u00e8re. La construction durable, le support ergonomique et le r\u00e9glage facile du poids en font un choix fiable pour les salles de sport professionnelles et les athl\u00e8tes. <\/p>\n","protected":false},"featured_media":135649,"template":"","meta":{"_acf_changed":false,"inline_featured_image":false},"product_cat":[413,1110,1224],"product_tag":[],"class_list":{"0":"post-135550","1":"product","2":"type-product","3":"status-publish","4":"has-post-thumbnail","6":"product_cat-page-daccueil","7":"product_cat-machines-selectionnees","8":"product_cat-machines-selectorized-ultra-series","10":"first","11":"instock","12":"shipping-taxable","13":"purchasable","14":"product-type-simple"},"acf":[],"_links":{"self":[{"href":"https:\/\/store.evolve-fitness.eu\/fr\/wp-json\/wp\/v2\/product\/135550","targetHints":{"allow":["GET"]}}],"collection":[{"href":"https:\/\/store.evolve-fitness.eu\/fr\/wp-json\/wp\/v2\/product"}],"about":[{"href":"https:\/\/store.evolve-fitness.eu\/fr\/wp-json\/wp\/v2\/types\/product"}],"wp:featuredmedia":[{"embeddable":true,"href":"https:\/\/store.evolve-fitness.eu\/fr\/wp-json\/wp\/v2\/media\/135649"}],"wp:attachment":[{"href":"https:\/\/store.evolve-fitness.eu\/fr\/wp-json\/wp\/v2\/media?parent=135550"}],"wp:term":[{"taxonomy":"product_cat","embeddable":true,"href":"https:\/\/store.evolve-fitness.eu\/fr\/wp-json\/wp\/v2\/product_cat?post=135550"},{"taxonomy":"product_tag","embeddable":true,"href":"https:\/\/store.evolve-fitness.eu\/fr\/wp-json\/wp\/v2\/product_tag?post=135550"}],"curies":[{"name":"wp","href":"https:\/\/api.w.org\/{rel}","templated":true}]}}