{"id":13555,"date":"2023-09-20T06:33:43","date_gmt":"2023-09-20T06:33:43","guid":{"rendered":"https:\/\/store.evolve-fitness.eu\/product\/coussin-dequilibre-evolve\/"},"modified":"2026-02-02T12:00:09","modified_gmt":"2026-02-02T12:00:09","slug":"coussin-dequilibre-evolve","status":"publish","type":"product","link":"https:\/\/store.evolve-fitness.eu\/fr\/produit\/coussin-dequilibre-evolve\/","title":{"rendered":"Coussin d&rsquo;\u00e9quilibre Evolve"},"content":{"rendered":"\n<section class=\"wp-block-group alignfull has-darkgray-background-color has-background is-layout-constrained wp-block-group-is-layout-constrained\">\n<div class=\"wp-block-columns alignwide is-layout-flex wp-container-core-columns-is-layout-2edb0647 wp-block-columns-is-layout-flex\" style=\"margin-top:0;margin-bottom:0\">\n<div class=\"wp-block-column is-layout-flow wp-block-column-is-layout-flow\" style=\"flex-basis:33.33%\"><\/div>\n\n\n\n<div class=\"wp-block-column is-layout-flow wp-block-column-is-layout-flow\" style=\"flex-basis:66.66%\"><\/div>\n<\/div>\n\n\n\n<section class=\"wp-block-group alignfull black-content has-white-color has-darkgray-background-color has-text-color has-background is-layout-constrained wp-block-group-is-layout-constrained\" style=\"padding-top:var(--wp--preset--spacing--section-bottom);padding-bottom:var(--wp--preset--spacing--section-bottom)\">\n<section class=\"wp-block-group alignfull black-content has-white-color has-darkgray-background-color has-text-color has-background is-layout-constrained wp-block-group-is-layout-constrained\" style=\"margin-bottom:0;padding-top:var(--wp--preset--spacing--tb-padding);padding-bottom:var(--wp--preset--spacing--tb-padding)\">\n<div class=\"wp-block-columns alignwide mobile-reverse is-layout-flex wp-container-core-columns-is-layout-7a02faa9 wp-block-columns-is-layout-flex\" style=\"margin-bottom:var(--wp--preset--spacing--tb-section-padding)\">\n<div class=\"wp-block-column is-vertically-aligned-center is-layout-flow wp-block-column-is-layout-flow\">\n<h3 class=\"wp-block-heading\" style=\"margin-bottom:var(--wp--preset--spacing--h-3-bottom)\"><strong><strong><strong><strong><strong><strong><strong>Construction de haute qualit\u00e9 pour la durabilit\u00e9<\/strong><\/strong><\/strong><\/strong><\/strong><\/strong><\/strong><\/h3>\n\n\n\n<p>Les mat\u00e9riaux du coussin d&rsquo;\u00e9quilibre Evolve garantissent un produit durable et p\u00e9renne. Avec un poids de 7 kg et une capacit\u00e9 de charge maximale de 200 kg, ce tapis d&rsquo;\u00e9quilibre est \u00e0 la fois robuste et fiable. Son diam\u00e8tre de 63 cm offre suffisamment d&rsquo;espace pour une vari\u00e9t\u00e9 d&rsquo;exercices, ce qui le rend adapt\u00e9 aux d\u00e9butants comme aux utilisateurs exp\u00e9riment\u00e9s. La construction du coussin am\u00e9liore non seulement sa durabilit\u00e9, mais garantit \u00e9galement une surface confortable pour tous vos besoins d&rsquo;entra\u00eenement.<\/p>\n<\/div>\n\n\n\n<div class=\"wp-block-column is-vertically-aligned-center is-layout-flow wp-block-column-is-layout-flow\">\n<figure class=\"wp-block-video\"><video height=\"1200\" style=\"aspect-ratio: 1200 \/ 1200;\" width=\"1200\" autoplay=\"\" controls=\"\" loop=\"\" muted=\"\" src=\"https:\/\/evolve-fitness.eu\/wp-content\/uploads\/2024\/07\/1.mp4\"><\/video><\/figure>\n<\/div>\n<\/div>\n\n\n\n<div class=\"wp-block-columns alignwide mobile-reverse is-layout-flex wp-container-core-columns-is-layout-035fa626 wp-block-columns-is-layout-flex\" style=\"margin-bottom:var(--wp--preset--spacing--side-padding);padding-top:var(--wp--preset--spacing--tb-padding);padding-bottom:var(--wp--preset--spacing--tb-padding)\">\n<div class=\"wp-block-column is-vertically-aligned-center is-layout-flow wp-block-column-is-layout-flow\">\n<figure class=\"wp-block-video\"><video autoplay=\"\" controls=\"\" loop=\"\" muted=\"\" src=\"https:\/\/evolve-fitness.eu\/wp-content\/uploads\/2024\/07\/2.mp4\"><\/video><\/figure>\n<\/div>\n\n\n\n<div class=\"wp-block-column is-vertically-aligned-center is-layout-flow wp-block-column-is-layout-flow\">\n<h3 class=\"wp-block-heading\" style=\"margin-bottom:var(--wp--preset--spacing--h-3-bottom)\"><strong><strong><strong><strong><strong><strong><strong><strong><strong>Am\u00e9liorez votre programme de remise en forme<\/strong><\/strong><\/strong><\/strong><\/strong><\/strong><\/strong><\/strong><\/strong><\/h3>\n\n\n\n<p>Le coussin d&rsquo;\u00e9quilibre Evolve est un outil essentiel pour am\u00e9liorer l&rsquo;\u00e9quilibre et la stabilit\u00e9. Sa conception polyvalente le rend id\u00e9al pour un large \u00e9ventail de s\u00e9ances d&rsquo;entra\u00eenement, des exercices de renforcement du tronc \u00e0 l&rsquo;entra\u00eenement de la stabilit\u00e9 des articulations. La surface dynamique du tapis sollicite votre \u00e9quilibre, engageant plus de muscles et am\u00e9liorant la conscience globale du corps. Sa portabilit\u00e9 vous permet de l&rsquo;int\u00e9grer facilement \u00e0 votre programme de remise en forme, que ce soit \u00e0 la maison, dans une salle de sport ou lors de s\u00e9ances de th\u00e9rapie. Ce coussin d&rsquo;\u00e9quilibre est un compl\u00e9ment pr\u00e9cieux \u00e0 tout programme de remise en forme, offrant des avantages significatifs en termes de sant\u00e9 physique et de performance.<\/p>\n<\/div>\n<\/div>\n\n\n\n<div class=\"wp-block-columns alignwide mobile-reverse is-layout-flex wp-container-core-columns-is-layout-7a02faa9 wp-block-columns-is-layout-flex\" style=\"margin-bottom:var(--wp--preset--spacing--tb-section-padding)\">\n<div class=\"wp-block-column is-vertically-aligned-center is-layout-flow wp-block-column-is-layout-flow\">\n<h3 class=\"wp-block-heading\" style=\"margin-bottom:var(--wp--preset--spacing--h-3-bottom)\"><strong><strong><strong><strong><strong><strong><strong><strong><strong>Id\u00e9al pour l&rsquo;entra\u00eenement du tronc et de l&rsquo;\u00e9quilibre<\/strong><\/strong><\/strong><\/strong><\/strong><\/strong><\/strong><\/strong><\/strong><\/h3>\n\n\n\n<p>Le coussin d&rsquo;\u00e9quilibre Evolve excelle dans les exercices visant \u00e0 am\u00e9liorer la force centrale et l&rsquo;\u00e9quilibre. Il est particuli\u00e8rement efficace pour les activit\u00e9s telles que les positions sur une jambe, les squats, les fentes et les variations de la planche. En incorporant ce coussin dans ces exercices, vous pouvez en augmenter la difficult\u00e9 et l&rsquo;efficacit\u00e9, ce qui entra\u00eene un plus grand engagement musculaire et une meilleure stabilit\u00e9. En outre, le coussin est excellent pour la r\u00e9\u00e9ducation, aidant au r\u00e9tablissement des blessures articulaires en favorisant le renforcement progressif et la proprioception.<\/p>\n<\/div>\n\n\n\n<div class=\"wp-block-column is-vertically-aligned-center is-layout-flow wp-block-column-is-layout-flow\">\n<figure class=\"wp-block-video\"><video autoplay=\"\" controls=\"\" loop=\"\" muted=\"\" src=\"https:\/\/evolve-fitness.eu\/wp-content\/uploads\/2024\/07\/3.mp4\"><\/video><\/figure>\n<\/div>\n<\/div>\n\n\n\n<div class=\"wp-block-columns alignwide mobile-reverse is-layout-flex wp-container-core-columns-is-layout-ca64bf2d wp-block-columns-is-layout-flex\" style=\"margin-bottom:var(--wp--preset--spacing--side-padding)\">\n<div class=\"wp-block-column is-vertically-aligned-center is-layout-flow wp-block-column-is-layout-flow\"><\/div>\n<\/div>\n<\/section>\n<\/section>\n<\/section>\n","protected":false},"excerpt":{"rendered":"<p>D\u00e9couvrez le coussin d&rsquo;\u00e9quilibre Evolve &#8211; votre chemin vers un meilleur \u00e9quilibre et une plus grande stabilit\u00e9. Fabriqu\u00e9 \u00e0 partir de mat\u00e9riaux de premi\u00e8re qualit\u00e9, ce coussin offre une surface confortable et dynamique pour divers exercices. Am\u00e9liorez vos exercices de base, renforcez vos articulations et affinez votre conscience corporelle. Compact et portable, c&rsquo;est un compagnon polyvalent pour la remise en forme, la th\u00e9rapie et bien plus encore. Adoptez un meilleur \u00e9quilibre avec le coussin d&rsquo;\u00e9quilibre Evolve. Diam\u00e8tre &#8211; 63 cm.<\/p>\n","protected":false},"featured_media":13558,"template":"","meta":{"_acf_changed":false,"inline_featured_image":false},"product_cat":[413,591,592,476],"product_tag":[],"class_list":{"0":"post-13555","1":"product","2":"type-product","3":"status-publish","4":"has-post-thumbnail","6":"product_cat-page-daccueil","7":"product_cat-transversal-et-fonctionnel","8":"product_cat-equipement-fonctionnel","9":"product_cat-studio-fr","11":"first","12":"instock","13":"sale","14":"shipping-taxable","15":"purchasable","16":"product-type-simple"},"acf":[],"_links":{"self":[{"href":"https:\/\/store.evolve-fitness.eu\/fr\/wp-json\/wp\/v2\/product\/13555","targetHints":{"allow":["GET"]}}],"collection":[{"href":"https:\/\/store.evolve-fitness.eu\/fr\/wp-json\/wp\/v2\/product"}],"about":[{"href":"https:\/\/store.evolve-fitness.eu\/fr\/wp-json\/wp\/v2\/types\/product"}],"wp:featuredmedia":[{"embeddable":true,"href":"https:\/\/store.evolve-fitness.eu\/fr\/wp-json\/wp\/v2\/media\/13558"}],"wp:attachment":[{"href":"https:\/\/store.evolve-fitness.eu\/fr\/wp-json\/wp\/v2\/media?parent=13555"}],"wp:term":[{"taxonomy":"product_cat","embeddable":true,"href":"https:\/\/store.evolve-fitness.eu\/fr\/wp-json\/wp\/v2\/product_cat?post=13555"},{"taxonomy":"product_tag","embeddable":true,"href":"https:\/\/store.evolve-fitness.eu\/fr\/wp-json\/wp\/v2\/product_tag?post=13555"}],"curies":[{"name":"wp","href":"https:\/\/api.w.org\/{rel}","templated":true}]}}