{"id":135219,"date":"2025-09-16T10:59:08","date_gmt":"2025-09-16T10:59:08","guid":{"rendered":"https:\/\/store.evolve-fitness.eu\/?post_type=product&#038;p=135219"},"modified":"2025-12-13T13:29:05","modified_gmt":"2025-12-13T13:29:05","slug":"machine-de-smith-a-plateau-evolve-prime-series-2","status":"publish","type":"product","link":"https:\/\/store.evolve-fitness.eu\/fr\/produit\/machine-de-smith-a-plateau-evolve-prime-series-2\/","title":{"rendered":"Machine de Smith \u00e0 plateau Evolve Prime Series"},"content":{"rendered":"\n<section class=\"wp-block-group alignfull black-content has-white-color has-darkgray-background-color has-text-color has-background is-layout-constrained wp-block-group-is-layout-constrained\" style=\"padding-top:var(--wp--preset--spacing--section-bottom);padding-bottom:var(--wp--preset--spacing--section-bottom)\">\n<h3 class=\"wp-block-heading has-text-align-center\"><strong><strong>EVOLVE PLATE LOADED PRIME SERIES<\/strong><\/strong><\/h3>\n\n\n\n<p>Avec la s\u00e9rie Evolve Plate Loaded Prime, l&rsquo;excellence est la norme. Am\u00e9liorez votre entra\u00eenement musculaire avec des machines con\u00e7ues pour le confort, la durabilit\u00e9 et la performance. D\u00e9couvrez d\u00e8s aujourd&rsquo;hui l&rsquo;ensemble de la gamme et red\u00e9finissez votre parcours de remise en forme.  <\/p>\n\n\n\n<section class=\"wp-block-group alignfull black-content has-white-color has-darkgray-background-color has-text-color has-background is-layout-constrained wp-block-group-is-layout-constrained\" style=\"padding-top:var(--wp--preset--spacing--section-bottom);padding-bottom:var(--wp--preset--spacing--section-bottom)\">\n<div class=\"wp-block-columns alignwide mobile-reverse is-layout-flex wp-container-core-columns-is-layout-ca64bf2d wp-block-columns-is-layout-flex\" style=\"margin-bottom:var(--wp--preset--spacing--side-padding)\">\n<div class=\"wp-block-column is-vertically-aligned-center is-layout-flow wp-block-column-is-layout-flow\">\n<h3 class=\"wp-block-heading\" style=\"margin-bottom:var(--wp--preset--spacing--h-3-bottom)\"><strong><strong><strong><strong><strong><strong><strong><strong><strong>Machine de Smith \u00e0 plateau Evolve Prime Series<\/strong><\/strong><\/strong><\/strong><\/strong><\/strong><\/strong><\/strong><\/strong><\/h3>\n\n\n\n<p><strong><em><strong><strong><strong>Un entra\u00eenement polyvalent et s\u00fbr pour des performances maximales<\/strong><\/strong><\/strong><\/em><\/strong><\/p>\n\n\n\n<p style=\"margin-bottom:var(--wp--preset--spacing--tb-section-padding)\">L&rsquo;<strong>appareil de musculation Evolve Prime Series Plate Loaded Smith Machine<\/strong> est con\u00e7u pour fournir un environnement contr\u00f4l\u00e9 et stable pour l&rsquo;entra\u00eenement de la force, permettant aux utilisateurs d&rsquo;effectuer une vari\u00e9t\u00e9 d&rsquo;exercices avec une s\u00e9curit\u00e9 et une efficacit\u00e9 accrues. Dot\u00e9 d&rsquo;un chemin d&rsquo;halt\u00e8re lisse et guid\u00e9, d&rsquo;une construction durable et d&rsquo;un syst\u00e8me de r\u00e9sistance \u00e0 plaques, cet appareil garantit une biom\u00e9canique correcte tout en minimisant le risque de blessure. Id\u00e9al pour les squats, les presses, les fentes et autres, il favorise la surcharge progressive et le d\u00e9veloppement musculaire \u00e0 tous les niveaux de condition physique.  <\/p>\n\n\n\n<h3 class=\"wp-block-heading\" style=\"margin-bottom:var(--wp--preset--spacing--h-3-bottom)\"><strong><strong><strong><strong><strong><strong><strong><strong>Maximisez votre force avec des mouvements contr\u00f4l\u00e9s<\/strong><\/strong><\/strong><\/strong><\/strong><\/strong><\/strong><\/strong><\/h3>\n\n\n\n<p><strong><em><strong><strong><strong>Syst\u00e8me de glissement doux pour une formation s\u00fbre et efficace<\/strong><\/strong><\/strong><\/em><\/strong><\/p>\n\n\n\n<p>L&rsquo;<strong>appareil de musculation Evolve Prime Series Plate Loaded Smith<\/strong> offre une exp\u00e9rience de levage sans faille gr\u00e2ce \u00e0 ses rails de guidage con\u00e7us avec pr\u00e9cision, qui garantissent des mouvements fluides et coh\u00e9rents. Les multiples but\u00e9es de s\u00e9curit\u00e9 permettent de soulever des charges en toute confiance sans avoir besoin d&rsquo;un accompagnateur, ce qui en fait un excellent outil pour l&rsquo;entra\u00eenement en solo. Son cadre robuste renforce la stabilit\u00e9, tandis que le syst\u00e8me \u00e0 plaques offre une r\u00e9sistance personnalisable pour des s\u00e9ances d&rsquo;entra\u00eenement sur mesure. Que vous vous concentriez sur le d\u00e9veloppement musculaire, l&rsquo;endurance ou la r\u00e9\u00e9ducation, cet appareil Smith constitue une solution d&rsquo;entra\u00eenement musculaire fiable et efficace.   <\/p>\n<\/div>\n\n\n\n<div class=\"wp-block-column is-vertically-aligned-center is-layout-flow wp-block-column-is-layout-flow\">\n<figure class=\"wp-block-image size-large\"><img loading=\"lazy\" decoding=\"async\" width=\"1024\" height=\"1024\" src=\"https:\/\/store.evolve-fitness.eu\/wp-content\/uploads\/2025\/03\/EV-PL-PR-116-Evolve-Prime-Series-Plate-Loaded-Smith-Machine-Recovered-1024x1024.png\" alt=\"\" class=\"wp-image-118178\" srcset=\"https:\/\/store.evolve-fitness.eu\/wp-content\/uploads\/2025\/03\/EV-PL-PR-116-Evolve-Prime-Series-Plate-Loaded-Smith-Machine-Recovered-1024x1024.png 1024w, https:\/\/store.evolve-fitness.eu\/wp-content\/uploads\/2025\/03\/EV-PL-PR-116-Evolve-Prime-Series-Plate-Loaded-Smith-Machine-Recovered-300x300.png 300w, https:\/\/store.evolve-fitness.eu\/wp-content\/uploads\/2025\/03\/EV-PL-PR-116-Evolve-Prime-Series-Plate-Loaded-Smith-Machine-Recovered-150x150.png 150w, https:\/\/store.evolve-fitness.eu\/wp-content\/uploads\/2025\/03\/EV-PL-PR-116-Evolve-Prime-Series-Plate-Loaded-Smith-Machine-Recovered-768x768.png 768w, https:\/\/store.evolve-fitness.eu\/wp-content\/uploads\/2025\/03\/EV-PL-PR-116-Evolve-Prime-Series-Plate-Loaded-Smith-Machine-Recovered-1536x1536.png 1536w, https:\/\/store.evolve-fitness.eu\/wp-content\/uploads\/2025\/03\/EV-PL-PR-116-Evolve-Prime-Series-Plate-Loaded-Smith-Machine-Recovered-2048x2048.png 2048w, https:\/\/store.evolve-fitness.eu\/wp-content\/uploads\/2025\/03\/EV-PL-PR-116-Evolve-Prime-Series-Plate-Loaded-Smith-Machine-Recovered-600x600.png 600w, https:\/\/store.evolve-fitness.eu\/wp-content\/uploads\/2025\/03\/EV-PL-PR-116-Evolve-Prime-Series-Plate-Loaded-Smith-Machine-Recovered-100x100.png 100w\" sizes=\"auto, (max-width: 1024px) 100vw, 1024px\" \/><\/figure>\n<\/div>\n<\/div>\n<\/section>\n<\/section>\n","protected":false},"excerpt":{"rendered":"<p>L&rsquo;appareil de musculation Evolve Prime Series Plate Loaded Smith Machine est con\u00e7u pour fournir un environnement contr\u00f4l\u00e9 et stable pour l&rsquo;entra\u00eenement de la force, permettant aux utilisateurs d&rsquo;effectuer une vari\u00e9t\u00e9 d&rsquo;exercices avec une s\u00e9curit\u00e9 et une efficacit\u00e9 accrues. Dot\u00e9 d&rsquo;un chemin d&rsquo;halt\u00e8re lisse et guid\u00e9, d&rsquo;une construction durable et d&rsquo;un syst\u00e8me de r\u00e9sistance \u00e0 plaques, cet appareil garantit une biom\u00e9canique correcte tout en minimisant le risque de blessure. Id\u00e9al pour les squats, les presses, les fentes et autres, il favorise la surcharge progressive et le d\u00e9veloppement musculaire \u00e0 tous les niveaux de condition physique.  <\/p>\n","protected":false},"featured_media":135244,"template":"","meta":{"_acf_changed":false,"inline_featured_image":false},"product_cat":[1246,1247],"product_tag":[],"class_list":{"0":"post-135219","1":"product","2":"type-product","3":"status-publish","4":"has-post-thumbnail","6":"product_cat-bancs","7":"product_cat-bancs-prime-series","9":"first","10":"instock","11":"shipping-taxable","12":"purchasable","13":"product-type-simple"},"acf":[],"_links":{"self":[{"href":"https:\/\/store.evolve-fitness.eu\/fr\/wp-json\/wp\/v2\/product\/135219","targetHints":{"allow":["GET"]}}],"collection":[{"href":"https:\/\/store.evolve-fitness.eu\/fr\/wp-json\/wp\/v2\/product"}],"about":[{"href":"https:\/\/store.evolve-fitness.eu\/fr\/wp-json\/wp\/v2\/types\/product"}],"wp:featuredmedia":[{"embeddable":true,"href":"https:\/\/store.evolve-fitness.eu\/fr\/wp-json\/wp\/v2\/media\/135244"}],"wp:attachment":[{"href":"https:\/\/store.evolve-fitness.eu\/fr\/wp-json\/wp\/v2\/media?parent=135219"}],"wp:term":[{"taxonomy":"product_cat","embeddable":true,"href":"https:\/\/store.evolve-fitness.eu\/fr\/wp-json\/wp\/v2\/product_cat?post=135219"},{"taxonomy":"product_tag","embeddable":true,"href":"https:\/\/store.evolve-fitness.eu\/fr\/wp-json\/wp\/v2\/product_tag?post=135219"}],"curies":[{"name":"wp","href":"https:\/\/api.w.org\/{rel}","templated":true}]}}