{"id":131629,"date":"2025-06-30T13:09:59","date_gmt":"2025-06-30T13:09:59","guid":{"rendered":"https:\/\/store.evolve-fitness.eu\/?post_type=product&#038;p=131629"},"modified":"2025-11-07T10:12:11","modified_gmt":"2025-11-07T10:12:11","slug":"evolve-body-pump-set-en-urethane-19-5-kg-6","status":"publish","type":"product","link":"https:\/\/store.evolve-fitness.eu\/fr\/produit\/evolve-body-pump-set-en-urethane-19-5-kg-6\/","title":{"rendered":"Evolve Ultra Series Bar Sets With CPU Urethane Weight Plates"},"content":{"rendered":"\n<section class=\"wp-block-group alignfull black-content has-white-color has-darkgray-background-color has-text-color has-background is-layout-constrained wp-block-group-is-layout-constrained\" style=\"padding-top:var(--wp--preset--spacing--section-bottom);padding-bottom:var(--wp--preset--spacing--section-bottom)\">\n<section class=\"wp-block-group alignfull black-content has-white-color has-darkgray-background-color has-text-color has-background is-layout-constrained wp-block-group-is-layout-constrained\" style=\"padding-top:var(--wp--preset--spacing--section-bottom);padding-bottom:var(--wp--preset--spacing--section-bottom)\">\n<div class=\"wp-block-columns alignwide mobile-reverse is-layout-flex wp-container-core-columns-is-layout-ca64bf2d wp-block-columns-is-layout-flex\" style=\"margin-bottom:var(--wp--preset--spacing--side-padding)\">\n<div class=\"wp-block-column is-vertically-aligned-center is-layout-flow wp-block-column-is-layout-flow\">\n<h3 class=\"wp-block-heading\" style=\"margin-bottom:var(--wp--preset--spacing--h-3-bottom)\"><strong><strong>Evolve Strength Training Set &#8211; Prime Series Bar with Ultra Series CPU Urethane Weight Plates<\/strong><\/strong><\/h3>\n\n\n\n<p style=\"margin-bottom:var(--wp--preset--spacing--tb-section-padding)\">Am\u00e9liorez votre arsenal d&rsquo;entra\u00eenement avec le kit de musculation Evolve, qui combine la <strong>barre olympique Evolve Prime Series (220 cm \/ 20 kg)<\/strong>, les <strong>plaques de poids en ur\u00e9thane Evolve Ultra Series CPU (1,25-25 kg)<\/strong> et les colliers de barre olympique Evolve. Cet ensemble est con\u00e7u pour les athl\u00e8tes et les professionnels du fitness qui exigent des performances exceptionnelles, une durabilit\u00e9 \u00e0 long terme et des normes professionnelles dans chaque exercice. <\/p>\n<\/div>\n\n\n\n<div class=\"wp-block-column is-vertically-aligned-center is-layout-flow wp-block-column-is-layout-flow\">\n<figure class=\"wp-block-image size-large is-style-rounded\"><img decoding=\"async\" src=\"https:\/\/evolve-fitness.eu\/wp-content\/uploads\/2025\/06\/A7_02417-1024x683.jpg\" alt=\"\" class=\"wp-image-198606\"\/><\/figure>\n<\/div>\n<\/div>\n\n\n\n<div class=\"wp-block-columns alignwide is-layout-flex wp-container-core-columns-is-layout-c45ee707 wp-block-columns-is-layout-flex\" style=\"margin-bottom:var(--wp--preset--spacing--side-padding);padding-top:var(--wp--preset--spacing--side-padding)\">\n<div class=\"wp-block-column is-vertically-aligned-center is-layout-flow wp-block-column-is-layout-flow\">\n<figure class=\"wp-block-video\"><video height=\"2160\" style=\"aspect-ratio: 3840 \/ 2160;\" width=\"3840\" controls=\"\" src=\"https:\/\/store.evolve-fitness.eu\/wp-content\/uploads\/2025\/05\/EV-OB-CK-201-Evolve-Cerakote-Series-Olympic-Woman-201-cm-15-kg-1.mp4\"><\/video><\/figure>\n<\/div>\n\n\n\n<div class=\"wp-block-column is-vertically-aligned-center is-layout-flow wp-block-column-is-layout-flow\">\n<h3 class=\"wp-block-heading\" style=\"margin-bottom:var(--wp--preset--spacing--h-3-bottom)\"><strong>Elite Performance &#8211; Evolve Prime Series Olympic Man Bar<\/strong><\/h3>\n\n\n\n<p style=\"margin-bottom:var(--wp--preset--spacing--tb-section-padding)\">La barre olympique Evolve Prime Series est au c\u0153ur de cet ensemble. D&rsquo;une longueur de 220 cm et d&rsquo;un poids de 20 kg, elle est con\u00e7ue pour l&rsquo;entra\u00eenement de force \u00e0 forte charge. Fabriqu\u00e9e en acier alli\u00e9 trait\u00e9 thermiquement, la barre offre un \u00e9quilibre parfait entre r\u00e9sistance \u00e0 la traction et flexibilit\u00e9. Des roulements \u00e0 aiguilles de pr\u00e9cision assurent une rotation fluide du manchon, id\u00e9ale pour les lev\u00e9es olympiques et les mouvements dynamiques avec halt\u00e8res. Sa surface finement molet\u00e9e offre une prise s\u00fbre et confortable pour tous les types d&rsquo;entra\u00eenement, des squats aux nettoyages.    <\/p>\n<\/div>\n<\/div>\n\n\n\n<div class=\"wp-block-columns alignwide mobile-reverse is-layout-flex wp-container-core-columns-is-layout-ca64bf2d wp-block-columns-is-layout-flex\" style=\"margin-bottom:var(--wp--preset--spacing--side-padding)\">\n<div class=\"wp-block-column is-vertically-aligned-center is-layout-flow wp-block-column-is-layout-flow\">\n<h3 class=\"wp-block-heading\" style=\"margin-bottom:var(--wp--preset--spacing--h-3-bottom)\"><strong>S\u00e9curit\u00e9 et fiabilit\u00e9 &#8211; Colliers pour barres olympiques<\/strong><\/h3>\n\n\n\n<p style=\"margin-bottom:var(--wp--preset--spacing--tb-section-padding)\">Les colliers de barre olympique Evolve inclus sont con\u00e7us pour des changements de plaque rapides et s\u00fbrs. Con\u00e7us pour verrouiller les plaques de poids fermement en place pendant les lev\u00e9es de haute intensit\u00e9, ces colliers garantissent une installation stable et contr\u00f4l\u00e9e de l&rsquo;halt\u00e8re. Leur m\u00e9canisme de verrouillage rapide permet une installation et un retrait sans effort, sans compromettre la s\u00e9curit\u00e9 ou la stabilit\u00e9.  <\/p>\n<\/div>\n\n\n\n<div class=\"wp-block-column is-vertically-aligned-center is-layout-flow wp-block-column-is-layout-flow\">\n<figure class=\"wp-block-video\"><video height=\"1080\" style=\"aspect-ratio: 1920 \/ 1080;\" width=\"1920\" controls=\"\" src=\"https:\/\/store.evolve-fitness.eu\/wp-content\/uploads\/2025\/05\/EV-OC-CC-02-1.mp4\"><\/video><\/figure>\n<\/div>\n<\/div>\n\n\n\n<div class=\"wp-block-columns alignwide is-layout-flex wp-container-core-columns-is-layout-c45ee707 wp-block-columns-is-layout-flex\" style=\"margin-bottom:var(--wp--preset--spacing--side-padding);padding-top:var(--wp--preset--spacing--side-padding)\">\n<div class=\"wp-block-column is-vertically-aligned-center is-layout-flow wp-block-column-is-layout-flow\">\n<figure class=\"wp-block-image size-large is-style-rounded\"><img decoding=\"async\" src=\"https:\/\/evolve-fitness.eu\/wp-content\/uploads\/2025\/06\/A7_02441-1024x683.jpg\" alt=\"\" class=\"wp-image-198631\"\/><\/figure>\n<\/div>\n\n\n\n<div class=\"wp-block-column is-vertically-aligned-center is-layout-flow wp-block-column-is-layout-flow\">\n<h3 class=\"wp-block-heading\" style=\"margin-bottom:var(--wp--preset--spacing--h-3-bottom)\"><strong>Pr\u00e9cision et durabilit\u00e9 &#8211; Plaques de poids en ur\u00e9thane pour UC de la s\u00e9rie Ultra<\/strong><\/h3>\n\n\n\n<p>Cet ensemble comprend les <strong>plaques de poids en ur\u00e9thane Evolve Ultra Series CPU<\/strong>, qui offrent une r\u00e9sistance in\u00e9gal\u00e9e \u00e0 l&rsquo;usure, \u00e0 la d\u00e9coloration et aux chocs. Fabriqu\u00e9es en ur\u00e9thane CPU de haute qualit\u00e9 et disponibles dans des tailles de 1,25 \u00e0 25 kg, ces plaques sont calibr\u00e9es avec pr\u00e9cision et con\u00e7ues pour un usage intensif et \u00e0 long terme. Chaque plaque comprend des poign\u00e9es ergonomiques pour une manipulation plus facile, une surface non marquante pour prot\u00e9ger les sols des salles de sport, ainsi que des logos et des indicateurs de poids grav\u00e9s au laser pour une clart\u00e9 durable.  <\/p>\n<\/div>\n<\/div>\n\n\n\n<div class=\"wp-block-columns alignwide is-layout-flex wp-container-core-columns-is-layout-c45ee707 wp-block-columns-is-layout-flex\" style=\"margin-bottom:var(--wp--preset--spacing--side-padding);padding-top:var(--wp--preset--spacing--side-padding)\">\n<div class=\"wp-block-column is-vertically-aligned-center is-layout-flow wp-block-column-is-layout-flow\">\n<h3 class=\"wp-block-heading\" style=\"margin-bottom:var(--wp--preset--spacing--h-3-bottom)\"><strong>S&rsquo;entra\u00eener comme un professionnel &#8211; Con\u00e7u pour le progr\u00e8s et la performance<\/strong><\/h3>\n\n\n\n<p>Cet ensemble d&rsquo;entra\u00eenement musculaire est id\u00e9al pour les athl\u00e8tes \u00e0 la recherche d&rsquo;un \u00e9quipement de qualit\u00e9 professionnelle combinant une ing\u00e9nierie avanc\u00e9e et une esth\u00e9tique propre et moderne. Que vous vous entra\u00eeniez chez vous ou que vous \u00e9quipiez un \u00e9tablissement commercial, cet ensemble vous apporte la confiance, la s\u00e9curit\u00e9 et l&rsquo;efficacit\u00e9 n\u00e9cessaires \u00e0 un d\u00e9veloppement s\u00e9rieux de la force. <\/p>\n<\/div>\n\n\n\n<div class=\"wp-block-column is-vertically-aligned-center is-layout-flow wp-block-column-is-layout-flow\">\n<div class=\"wp-block-columns is-layout-flex wp-container-core-columns-is-layout-9d6595d7 wp-block-columns-is-layout-flex\">\n<div class=\"wp-block-column is-layout-flow wp-block-column-is-layout-flow\">\n<figure class=\"wp-block-image size-large is-style-rounded\"><img decoding=\"async\" src=\"https:\/\/evolve-fitness.eu\/wp-content\/uploads\/2025\/06\/A7_02443-1024x683.jpg\" alt=\"\" class=\"wp-image-198681\"\/><\/figure>\n<\/div>\n<\/div>\n<\/div>\n<\/div>\n<\/section>\n<\/section>\n","protected":false},"excerpt":{"rendered":"<p>Am\u00e9liorez votre arsenal d&rsquo;entra\u00eenement avec le kit de musculation Evolve, qui combine la barre olympique Evolve Prime Series (220 cm \/ 20 kg), les plaques de poids en ur\u00e9thane Evolve Ultra Series CPU (1,25-25 kg) et les colliers de barre olympique Evolve. Cet ensemble est con\u00e7u pour les athl\u00e8tes et les professionnels du fitness qui exigent des performances exceptionnelles, une durabilit\u00e9 \u00e0 long terme et des normes professionnelles dans chaque exercice.<\/p>\n","protected":false},"featured_media":129672,"template":"","meta":{"_acf_changed":false,"inline_featured_image":false},"product_cat":[975,2181],"product_tag":[],"class_list":{"0":"post-131629","1":"product","2":"type-product","3":"status-publish","4":"has-post-thumbnail","6":"product_cat-poids-libres","7":"product_cat-bar-sets-fr","9":"first","10":"outofstock","11":"shipping-taxable","12":"purchasable","13":"product-type-variable"},"acf":[],"_links":{"self":[{"href":"https:\/\/store.evolve-fitness.eu\/fr\/wp-json\/wp\/v2\/product\/131629","targetHints":{"allow":["GET"]}}],"collection":[{"href":"https:\/\/store.evolve-fitness.eu\/fr\/wp-json\/wp\/v2\/product"}],"about":[{"href":"https:\/\/store.evolve-fitness.eu\/fr\/wp-json\/wp\/v2\/types\/product"}],"wp:featuredmedia":[{"embeddable":true,"href":"https:\/\/store.evolve-fitness.eu\/fr\/wp-json\/wp\/v2\/media\/129672"}],"wp:attachment":[{"href":"https:\/\/store.evolve-fitness.eu\/fr\/wp-json\/wp\/v2\/media?parent=131629"}],"wp:term":[{"taxonomy":"product_cat","embeddable":true,"href":"https:\/\/store.evolve-fitness.eu\/fr\/wp-json\/wp\/v2\/product_cat?post=131629"},{"taxonomy":"product_tag","embeddable":true,"href":"https:\/\/store.evolve-fitness.eu\/fr\/wp-json\/wp\/v2\/product_tag?post=131629"}],"curies":[{"name":"wp","href":"https:\/\/api.w.org\/{rel}","templated":true}]}}