{"id":131224,"date":"2025-06-27T05:31:08","date_gmt":"2025-06-27T05:31:08","guid":{"rendered":"https:\/\/store.evolve-fitness.eu\/?post_type=product&#038;p=131224"},"modified":"2025-10-14T07:18:01","modified_gmt":"2025-10-14T07:18:01","slug":"evolve-ultra-series-plate-loaded-iso-lateral-squat-lunge-38","status":"publish","type":"product","link":"https:\/\/store.evolve-fitness.eu\/fr\/produit\/evolve-ultra-series-plate-loaded-iso-lateral-squat-lunge-38\/","title":{"rendered":"Evolve Ultra Series Plate Loaded Iso Lateral Squat Lunge"},"content":{"rendered":"\n<section class=\"wp-block-group alignfull black-content has-white-color has-darkgray-background-color has-text-color has-background is-layout-constrained wp-block-group-is-layout-constrained\" style=\"padding-top:var(--wp--preset--spacing--section-bottom);padding-bottom:var(--wp--preset--spacing--section-bottom)\">\n<section class=\"wp-block-group alignfull black-content has-white-color has-darkgray-background-color has-text-color has-background is-layout-constrained wp-block-group-is-layout-constrained\" style=\"margin-bottom:0;padding-top:var(--wp--preset--spacing--tb-padding);padding-bottom:var(--wp--preset--spacing--tb-padding)\">\n<div class=\"wp-block-columns alignwide mobile-reverse is-layout-flex wp-container-core-columns-is-layout-7a02faa9 wp-block-columns-is-layout-flex\" style=\"margin-bottom:var(--wp--preset--spacing--tb-section-padding)\">\n<div class=\"wp-block-column is-vertically-aligned-center is-layout-flow wp-block-column-is-layout-flow\">\n<h3 class=\"wp-block-heading\" style=\"margin-bottom:var(--wp--preset--spacing--h-3-bottom)\"><strong><strong><strong><strong><strong><strong><strong><strong><strong>Entra\u00eenement dynamique du bas du corps<\/strong><\/strong><\/strong><\/strong><\/strong><\/strong><\/strong><\/strong><\/strong><\/h3>\n\n\n\n<p><strong><em><strong><strong><strong><strong><strong><strong>Renforcer les fessiers, les quadriceps et les ischio-jambiers<\/strong><\/strong><\/strong><\/strong><\/strong><\/strong><\/em><\/strong><\/p>\n\n\n\n<p>L&rsquo;<strong>Evolve Ultra Series Iso-Lateral Squat Lunge<\/strong> est con\u00e7u pour solliciter les fessiers, les quadriceps et les ischio-jambiers avec pr\u00e9cision et contr\u00f4le. Sa fonctionnalit\u00e9 iso-lat\u00e9rale permet \u00e0 chaque jambe de bouger ind\u00e9pendamment, ce qui favorise un d\u00e9veloppement musculaire \u00e9quilibr\u00e9 et r\u00e9duit le risque de d\u00e9s\u00e9quilibres. La conception ergonomique de cette machine garantit un alignement correct et minimise la tension sur les articulations, ce qui la rend s\u00fbre et efficace pour une vari\u00e9t\u00e9 de styles d&rsquo;entra\u00eenement. Id\u00e9al pour d\u00e9velopper la force du bas du corps, am\u00e9liorer les performances athl\u00e9tiques et la stabilit\u00e9, le Squat Lunge est un compl\u00e9ment polyvalent \u00e0 tout programme d&rsquo;entra\u00eenement musculaire.   <\/p>\n<\/div>\n\n\n\n<div class=\"wp-block-column is-vertically-aligned-center is-layout-flow wp-block-column-is-layout-flow\">\n<figure class=\"wp-block-image size-full\"><img decoding=\"async\" src=\"https:\/\/evolve-fitness.eu\/wp-content\/uploads\/2025\/01\/EV-PL-UL-580-Evolve-Ultra-Series-Plate-Loaded-Iso-Lateral-Squat-Lunge.png\" alt=\"EV-PL-UL-580\" class=\"wp-image-170992\"\/><\/figure>\n<\/div>\n<\/div>\n<\/section>\n<\/section>\n","protected":false},"excerpt":{"rendered":"<p>Le Evolve Ultra Series Iso-Lateral Squat Lunge (EV-PL-UL-580) est un appareil de fitness haut de gamme con\u00e7u pour am\u00e9liorer votre entra\u00eenement du bas du corps. Construit pour durer et pour une pr\u00e9cision biom\u00e9canique, cet appareil offre une combinaison unique de mouvements de squat et de fente pour cibler plusieurs groupes musculaires simultan\u00e9ment. Que vous vous concentriez sur la force, la puissance ou l&rsquo;endurance, le Squat Lunge Iso-Lat\u00e9ral offre un entra\u00eenement polyvalent et efficace pour les utilisateurs de tous niveaux.  <\/p>\n","protected":false},"featured_media":131271,"template":"","meta":{"_acf_changed":false,"inline_featured_image":false},"product_cat":[780,784],"product_tag":[],"class_list":{"0":"post-131224","1":"product","2":"type-product","3":"status-publish","4":"has-post-thumbnail","6":"product_cat-machines-a-plateau","7":"product_cat-ultra-series-plate-loaded-fr","9":"first","10":"instock","11":"shipping-taxable","12":"purchasable","13":"product-type-simple"},"acf":[],"_links":{"self":[{"href":"https:\/\/store.evolve-fitness.eu\/fr\/wp-json\/wp\/v2\/product\/131224","targetHints":{"allow":["GET"]}}],"collection":[{"href":"https:\/\/store.evolve-fitness.eu\/fr\/wp-json\/wp\/v2\/product"}],"about":[{"href":"https:\/\/store.evolve-fitness.eu\/fr\/wp-json\/wp\/v2\/types\/product"}],"wp:featuredmedia":[{"embeddable":true,"href":"https:\/\/store.evolve-fitness.eu\/fr\/wp-json\/wp\/v2\/media\/131271"}],"wp:attachment":[{"href":"https:\/\/store.evolve-fitness.eu\/fr\/wp-json\/wp\/v2\/media?parent=131224"}],"wp:term":[{"taxonomy":"product_cat","embeddable":true,"href":"https:\/\/store.evolve-fitness.eu\/fr\/wp-json\/wp\/v2\/product_cat?post=131224"},{"taxonomy":"product_tag","embeddable":true,"href":"https:\/\/store.evolve-fitness.eu\/fr\/wp-json\/wp\/v2\/product_tag?post=131224"}],"curies":[{"name":"wp","href":"https:\/\/api.w.org\/{rel}","templated":true}]}}