{"id":129444,"date":"2025-05-13T13:09:48","date_gmt":"2025-05-13T13:09:48","guid":{"rendered":"https:\/\/store.evolve-fitness.eu\/?post_type=product&#038;p=129444"},"modified":"2025-07-23T00:54:13","modified_gmt":"2025-07-23T00:54:13","slug":"evolve-body-pump-set-en-urethane-19-5-kg-4","status":"publish","type":"product","link":"https:\/\/store.evolve-fitness.eu\/fr\/produit\/evolve-body-pump-set-en-urethane-19-5-kg-4\/","title":{"rendered":"Evolve Econ Series Bar Set With TPU Urethane Weight Plates"},"content":{"rendered":"\n<section class=\"wp-block-group alignfull black-content has-white-color has-darkgray-background-color has-text-color has-background is-layout-constrained wp-block-group-is-layout-constrained\" style=\"padding-top:var(--wp--preset--spacing--section-bottom);padding-bottom:var(--wp--preset--spacing--section-bottom)\">\n<section class=\"wp-block-group alignfull black-content has-white-color has-darkgray-background-color has-text-color has-background is-layout-constrained wp-block-group-is-layout-constrained\" style=\"padding-top:var(--wp--preset--spacing--section-bottom);padding-bottom:var(--wp--preset--spacing--section-bottom)\">\n<div class=\"wp-block-columns alignwide mobile-reverse is-layout-flex wp-container-core-columns-is-layout-ca64bf2d wp-block-columns-is-layout-flex\" style=\"margin-bottom:var(--wp--preset--spacing--side-padding)\">\n<div class=\"wp-block-column is-vertically-aligned-center is-layout-flow wp-block-column-is-layout-flow\">\n<h3 class=\"wp-block-heading\" style=\"margin-bottom:var(--wp--preset--spacing--h-3-bottom)\">Evolve Econ Series Bar Set with TPU Urethane Weight Plates &#8211; Pr\u00e9cision et durabilit\u00e9 pour votre entra\u00eenement de musculation<\/h3>\n\n\n\n<p style=\"margin-bottom:var(--wp--preset--spacing--tb-section-padding)\">L&rsquo;<strong>ensemble de barres Evolve Econ Series avec plaques de poids en ur\u00e9thane TPU<\/strong> est con\u00e7u pour les athl\u00e8tes \u00e0 la recherche d&rsquo;un \u00e9quipement durable et de haute qualit\u00e9 pour leur salle de sport. Cet ensemble complet comprend la <strong>barre olympique<\/strong> fiable <strong>Evolve Econ Series (220 cm \/ 20 kg)<\/strong>, les <strong>colliers de barre olympique Evolve<\/strong> s\u00e9curis\u00e9s et les <strong>plaques de poids en ur\u00e9thane TPU<\/strong> r\u00e9sistantes <strong>(1,25-25 kg)<\/strong>. Id\u00e9al pour les amateurs de musculation, cet ensemble offre un \u00e9quilibre parfait entre performance, s\u00e9curit\u00e9 et polyvalence.  <\/p>\n<\/div>\n\n\n\n<div class=\"wp-block-column is-vertically-aligned-center is-layout-flow wp-block-column-is-layout-flow\">\n<figure class=\"wp-block-image size-large is-style-rounded\"><img decoding=\"async\" src=\"https:\/\/evolve-fitness.eu\/wp-content\/uploads\/2025\/05\/EV-WP-TP-1-1024x683.jpg\" alt=\"\" class=\"wp-image-197977\"\/><\/figure>\n<\/div>\n<\/div>\n\n\n\n<div class=\"wp-block-columns alignwide is-layout-flex wp-container-core-columns-is-layout-c45ee707 wp-block-columns-is-layout-flex\" style=\"margin-bottom:var(--wp--preset--spacing--side-padding);padding-top:var(--wp--preset--spacing--side-padding)\">\n<div class=\"wp-block-column is-vertically-aligned-center is-layout-flow wp-block-column-is-layout-flow\">\n<figure class=\"wp-block-video\"><video height=\"2160\" style=\"aspect-ratio: 3840 \/ 2160;\" width=\"3840\" controls=\"\" src=\"https:\/\/store.evolve-fitness.eu\/wp-content\/uploads\/2025\/05\/EV-OB-CK-201-Evolve-Cerakote-Series-Olympic-Woman-201-cm-15-kg-1.mp4\"><\/video><\/figure>\n<\/div>\n\n\n\n<div class=\"wp-block-column is-vertically-aligned-center is-layout-flow wp-block-column-is-layout-flow\">\n<h3 class=\"wp-block-heading\" style=\"margin-bottom:var(--wp--preset--spacing--h-3-bottom)\">Robuste et fiable &#8211; Econ Series Olympic Bar<\/h3>\n\n\n\n<p style=\"margin-bottom:var(--wp--preset--spacing--tb-section-padding)\">La pi\u00e8ce ma\u00eetresse de cet ensemble est la <strong>barre olympique Evolve Econ Series<\/strong>, qui mesure 220 cm et p\u00e8se 20 kg. Fabriqu\u00e9e en acier robuste, elle garantit une durabilit\u00e9 et une stabilit\u00e9 exceptionnelles pendant les s\u00e9ances d&rsquo;entra\u00eenement. Le moletage de profondeur moyenne offre une prise s\u00fbre et confortable, ce qui la rend adapt\u00e9e \u00e0 diverses techniques de levage. Cette barre est con\u00e7ue pour r\u00e9sister \u00e0 un entra\u00eenement rigoureux, en conservant sa forme et sa fonction m\u00eame sous de lourdes charges.   <\/p>\n<\/div>\n<\/div>\n\n\n\n<div class=\"wp-block-columns alignwide mobile-reverse is-layout-flex wp-container-core-columns-is-layout-ca64bf2d wp-block-columns-is-layout-flex\" style=\"margin-bottom:var(--wp--preset--spacing--side-padding)\">\n<div class=\"wp-block-column is-vertically-aligned-center is-layout-flow wp-block-column-is-layout-flow\">\n<h3 class=\"wp-block-heading\" style=\"margin-bottom:var(--wp--preset--spacing--h-3-bottom)\">S\u00e9curit\u00e9 et s\u00fbret\u00e9 &#8211; Colliers pour barres olympiques<\/h3>\n\n\n\n<p style=\"margin-bottom:var(--wp--preset--spacing--tb-section-padding)\">Pour garantir la s\u00e9curit\u00e9 pendant vos s\u00e9ances de levage, l&rsquo;ensemble comprend des <strong>colliers de barre olympique Evolve<\/strong>. Ces colliers assurent un verrouillage fiable, emp\u00eachant tout mouvement des plateaux de poids pendant les s\u00e9ances d&rsquo;entra\u00eenement intenses. Faciles \u00e0 attacher et \u00e0 d\u00e9tacher, ils sont essentiels pour maintenir l&rsquo;\u00e9quilibre et la s\u00e9curit\u00e9 de votre barre.  <\/p>\n<\/div>\n\n\n\n<div class=\"wp-block-column is-vertically-aligned-center is-layout-flow wp-block-column-is-layout-flow\">\n<figure class=\"wp-block-video\"><video height=\"1080\" style=\"aspect-ratio: 1920 \/ 1080;\" width=\"1920\" controls=\"\" src=\"https:\/\/store.evolve-fitness.eu\/wp-content\/uploads\/2025\/05\/EV-OC-CC-02-1.mp4\"><\/video><\/figure>\n<\/div>\n<\/div>\n\n\n\n<div class=\"wp-block-columns alignwide is-layout-flex wp-container-core-columns-is-layout-c45ee707 wp-block-columns-is-layout-flex\" style=\"margin-bottom:var(--wp--preset--spacing--side-padding);padding-top:var(--wp--preset--spacing--side-padding)\">\n<div class=\"wp-block-column is-vertically-aligned-center is-layout-flow wp-block-column-is-layout-flow\">\n<figure class=\"wp-block-image size-large is-style-rounded\"><img decoding=\"async\" src=\"https:\/\/evolve-fitness.eu\/wp-content\/uploads\/2025\/05\/EV-WP-TP-5-1024x683.jpg\" alt=\"\" class=\"wp-image-197952\"\/><\/figure>\n<\/div>\n\n\n\n<div class=\"wp-block-column is-vertically-aligned-center is-layout-flow wp-block-column-is-layout-flow\">\n<h3 class=\"wp-block-heading\" style=\"margin-bottom:var(--wp--preset--spacing--h-3-bottom)\">Durable et \u00e9l\u00e9gant &#8211; Plaques de poids en ur\u00e9thane TPU<\/h3>\n\n\n\n<p>Les <strong>plaques de poids en ur\u00e9thane TPU<\/strong> incluses dans ce set sont con\u00e7ues pour allier durabilit\u00e9 et esth\u00e9tique. Disponibles dans des poids allant de 1,25 \u00e0 25 kg, ces plaques sont fabriqu\u00e9es en ur\u00e9thane de haute qualit\u00e9, offrant une r\u00e9sistance sup\u00e9rieure \u00e0 l&rsquo;usure. Leur surface non marquante prot\u00e8ge le sol de votre salle de sport, tandis que leur finition \u00e9l\u00e9gante rehausse l&rsquo;aspect professionnel de votre salle de sport. La conception ergonomique permet une manipulation ais\u00e9e et un ajustement rapide des poids.   <\/p>\n<\/div>\n<\/div>\n\n\n\n<div class=\"wp-block-columns alignwide is-layout-flex wp-container-core-columns-is-layout-c45ee707 wp-block-columns-is-layout-flex\" style=\"margin-bottom:var(--wp--preset--spacing--side-padding);padding-top:var(--wp--preset--spacing--side-padding)\">\n<div class=\"wp-block-column is-vertically-aligned-center is-layout-flow wp-block-column-is-layout-flow\">\n<h3 class=\"wp-block-heading\" style=\"margin-bottom:var(--wp--preset--spacing--h-3-bottom)\">S&rsquo;entra\u00eener avec confiance et style<\/h3>\n\n\n\n<p>Le <strong>jeu de barres Evolve Econ Series avec plaques de poids en ur\u00e9thane TPU<\/strong> est un excellent choix pour ceux qui appr\u00e9cient la pr\u00e9cision, la s\u00e9curit\u00e9 et la durabilit\u00e9 de leur \u00e9quipement de musculation. Que vous fassiez des squats, des d\u00e9velopp\u00e9-couch\u00e9 ou des deadlifts, cet ensemble garantit des performances constantes et une exp\u00e9rience de levage professionnelle. <\/p>\n<\/div>\n\n\n\n<div class=\"wp-block-column is-vertically-aligned-center is-layout-flow wp-block-column-is-layout-flow\">\n<div class=\"wp-block-columns is-layout-flex wp-container-core-columns-is-layout-9d6595d7 wp-block-columns-is-layout-flex\">\n<div class=\"wp-block-column is-layout-flow wp-block-column-is-layout-flow\">\n<figure class=\"wp-block-image size-large is-style-rounded\"><img decoding=\"async\" src=\"https:\/\/evolve-fitness.eu\/wp-content\/uploads\/2025\/05\/EV-WP-TP-9-1024x683.jpg\" alt=\"\" class=\"wp-image-197927\"\/><\/figure>\n<\/div>\n<\/div>\n<\/div>\n<\/div>\n<\/section>\n<\/section>\n","protected":false},"excerpt":{"rendered":"<p>L&rsquo;ensemble de barres Evolve Econ Series avec plaques de poids en ur\u00e9thane TPU est con\u00e7u pour les athl\u00e8tes \u00e0 la recherche d&rsquo;un \u00e9quipement de gymnastique durable et de haute qualit\u00e9. Cet ensemble complet comprend la barre olympique fiable Evolve Econ Series (220 cm \/ 20 kg), les colliers de barre olympique Evolve s\u00e9curis\u00e9s et les plaques de poids en ur\u00e9thane TPU r\u00e9sistantes (1,25-25 kg). Id\u00e9al pour les amateurs de musculation, cet ensemble offre un \u00e9quilibre parfait entre performance, s\u00e9curit\u00e9 et polyvalence.<\/p>\n","protected":false},"featured_media":129672,"template":"","meta":{"_acf_changed":false,"inline_featured_image":false},"product_cat":[975,2181],"product_tag":[],"class_list":{"0":"post-129444","1":"product","2":"type-product","3":"status-publish","4":"has-post-thumbnail","6":"product_cat-poids-libres","7":"product_cat-bar-sets-fr","9":"first","10":"outofstock","11":"shipping-taxable","12":"purchasable","13":"product-type-variable"},"acf":[],"_links":{"self":[{"href":"https:\/\/store.evolve-fitness.eu\/fr\/wp-json\/wp\/v2\/product\/129444","targetHints":{"allow":["GET"]}}],"collection":[{"href":"https:\/\/store.evolve-fitness.eu\/fr\/wp-json\/wp\/v2\/product"}],"about":[{"href":"https:\/\/store.evolve-fitness.eu\/fr\/wp-json\/wp\/v2\/types\/product"}],"wp:featuredmedia":[{"embeddable":true,"href":"https:\/\/store.evolve-fitness.eu\/fr\/wp-json\/wp\/v2\/media\/129672"}],"wp:attachment":[{"href":"https:\/\/store.evolve-fitness.eu\/fr\/wp-json\/wp\/v2\/media?parent=129444"}],"wp:term":[{"taxonomy":"product_cat","embeddable":true,"href":"https:\/\/store.evolve-fitness.eu\/fr\/wp-json\/wp\/v2\/product_cat?post=129444"},{"taxonomy":"product_tag","embeddable":true,"href":"https:\/\/store.evolve-fitness.eu\/fr\/wp-json\/wp\/v2\/product_tag?post=129444"}],"curies":[{"name":"wp","href":"https:\/\/api.w.org\/{rel}","templated":true}]}}