{"id":129222,"date":"2025-05-13T11:24:35","date_gmt":"2025-05-13T11:24:35","guid":{"rendered":"https:\/\/store.evolve-fitness.eu\/?post_type=product&#038;p=129222"},"modified":"2025-07-23T01:01:41","modified_gmt":"2025-07-23T01:01:41","slug":"evolve-body-pump-set-en-urethane-19-5-kg-3","status":"publish","type":"product","link":"https:\/\/store.evolve-fitness.eu\/fr\/produit\/evolve-body-pump-set-en-urethane-19-5-kg-3\/","title":{"rendered":"Evolve Econ Series Bar Set With Rubber Weight Plates"},"content":{"rendered":"\n<section class=\"wp-block-group alignfull black-content has-white-color has-darkgray-background-color has-text-color has-background is-layout-constrained wp-block-group-is-layout-constrained\" style=\"padding-top:var(--wp--preset--spacing--section-bottom);padding-bottom:var(--wp--preset--spacing--section-bottom)\">\n<section class=\"wp-block-group alignfull black-content has-white-color has-darkgray-background-color has-text-color has-background is-layout-constrained wp-block-group-is-layout-constrained\" style=\"padding-top:var(--wp--preset--spacing--section-bottom);padding-bottom:var(--wp--preset--spacing--section-bottom)\">\n<div class=\"wp-block-columns alignwide mobile-reverse is-layout-flex wp-container-core-columns-is-layout-ca64bf2d wp-block-columns-is-layout-flex\" style=\"margin-bottom:var(--wp--preset--spacing--side-padding)\">\n<div class=\"wp-block-column is-vertically-aligned-center is-layout-flow wp-block-column-is-layout-flow\">\n<h3 class=\"wp-block-heading\" style=\"margin-bottom:var(--wp--preset--spacing--h-3-bottom)\">Jeu de barres Evolve Econ Series &#8211; Entra\u00eenement de force fiable pour votre salle de sport \u00e0 domicile<\/h3>\n\n\n\n<p style=\"margin-bottom:var(--wp--preset--spacing--tb-section-padding)\">L&rsquo;<strong>ensemble de barres Evolve Econ Series<\/strong> est con\u00e7u pour les amateurs de fitness \u00e0 la recherche d&rsquo;une solution de musculation abordable et de haute qualit\u00e9. Cet ensemble comprend la <strong>barre olympique<\/strong> durable <strong>Evolve Econ Series (220 cm \/ 20 kg)<\/strong>, les <strong>colliers de barre olympique Evolve<\/strong> s\u00e9curis\u00e9s et les <strong>plaques de poids en caoutchouc Evolve<\/strong> polyvalentes <strong>(1,25-25 kg)<\/strong>. Que vous construisiez une nouvelle salle de sport \u00e0 domicile ou que vous am\u00e9lioriez votre installation existante, cet ensemble offre des performances fiables pour diverses routines d&rsquo;entra\u00eenement musculaire.  <\/p>\n<\/div>\n\n\n\n<div class=\"wp-block-column is-vertically-aligned-center is-layout-flow wp-block-column-is-layout-flow\">\n<figure class=\"wp-block-image size-large is-style-rounded\"><img loading=\"lazy\" decoding=\"async\" width=\"1024\" height=\"683\" src=\"https:\/\/store.evolve-fitness.eu\/wp-content\/uploads\/2025\/05\/EV-WP-RB-1-1024x683.jpg\" alt=\"\" class=\"wp-image-128671\" srcset=\"https:\/\/store.evolve-fitness.eu\/wp-content\/uploads\/2025\/05\/EV-WP-RB-1-1024x683.jpg 1024w, https:\/\/store.evolve-fitness.eu\/wp-content\/uploads\/2025\/05\/EV-WP-RB-1-300x200.jpg 300w, https:\/\/store.evolve-fitness.eu\/wp-content\/uploads\/2025\/05\/EV-WP-RB-1-768x512.jpg 768w, https:\/\/store.evolve-fitness.eu\/wp-content\/uploads\/2025\/05\/EV-WP-RB-1-1536x1024.jpg 1536w, https:\/\/store.evolve-fitness.eu\/wp-content\/uploads\/2025\/05\/EV-WP-RB-1-2048x1365.jpg 2048w, https:\/\/store.evolve-fitness.eu\/wp-content\/uploads\/2025\/05\/EV-WP-RB-1-600x400.jpg 600w\" sizes=\"auto, (max-width: 1024px) 100vw, 1024px\" \/><\/figure>\n<\/div>\n<\/div>\n\n\n\n<div class=\"wp-block-columns alignwide is-layout-flex wp-container-core-columns-is-layout-c45ee707 wp-block-columns-is-layout-flex\" style=\"margin-bottom:var(--wp--preset--spacing--side-padding);padding-top:var(--wp--preset--spacing--side-padding)\">\n<div class=\"wp-block-column is-vertically-aligned-center is-layout-flow wp-block-column-is-layout-flow\">\n<figure class=\"wp-block-video\"><video height=\"2160\" style=\"aspect-ratio: 3840 \/ 2160;\" width=\"3840\" controls=\"\" src=\"https:\/\/store.evolve-fitness.eu\/wp-content\/uploads\/2025\/05\/EV-OB-CK-201-Evolve-Cerakote-Series-Olympic-Woman-201-cm-15-kg-1.mp4\"><\/video><\/figure>\n<\/div>\n\n\n\n<div class=\"wp-block-column is-vertically-aligned-center is-layout-flow wp-block-column-is-layout-flow\">\n<h3 class=\"wp-block-heading\" style=\"margin-bottom:var(--wp--preset--spacing--h-3-bottom)\">Durable et fonctionnelle &#8211; Econ Series Olympic Bar<\/h3>\n\n\n\n<p style=\"margin-bottom:var(--wp--preset--spacing--tb-section-padding)\">Le c\u0153ur de l&rsquo;ensemble est la <strong>barre olympique Evolve Econ Series<\/strong>, qui mesure 220 cm et p\u00e8se 20 kg. Fabriqu\u00e9e en acier de haute qualit\u00e9, elle offre une r\u00e9sistance et une long\u00e9vit\u00e9 fiables. La barre est dot\u00e9e d&rsquo;un moletage de profondeur moyenne pour une prise confortable et s\u00fbre, id\u00e9ale pour diverses techniques de levage. Sa construction robuste garantit la stabilit\u00e9 m\u00eame pendant les s\u00e9ances d&rsquo;entra\u00eenement de haute intensit\u00e9.   <\/p>\n<\/div>\n<\/div>\n\n\n\n<div class=\"wp-block-columns alignwide mobile-reverse is-layout-flex wp-container-core-columns-is-layout-ca64bf2d wp-block-columns-is-layout-flex\" style=\"margin-bottom:var(--wp--preset--spacing--side-padding)\">\n<div class=\"wp-block-column is-vertically-aligned-center is-layout-flow wp-block-column-is-layout-flow\">\n<h3 class=\"wp-block-heading\" style=\"margin-bottom:var(--wp--preset--spacing--h-3-bottom)\">Secure Lifting &#8211; Colliers pour barres olympiques<\/h3>\n\n\n\n<p style=\"margin-bottom:var(--wp--preset--spacing--tb-section-padding)\">Pour am\u00e9liorer la s\u00e9curit\u00e9 pendant le levage, l&rsquo;ensemble comprend des <strong>colliers de barre olympique Evolve<\/strong>. Ces colliers sont con\u00e7us pour bloquer solidement les plaques de poids en place, minimisant ainsi les mouvements et maintenant l&rsquo;\u00e9quilibre tout au long de votre entra\u00eenement. Rapides et faciles \u00e0 utiliser, ils ajoutent une couche de s\u00e9curit\u00e9 \u00e0 votre programme de musculation.  <\/p>\n<\/div>\n\n\n\n<div class=\"wp-block-column is-vertically-aligned-center is-layout-flow wp-block-column-is-layout-flow\">\n<figure class=\"wp-block-video\"><video height=\"1080\" style=\"aspect-ratio: 1920 \/ 1080;\" width=\"1920\" controls=\"\" src=\"https:\/\/store.evolve-fitness.eu\/wp-content\/uploads\/2025\/05\/EV-OC-CC-02-1.mp4\"><\/video><\/figure>\n<\/div>\n<\/div>\n\n\n\n<div class=\"wp-block-columns alignwide is-layout-flex wp-container-core-columns-is-layout-c45ee707 wp-block-columns-is-layout-flex\" style=\"margin-bottom:var(--wp--preset--spacing--side-padding);padding-top:var(--wp--preset--spacing--side-padding)\">\n<div class=\"wp-block-column is-vertically-aligned-center is-layout-flow wp-block-column-is-layout-flow\">\n<figure class=\"wp-block-image size-large is-style-rounded\"><img loading=\"lazy\" decoding=\"async\" width=\"1024\" height=\"683\" src=\"https:\/\/store.evolve-fitness.eu\/wp-content\/uploads\/2025\/05\/EV-WP-RB-11-1024x683.jpg\" alt=\"\" class=\"wp-image-128771\" srcset=\"https:\/\/store.evolve-fitness.eu\/wp-content\/uploads\/2025\/05\/EV-WP-RB-11-1024x683.jpg 1024w, https:\/\/store.evolve-fitness.eu\/wp-content\/uploads\/2025\/05\/EV-WP-RB-11-300x200.jpg 300w, https:\/\/store.evolve-fitness.eu\/wp-content\/uploads\/2025\/05\/EV-WP-RB-11-768x512.jpg 768w, https:\/\/store.evolve-fitness.eu\/wp-content\/uploads\/2025\/05\/EV-WP-RB-11-1536x1024.jpg 1536w, https:\/\/store.evolve-fitness.eu\/wp-content\/uploads\/2025\/05\/EV-WP-RB-11-2048x1365.jpg 2048w, https:\/\/store.evolve-fitness.eu\/wp-content\/uploads\/2025\/05\/EV-WP-RB-11-600x400.jpg 600w\" sizes=\"auto, (max-width: 1024px) 100vw, 1024px\" \/><\/figure>\n<\/div>\n\n\n\n<div class=\"wp-block-column is-vertically-aligned-center is-layout-flow wp-block-column-is-layout-flow\">\n<h3 class=\"wp-block-heading\" style=\"margin-bottom:var(--wp--preset--spacing--h-3-bottom)\">Polyvalentes et r\u00e9silientes &#8211; Plaques de poids en caoutchouc<\/h3>\n\n\n\n<p>L&rsquo;ensemble est livr\u00e9 avec des <strong>plaques de poids en caoutchouc Evolve<\/strong> allant de 1,25 \u00e0 25 kg, ce qui le rend adapt\u00e9 aux d\u00e9butants et aux halt\u00e9rophiles exp\u00e9riment\u00e9s. La construction en caoutchouc durable minimise le bruit et les dommages au sol, tandis que la conception moul\u00e9e avec pr\u00e9cision assure une r\u00e9partition stable et \u00e9quilibr\u00e9e des poids. Ces plaques sont id\u00e9ales pour divers exercices, notamment les squats, les soulev\u00e9s de terre et les d\u00e9velopp\u00e9s couch\u00e9s.  <\/p>\n<\/div>\n<\/div>\n\n\n\n<div class=\"wp-block-columns alignwide is-layout-flex wp-container-core-columns-is-layout-c45ee707 wp-block-columns-is-layout-flex\" style=\"margin-bottom:var(--wp--preset--spacing--side-padding);padding-top:var(--wp--preset--spacing--side-padding)\">\n<div class=\"wp-block-column is-vertically-aligned-center is-layout-flow wp-block-column-is-layout-flow\">\n<h3 class=\"wp-block-heading\" style=\"margin-bottom:var(--wp--preset--spacing--h-3-bottom)\">Am\u00e9liorez votre formation avec Evolve<\/h3>\n\n\n\n<p>L&rsquo;<strong>ensemble de barres Evolve Econ Series<\/strong> est con\u00e7u pour ceux qui recherchent la durabilit\u00e9, la fonctionnalit\u00e9 et un prix abordable pour leur \u00e9quipement de musculation. Gr\u00e2ce \u00e0 des composants de qualit\u00e9 et \u00e0 une conception r\u00e9fl\u00e9chie, cet ensemble vous aide \u00e0 maximiser vos performances et \u00e0 atteindre vos objectifs de remise en forme de mani\u00e8re efficace. <br\/><\/p>\n<\/div>\n\n\n\n<div class=\"wp-block-column is-vertically-aligned-center is-layout-flow wp-block-column-is-layout-flow\">\n<div class=\"wp-block-columns is-layout-flex wp-container-core-columns-is-layout-9d6595d7 wp-block-columns-is-layout-flex\">\n<div class=\"wp-block-column is-layout-flow wp-block-column-is-layout-flow\">\n<figure class=\"wp-block-image size-large is-style-rounded\"><img loading=\"lazy\" decoding=\"async\" width=\"1024\" height=\"683\" src=\"https:\/\/store.evolve-fitness.eu\/wp-content\/uploads\/2025\/05\/EV-WP-RB-6-1024x683.jpg\" alt=\"\" class=\"wp-image-128796\" srcset=\"https:\/\/store.evolve-fitness.eu\/wp-content\/uploads\/2025\/05\/EV-WP-RB-6-1024x683.jpg 1024w, https:\/\/store.evolve-fitness.eu\/wp-content\/uploads\/2025\/05\/EV-WP-RB-6-300x200.jpg 300w, https:\/\/store.evolve-fitness.eu\/wp-content\/uploads\/2025\/05\/EV-WP-RB-6-768x512.jpg 768w, https:\/\/store.evolve-fitness.eu\/wp-content\/uploads\/2025\/05\/EV-WP-RB-6-1536x1024.jpg 1536w, https:\/\/store.evolve-fitness.eu\/wp-content\/uploads\/2025\/05\/EV-WP-RB-6-2048x1365.jpg 2048w, https:\/\/store.evolve-fitness.eu\/wp-content\/uploads\/2025\/05\/EV-WP-RB-6-600x400.jpg 600w\" sizes=\"auto, (max-width: 1024px) 100vw, 1024px\" \/><\/figure>\n<\/div>\n<\/div>\n<\/div>\n<\/div>\n<\/section>\n<\/section>\n","protected":false},"excerpt":{"rendered":"<p>L&rsquo;ensemble de barres Evolve Econ Series est con\u00e7u pour les amateurs de fitness \u00e0 la recherche d&rsquo;une solution de musculation abordable et de haute qualit\u00e9. Cet ensemble comprend la barre olympique durable Evolve Econ Series (220 cm \/ 20 kg), les colliers de barre olympique Evolve s\u00e9curis\u00e9s et les plaques de poids en caoutchouc Evolve polyvalentes (1,25-25 kg). Que vous construisiez une nouvelle salle de sport \u00e0 domicile ou que vous am\u00e9lioriez votre installation existante, cet ensemble offre des performances fiables pour diverses routines d&rsquo;entra\u00eenement musculaire.<\/p>\n","protected":false},"featured_media":128654,"template":"","meta":{"_acf_changed":false,"inline_featured_image":false},"product_cat":[975,2181],"product_tag":[],"class_list":{"0":"post-129222","1":"product","2":"type-product","3":"status-publish","4":"has-post-thumbnail","6":"product_cat-poids-libres","7":"product_cat-bar-sets-fr","9":"first","10":"outofstock","11":"shipping-taxable","12":"purchasable","13":"product-type-variable"},"acf":[],"_links":{"self":[{"href":"https:\/\/store.evolve-fitness.eu\/fr\/wp-json\/wp\/v2\/product\/129222","targetHints":{"allow":["GET"]}}],"collection":[{"href":"https:\/\/store.evolve-fitness.eu\/fr\/wp-json\/wp\/v2\/product"}],"about":[{"href":"https:\/\/store.evolve-fitness.eu\/fr\/wp-json\/wp\/v2\/types\/product"}],"wp:featuredmedia":[{"embeddable":true,"href":"https:\/\/store.evolve-fitness.eu\/fr\/wp-json\/wp\/v2\/media\/128654"}],"wp:attachment":[{"href":"https:\/\/store.evolve-fitness.eu\/fr\/wp-json\/wp\/v2\/media?parent=129222"}],"wp:term":[{"taxonomy":"product_cat","embeddable":true,"href":"https:\/\/store.evolve-fitness.eu\/fr\/wp-json\/wp\/v2\/product_cat?post=129222"},{"taxonomy":"product_tag","embeddable":true,"href":"https:\/\/store.evolve-fitness.eu\/fr\/wp-json\/wp\/v2\/product_tag?post=129222"}],"curies":[{"name":"wp","href":"https:\/\/api.w.org\/{rel}","templated":true}]}}